{"id":4809,"date":"2024-03-26T08:43:16","date_gmt":"2024-03-26T08:43:16","guid":{"rendered":"https:\/\/s-shaper.com\/product\/s-shaper-tourmaline-bamboo-waist-belts\/"},"modified":"2025-05-20T01:10:37","modified_gmt":"2025-05-20T01:10:37","slug":"s-shaper-tourmaline-bamboo-waist-belts","status":"publish","type":"product","link":"https:\/\/s-shaper.com\/fr\/product\/s-shaper-tourmaline-bamboo-waist-belts\/","title":{"rendered":"Ceintures lombaires en bambou et tourmaline S-SHAPER"},"content":{"rendered":"<p><img decoding=\"async\" src=\"https:\/\/s-shaper.com\/wp-content\/uploads\/2024\/03\/B0439.jpg\" width=\"750\" height=\"auto\" alt=\"\" title=\"\"><\/p>","protected":false},"excerpt":{"rendered":"<p>Fabriqu\u00e9es avec pr\u00e9cision, ces ceintures de taille en bambou tourmaline permettent de modeler \u00e9l\u00e9gamment la taille et les contours de la r\u00e9gion abdominale, tout en favorisant le bien-\u00eatre gr\u00e2ce \u00e0 des fibres naturelles.<\/p>","protected":false},"featured_media":4708,"comment_status":"open","ping_status":"closed","template":"","meta":{"_acf_changed":false},"product_brand":[],"product_cat":[25,61],"product_tag":[40],"class_list":{"0":"post-4809","1":"product","2":"type-product","3":"status-publish","4":"has-post-thumbnail","6":"product_cat-t-shape","7":"product_cat-tummy","8":"product_tag-girdle","10":"first","11":"instock","12":"featured","13":"shipping-taxable","14":"purchasable","15":"product-type-simple"},"acf":[],"_links":{"self":[{"href":"https:\/\/s-shaper.com\/fr\/wp-json\/wp\/v2\/product\/4809","targetHints":{"allow":["GET"]}}],"collection":[{"href":"https:\/\/s-shaper.com\/fr\/wp-json\/wp\/v2\/product"}],"about":[{"href":"https:\/\/s-shaper.com\/fr\/wp-json\/wp\/v2\/types\/product"}],"replies":[{"embeddable":true,"href":"https:\/\/s-shaper.com\/fr\/wp-json\/wp\/v2\/comments?post=4809"}],"version-history":[{"count":8,"href":"https:\/\/s-shaper.com\/fr\/wp-json\/wp\/v2\/product\/4809\/revisions"}],"predecessor-version":[{"id":5301,"href":"https:\/\/s-shaper.com\/fr\/wp-json\/wp\/v2\/product\/4809\/revisions\/5301"}],"wp:featuredmedia":[{"embeddable":true,"href":"https:\/\/s-shaper.com\/fr\/wp-json\/wp\/v2\/media\/4708"}],"wp:attachment":[{"href":"https:\/\/s-shaper.com\/fr\/wp-json\/wp\/v2\/media?parent=4809"}],"wp:term":[{"taxonomy":"product_brand","embeddable":true,"href":"https:\/\/s-shaper.com\/fr\/wp-json\/wp\/v2\/product_brand?post=4809"},{"taxonomy":"product_cat","embeddable":true,"href":"https:\/\/s-shaper.com\/fr\/wp-json\/wp\/v2\/product_cat?post=4809"},{"taxonomy":"product_tag","embeddable":true,"href":"https:\/\/s-shaper.com\/fr\/wp-json\/wp\/v2\/product_tag?post=4809"}],"curies":[{"name":"wp","href":"https:\/\/api.w.org\/{rel}","templated":true}]}}