{"id":4802,"date":"2024-03-26T08:43:13","date_gmt":"2024-03-26T08:43:13","guid":{"rendered":"https:\/\/s-shaper.com\/product\/s-shaper-compression-high-waist-shorts\/"},"modified":"2024-03-27T01:13:59","modified_gmt":"2024-03-27T01:13:59","slug":"s-shaper-compression-high-waist-shorts","status":"publish","type":"product","link":"https:\/\/s-shaper.com\/fr\/product\/s-shaper-compression-high-waist-shorts\/","title":{"rendered":"Short taille haute a compression S-SHAPER"},"content":{"rendered":"<p><img decoding=\"async\" src=\"https:\/\/s-shaper.com\/wp-content\/uploads\/2024\/03\/SGS12.jpg\" width=\"750\" height=\"auto\" alt=\"\" title=\"\"><\/p>","protected":false},"excerpt":{"rendered":"<p>Pens\u00e9s pour l'excellence, ce shorty \u00e0 taille haute gainant offre un galbe cibl\u00e9 et un remodelage \u00e9l\u00e9gant, cr\u00e9ant une silhouette lisse et raffin\u00e9e.<\/p>","protected":false},"featured_media":4649,"comment_status":"open","ping_status":"closed","template":"","meta":{"_acf_changed":false},"product_brand":[],"product_cat":[55,27],"product_tag":[56],"class_list":{"0":"post-4802","1":"product","2":"type-product","3":"status-publish","4":"has-post-thumbnail","6":"product_cat-butt","7":"product_cat-hp-shape","8":"product_tag-panties","10":"first","11":"instock","12":"shipping-taxable","13":"purchasable","14":"product-type-simple"},"acf":[],"_links":{"self":[{"href":"https:\/\/s-shaper.com\/fr\/wp-json\/wp\/v2\/product\/4802","targetHints":{"allow":["GET"]}}],"collection":[{"href":"https:\/\/s-shaper.com\/fr\/wp-json\/wp\/v2\/product"}],"about":[{"href":"https:\/\/s-shaper.com\/fr\/wp-json\/wp\/v2\/types\/product"}],"replies":[{"embeddable":true,"href":"https:\/\/s-shaper.com\/fr\/wp-json\/wp\/v2\/comments?post=4802"}],"version-history":[{"count":6,"href":"https:\/\/s-shaper.com\/fr\/wp-json\/wp\/v2\/product\/4802\/revisions"}],"predecessor-version":[{"id":5294,"href":"https:\/\/s-shaper.com\/fr\/wp-json\/wp\/v2\/product\/4802\/revisions\/5294"}],"wp:featuredmedia":[{"embeddable":true,"href":"https:\/\/s-shaper.com\/fr\/wp-json\/wp\/v2\/media\/4649"}],"wp:attachment":[{"href":"https:\/\/s-shaper.com\/fr\/wp-json\/wp\/v2\/media?parent=4802"}],"wp:term":[{"taxonomy":"product_brand","embeddable":true,"href":"https:\/\/s-shaper.com\/fr\/wp-json\/wp\/v2\/product_brand?post=4802"},{"taxonomy":"product_cat","embeddable":true,"href":"https:\/\/s-shaper.com\/fr\/wp-json\/wp\/v2\/product_cat?post=4802"},{"taxonomy":"product_tag","embeddable":true,"href":"https:\/\/s-shaper.com\/fr\/wp-json\/wp\/v2\/product_tag?post=4802"}],"curies":[{"name":"wp","href":"https:\/\/api.w.org\/{rel}","templated":true}]}}