{"id":4801,"date":"2024-03-26T08:43:13","date_gmt":"2024-03-26T08:43:13","guid":{"rendered":"https:\/\/s-shaper.com\/product\/s-shaper-high-compression-knee-length-bodysuit\/"},"modified":"2024-03-27T01:13:59","modified_gmt":"2024-03-27T01:13:59","slug":"s-shaper-high-compression-knee-length-bodysuit","status":"publish","type":"product","link":"https:\/\/s-shaper.com\/fr\/product\/s-shaper-high-compression-knee-length-bodysuit\/","title":{"rendered":"Combinaison gainante haute compression S-SHAPER \u00e0 hauteur des genoux"},"content":{"rendered":"<p><img decoding=\"async\" src=\"https:\/\/s-shaper.com\/wp-content\/uploads\/2024\/03\/O03003.jpg\" width=\"750\" height=\"auto\" alt=\"\" title=\"\"><\/p>","protected":false},"excerpt":{"rendered":"<p>Con\u00e7u dans un souci de fonctionnalit\u00e9, ce body \u00e0 haute compression et longueur au genou sculpte et galbe \u00e9l\u00e9gamment votre silhouette pour une allure lisse et soign\u00e9e.<\/p>","protected":false},"featured_media":4642,"comment_status":"open","ping_status":"closed","template":"","meta":{"_acf_changed":false},"product_brand":[],"product_cat":[27,39],"product_tag":[40],"class_list":{"0":"post-4801","1":"product","2":"type-product","3":"status-publish","4":"has-post-thumbnail","6":"product_cat-hp-shape","7":"product_cat-short-length","8":"product_tag-girdle","10":"first","11":"instock","12":"shipping-taxable","13":"purchasable","14":"product-type-simple"},"acf":[],"_links":{"self":[{"href":"https:\/\/s-shaper.com\/fr\/wp-json\/wp\/v2\/product\/4801","targetHints":{"allow":["GET"]}}],"collection":[{"href":"https:\/\/s-shaper.com\/fr\/wp-json\/wp\/v2\/product"}],"about":[{"href":"https:\/\/s-shaper.com\/fr\/wp-json\/wp\/v2\/types\/product"}],"replies":[{"embeddable":true,"href":"https:\/\/s-shaper.com\/fr\/wp-json\/wp\/v2\/comments?post=4801"}],"version-history":[{"count":6,"href":"https:\/\/s-shaper.com\/fr\/wp-json\/wp\/v2\/product\/4801\/revisions"}],"predecessor-version":[{"id":5293,"href":"https:\/\/s-shaper.com\/fr\/wp-json\/wp\/v2\/product\/4801\/revisions\/5293"}],"wp:featuredmedia":[{"embeddable":true,"href":"https:\/\/s-shaper.com\/fr\/wp-json\/wp\/v2\/media\/4642"}],"wp:attachment":[{"href":"https:\/\/s-shaper.com\/fr\/wp-json\/wp\/v2\/media?parent=4801"}],"wp:term":[{"taxonomy":"product_brand","embeddable":true,"href":"https:\/\/s-shaper.com\/fr\/wp-json\/wp\/v2\/product_brand?post=4801"},{"taxonomy":"product_cat","embeddable":true,"href":"https:\/\/s-shaper.com\/fr\/wp-json\/wp\/v2\/product_cat?post=4801"},{"taxonomy":"product_tag","embeddable":true,"href":"https:\/\/s-shaper.com\/fr\/wp-json\/wp\/v2\/product_tag?post=4801"}],"curies":[{"name":"wp","href":"https:\/\/api.w.org\/{rel}","templated":true}]}}