{"id":4798,"date":"2024-03-26T08:43:13","date_gmt":"2024-03-26T08:43:13","guid":{"rendered":"https:\/\/s-shaper.com\/product\/s-shaper-high-waist-shaping-hip-compression-briefs\/"},"modified":"2024-03-27T01:13:58","modified_gmt":"2024-03-27T01:13:58","slug":"s-shaper-high-waist-shaping-hip-compression-briefs","status":"publish","type":"product","link":"https:\/\/s-shaper.com\/fr\/product\/s-shaper-high-waist-shaping-hip-compression-briefs\/","title":{"rendered":"Slip minceur taille haute et gainant pour les hanches S-SHAPER"},"content":{"rendered":"<p><img decoding=\"async\" src=\"https:\/\/s-shaper.com\/wp-content\/uploads\/2024\/03\/O02001.jpg\" width=\"750\" height=\"auto\" alt=\"\" title=\"\"><\/p>","protected":false},"excerpt":{"rendered":"<p>Con\u00e7ue dans un souci d'esth\u00e9tique moderne, cette culotte de compression taille haute galbe et met en valeur vos hanches, cr\u00e9ant une silhouette flatteuse et \u00e9l\u00e9gante.<\/p>","protected":false},"featured_media":4622,"comment_status":"open","ping_status":"closed","template":"","meta":{"_acf_changed":false},"product_brand":[],"product_cat":[27,61],"product_tag":[40],"class_list":{"0":"post-4798","1":"product","2":"type-product","3":"status-publish","4":"has-post-thumbnail","6":"product_cat-hp-shape","7":"product_cat-tummy","8":"product_tag-girdle","10":"first","11":"instock","12":"shipping-taxable","13":"purchasable","14":"product-type-simple"},"acf":[],"_links":{"self":[{"href":"https:\/\/s-shaper.com\/fr\/wp-json\/wp\/v2\/product\/4798","targetHints":{"allow":["GET"]}}],"collection":[{"href":"https:\/\/s-shaper.com\/fr\/wp-json\/wp\/v2\/product"}],"about":[{"href":"https:\/\/s-shaper.com\/fr\/wp-json\/wp\/v2\/types\/product"}],"replies":[{"embeddable":true,"href":"https:\/\/s-shaper.com\/fr\/wp-json\/wp\/v2\/comments?post=4798"}],"version-history":[{"count":6,"href":"https:\/\/s-shaper.com\/fr\/wp-json\/wp\/v2\/product\/4798\/revisions"}],"predecessor-version":[{"id":5290,"href":"https:\/\/s-shaper.com\/fr\/wp-json\/wp\/v2\/product\/4798\/revisions\/5290"}],"wp:featuredmedia":[{"embeddable":true,"href":"https:\/\/s-shaper.com\/fr\/wp-json\/wp\/v2\/media\/4622"}],"wp:attachment":[{"href":"https:\/\/s-shaper.com\/fr\/wp-json\/wp\/v2\/media?parent=4798"}],"wp:term":[{"taxonomy":"product_brand","embeddable":true,"href":"https:\/\/s-shaper.com\/fr\/wp-json\/wp\/v2\/product_brand?post=4798"},{"taxonomy":"product_cat","embeddable":true,"href":"https:\/\/s-shaper.com\/fr\/wp-json\/wp\/v2\/product_cat?post=4798"},{"taxonomy":"product_tag","embeddable":true,"href":"https:\/\/s-shaper.com\/fr\/wp-json\/wp\/v2\/product_tag?post=4798"}],"curies":[{"name":"wp","href":"https:\/\/api.w.org\/{rel}","templated":true}]}}