{"id":4796,"date":"2024-03-26T08:43:12","date_gmt":"2024-03-26T08:43:12","guid":{"rendered":"https:\/\/s-shaper.com\/product\/s-shaper-womens-compression-pantyhose\/"},"modified":"2024-03-27T01:13:58","modified_gmt":"2024-03-27T01:13:58","slug":"s-shaper-womens-compression-pantyhose","status":"publish","type":"product","link":"https:\/\/s-shaper.com\/fr\/product\/s-shaper-womens-compression-pantyhose\/","title":{"rendered":"Collants de compression S-SHAPER pour femmes."},"content":{"rendered":"<p><img decoding=\"async\" src=\"https:\/\/s-shaper.com\/wp-content\/uploads\/2024\/03\/T0123.jpg\" width=\"750\" height=\"auto\" alt=\"\" title=\"\"><\/p>","protected":false},"excerpt":{"rendered":"<p>Con\u00e7us pour l'excellence, ces collants de compression galbent et lissent \u00e9l\u00e9gamment vos jambes, offrant un soutien optimal et une silhouette \u00e9l\u00e9gante.<\/p>","protected":false},"featured_media":4602,"comment_status":"open","ping_status":"closed","template":"","meta":{"_acf_changed":false},"product_brand":[],"product_cat":[55,54],"product_tag":[66],"class_list":{"0":"post-4796","1":"product","2":"type-product","3":"status-publish","4":"has-post-thumbnail","6":"product_cat-butt","7":"product_cat-c-shape","8":"product_tag-hosiery","10":"first","11":"instock","12":"shipping-taxable","13":"purchasable","14":"product-type-simple"},"acf":[],"_links":{"self":[{"href":"https:\/\/s-shaper.com\/fr\/wp-json\/wp\/v2\/product\/4796","targetHints":{"allow":["GET"]}}],"collection":[{"href":"https:\/\/s-shaper.com\/fr\/wp-json\/wp\/v2\/product"}],"about":[{"href":"https:\/\/s-shaper.com\/fr\/wp-json\/wp\/v2\/types\/product"}],"replies":[{"embeddable":true,"href":"https:\/\/s-shaper.com\/fr\/wp-json\/wp\/v2\/comments?post=4796"}],"version-history":[{"count":6,"href":"https:\/\/s-shaper.com\/fr\/wp-json\/wp\/v2\/product\/4796\/revisions"}],"predecessor-version":[{"id":5288,"href":"https:\/\/s-shaper.com\/fr\/wp-json\/wp\/v2\/product\/4796\/revisions\/5288"}],"wp:featuredmedia":[{"embeddable":true,"href":"https:\/\/s-shaper.com\/fr\/wp-json\/wp\/v2\/media\/4602"}],"wp:attachment":[{"href":"https:\/\/s-shaper.com\/fr\/wp-json\/wp\/v2\/media?parent=4796"}],"wp:term":[{"taxonomy":"product_brand","embeddable":true,"href":"https:\/\/s-shaper.com\/fr\/wp-json\/wp\/v2\/product_brand?post=4796"},{"taxonomy":"product_cat","embeddable":true,"href":"https:\/\/s-shaper.com\/fr\/wp-json\/wp\/v2\/product_cat?post=4796"},{"taxonomy":"product_tag","embeddable":true,"href":"https:\/\/s-shaper.com\/fr\/wp-json\/wp\/v2\/product_tag?post=4796"}],"curies":[{"name":"wp","href":"https:\/\/api.w.org\/{rel}","templated":true}]}}