{"id":4791,"date":"2024-03-26T08:43:07","date_gmt":"2024-03-26T08:43:07","guid":{"rendered":"https:\/\/s-shaper.com\/product\/s-shaper-seamless-panel-camisole-panties-bodysuit\/"},"modified":"2024-03-27T01:13:54","modified_gmt":"2024-03-27T01:13:54","slug":"s-shaper-seamless-panel-camisole-panties-bodysuit","status":"publish","type":"product","link":"https:\/\/s-shaper.com\/fr\/product\/s-shaper-seamless-panel-camisole-panties-bodysuit\/","title":{"rendered":"S-SHAPER Seamless Panel Camisole Panties Bodysuit"},"content":{"rendered":"<p><img decoding=\"async\" src=\"https:\/\/s-shaper.com\/wp-content\/uploads\/2024\/03\/S0236.jpg\" width=\"750\" height=\"auto\" alt=\"\" title=\"\"><\/p>","protected":false},"excerpt":{"rendered":"<p>Fabriqu\u00e9 avec pr\u00e9cision, ce body sans coutures est dot\u00e9 d'un caraco et d'une culotte couvrante, sculptant \u00e9l\u00e9gamment votre silhouette de haut en bas pour une silhouette lisse et soign\u00e9e.<\/p>","protected":false},"featured_media":4558,"comment_status":"open","ping_status":"closed","template":"","meta":{"_acf_changed":false},"product_brand":[],"product_cat":[54,58],"product_tag":[36],"class_list":{"0":"post-4791","1":"product","2":"type-product","3":"status-publish","4":"has-post-thumbnail","6":"product_cat-c-shape","7":"product_cat-full-body","8":"product_tag-bodysuits","10":"first","11":"instock","12":"shipping-taxable","13":"purchasable","14":"product-type-simple"},"acf":[],"_links":{"self":[{"href":"https:\/\/s-shaper.com\/fr\/wp-json\/wp\/v2\/product\/4791","targetHints":{"allow":["GET"]}}],"collection":[{"href":"https:\/\/s-shaper.com\/fr\/wp-json\/wp\/v2\/product"}],"about":[{"href":"https:\/\/s-shaper.com\/fr\/wp-json\/wp\/v2\/types\/product"}],"replies":[{"embeddable":true,"href":"https:\/\/s-shaper.com\/fr\/wp-json\/wp\/v2\/comments?post=4791"}],"version-history":[{"count":6,"href":"https:\/\/s-shaper.com\/fr\/wp-json\/wp\/v2\/product\/4791\/revisions"}],"predecessor-version":[{"id":5283,"href":"https:\/\/s-shaper.com\/fr\/wp-json\/wp\/v2\/product\/4791\/revisions\/5283"}],"wp:featuredmedia":[{"embeddable":true,"href":"https:\/\/s-shaper.com\/fr\/wp-json\/wp\/v2\/media\/4558"}],"wp:attachment":[{"href":"https:\/\/s-shaper.com\/fr\/wp-json\/wp\/v2\/media?parent=4791"}],"wp:term":[{"taxonomy":"product_brand","embeddable":true,"href":"https:\/\/s-shaper.com\/fr\/wp-json\/wp\/v2\/product_brand?post=4791"},{"taxonomy":"product_cat","embeddable":true,"href":"https:\/\/s-shaper.com\/fr\/wp-json\/wp\/v2\/product_cat?post=4791"},{"taxonomy":"product_tag","embeddable":true,"href":"https:\/\/s-shaper.com\/fr\/wp-json\/wp\/v2\/product_tag?post=4791"}],"curies":[{"name":"wp","href":"https:\/\/api.w.org\/{rel}","templated":true}]}}