{"id":4784,"date":"2024-03-26T08:43:05","date_gmt":"2024-03-26T08:43:05","guid":{"rendered":"https:\/\/s-shaper.com\/product\/s-shaper-high-waisted-shapewear-shorts\/"},"modified":"2024-03-27T01:13:52","modified_gmt":"2024-03-27T01:13:52","slug":"s-shaper-high-waisted-shapewear-shorts","status":"publish","type":"product","link":"https:\/\/s-shaper.com\/fr\/product\/s-shaper-high-waisted-shapewear-shorts\/","title":{"rendered":"Shorts de mise en forme taille haute S-SHAPER"},"content":{"rendered":"<p><img decoding=\"async\" src=\"https:\/\/s-shaper.com\/wp-content\/uploads\/2024\/03\/KZS00089.jpg\" width=\"750\" height=\"auto\" alt=\"\" title=\"\"><\/p>","protected":false},"excerpt":{"rendered":"<p>Con\u00e7us pour l'excellence, ces shorts \u00e0 taille haute sculptent et galbent \u00e9l\u00e9gamment le bas du corps, cr\u00e9ant une silhouette \u00e9l\u00e9gante et raffin\u00e9e avec une couverture confortable.<\/p>","protected":false},"featured_media":4489,"comment_status":"open","ping_status":"closed","template":"","meta":{"_acf_changed":false},"product_brand":[],"product_cat":[54,39],"product_tag":[40],"class_list":{"0":"post-4784","1":"product","2":"type-product","3":"status-publish","4":"has-post-thumbnail","6":"product_cat-c-shape","7":"product_cat-short-length","8":"product_tag-girdle","10":"first","11":"instock","12":"shipping-taxable","13":"purchasable","14":"product-type-simple"},"acf":[],"_links":{"self":[{"href":"https:\/\/s-shaper.com\/fr\/wp-json\/wp\/v2\/product\/4784","targetHints":{"allow":["GET"]}}],"collection":[{"href":"https:\/\/s-shaper.com\/fr\/wp-json\/wp\/v2\/product"}],"about":[{"href":"https:\/\/s-shaper.com\/fr\/wp-json\/wp\/v2\/types\/product"}],"replies":[{"embeddable":true,"href":"https:\/\/s-shaper.com\/fr\/wp-json\/wp\/v2\/comments?post=4784"}],"version-history":[{"count":6,"href":"https:\/\/s-shaper.com\/fr\/wp-json\/wp\/v2\/product\/4784\/revisions"}],"predecessor-version":[{"id":5276,"href":"https:\/\/s-shaper.com\/fr\/wp-json\/wp\/v2\/product\/4784\/revisions\/5276"}],"wp:featuredmedia":[{"embeddable":true,"href":"https:\/\/s-shaper.com\/fr\/wp-json\/wp\/v2\/media\/4489"}],"wp:attachment":[{"href":"https:\/\/s-shaper.com\/fr\/wp-json\/wp\/v2\/media?parent=4784"}],"wp:term":[{"taxonomy":"product_brand","embeddable":true,"href":"https:\/\/s-shaper.com\/fr\/wp-json\/wp\/v2\/product_brand?post=4784"},{"taxonomy":"product_cat","embeddable":true,"href":"https:\/\/s-shaper.com\/fr\/wp-json\/wp\/v2\/product_cat?post=4784"},{"taxonomy":"product_tag","embeddable":true,"href":"https:\/\/s-shaper.com\/fr\/wp-json\/wp\/v2\/product_tag?post=4784"}],"curies":[{"name":"wp","href":"https:\/\/api.w.org\/{rel}","templated":true}]}}