{"id":4771,"date":"2024-03-26T08:43:00","date_gmt":"2024-03-26T08:43:00","guid":{"rendered":"https:\/\/s-shaper.com\/product\/s-shaper-traceless-panel-waist-belly-shapewear\/"},"modified":"2024-03-27T01:13:49","modified_gmt":"2024-03-27T01:13:49","slug":"s-shaper-traceless-panel-waist-belly-shapewear","status":"publish","type":"product","link":"https:\/\/s-shaper.com\/fr\/product\/s-shaper-traceless-panel-waist-belly-shapewear\/","title":{"rendered":"S-SHAPER Panneau invisible, serre-taille"},"content":{"rendered":"<p><img decoding=\"async\" src=\"https:\/\/s-shaper.com\/wp-content\/uploads\/2024\/03\/SKW01.jpg\" width=\"750\" height=\"auto\" alt=\"\" title=\"\"><\/p>","protected":false},"excerpt":{"rendered":"<p>Con\u00e7ue dans un souci d'esth\u00e9tique moderne, cette culotte de protection est dot\u00e9e d'un panneau sans trace, qui permet de modeler la taille et le ventre de mani\u00e8re cibl\u00e9e, sans lignes visibles, pour une esth\u00e9tique lisse et soign\u00e9e.<\/p>","protected":false},"featured_media":4350,"comment_status":"open","ping_status":"closed","template":"","meta":{"_acf_changed":false},"product_brand":[],"product_cat":[54,65],"product_tag":[40],"class_list":{"0":"post-4771","1":"product","2":"type-product","3":"status-publish","4":"has-post-thumbnail","6":"product_cat-c-shape","7":"product_cat-waist","8":"product_tag-girdle","10":"first","11":"instock","12":"shipping-taxable","13":"purchasable","14":"product-type-simple"},"acf":[],"_links":{"self":[{"href":"https:\/\/s-shaper.com\/fr\/wp-json\/wp\/v2\/product\/4771","targetHints":{"allow":["GET"]}}],"collection":[{"href":"https:\/\/s-shaper.com\/fr\/wp-json\/wp\/v2\/product"}],"about":[{"href":"https:\/\/s-shaper.com\/fr\/wp-json\/wp\/v2\/types\/product"}],"replies":[{"embeddable":true,"href":"https:\/\/s-shaper.com\/fr\/wp-json\/wp\/v2\/comments?post=4771"}],"version-history":[{"count":6,"href":"https:\/\/s-shaper.com\/fr\/wp-json\/wp\/v2\/product\/4771\/revisions"}],"predecessor-version":[{"id":5263,"href":"https:\/\/s-shaper.com\/fr\/wp-json\/wp\/v2\/product\/4771\/revisions\/5263"}],"wp:featuredmedia":[{"embeddable":true,"href":"https:\/\/s-shaper.com\/fr\/wp-json\/wp\/v2\/media\/4350"}],"wp:attachment":[{"href":"https:\/\/s-shaper.com\/fr\/wp-json\/wp\/v2\/media?parent=4771"}],"wp:term":[{"taxonomy":"product_brand","embeddable":true,"href":"https:\/\/s-shaper.com\/fr\/wp-json\/wp\/v2\/product_brand?post=4771"},{"taxonomy":"product_cat","embeddable":true,"href":"https:\/\/s-shaper.com\/fr\/wp-json\/wp\/v2\/product_cat?post=4771"},{"taxonomy":"product_tag","embeddable":true,"href":"https:\/\/s-shaper.com\/fr\/wp-json\/wp\/v2\/product_tag?post=4771"}],"curies":[{"name":"wp","href":"https:\/\/api.w.org\/{rel}","templated":true}]}}