{"id":4768,"date":"2024-03-26T08:42:59","date_gmt":"2024-03-26T08:42:59","guid":{"rendered":"https:\/\/s-shaper.com\/product\/s-shaper-seamless-high-waist-shorts\/"},"modified":"2024-03-27T01:13:48","modified_gmt":"2024-03-27T01:13:48","slug":"s-shaper-seamless-high-waist-shorts","status":"publish","type":"product","link":"https:\/\/s-shaper.com\/fr\/product\/s-shaper-seamless-high-waist-shorts\/","title":{"rendered":"Shorts taille haute sans couture S-SHAPER"},"content":{"rendered":"<p><img decoding=\"async\" src=\"https:\/\/s-shaper.com\/wp-content\/uploads\/2024\/03\/O02987.jpg\" width=\"750\" height=\"auto\" alt=\"\" title=\"\"><\/p>","protected":false},"excerpt":{"rendered":"<p>Con\u00e7u dans un souci de fonctionnalit\u00e9, ce short sans couture \u00e0 taille haute sculpte et galbe \u00e9l\u00e9gamment le bas du corps, offrant une couverture confortable et une silhouette \u00e9l\u00e9gante.<\/p>","protected":false},"featured_media":4327,"comment_status":"open","ping_status":"closed","template":"","meta":{"_acf_changed":false},"product_brand":[],"product_cat":[55,54],"product_tag":[40],"class_list":{"0":"post-4768","1":"product","2":"type-product","3":"status-publish","4":"has-post-thumbnail","6":"product_cat-butt","7":"product_cat-c-shape","8":"product_tag-girdle","10":"first","11":"instock","12":"shipping-taxable","13":"purchasable","14":"product-type-simple"},"acf":[],"_links":{"self":[{"href":"https:\/\/s-shaper.com\/fr\/wp-json\/wp\/v2\/product\/4768","targetHints":{"allow":["GET"]}}],"collection":[{"href":"https:\/\/s-shaper.com\/fr\/wp-json\/wp\/v2\/product"}],"about":[{"href":"https:\/\/s-shaper.com\/fr\/wp-json\/wp\/v2\/types\/product"}],"replies":[{"embeddable":true,"href":"https:\/\/s-shaper.com\/fr\/wp-json\/wp\/v2\/comments?post=4768"}],"version-history":[{"count":6,"href":"https:\/\/s-shaper.com\/fr\/wp-json\/wp\/v2\/product\/4768\/revisions"}],"predecessor-version":[{"id":5260,"href":"https:\/\/s-shaper.com\/fr\/wp-json\/wp\/v2\/product\/4768\/revisions\/5260"}],"wp:featuredmedia":[{"embeddable":true,"href":"https:\/\/s-shaper.com\/fr\/wp-json\/wp\/v2\/media\/4327"}],"wp:attachment":[{"href":"https:\/\/s-shaper.com\/fr\/wp-json\/wp\/v2\/media?parent=4768"}],"wp:term":[{"taxonomy":"product_brand","embeddable":true,"href":"https:\/\/s-shaper.com\/fr\/wp-json\/wp\/v2\/product_brand?post=4768"},{"taxonomy":"product_cat","embeddable":true,"href":"https:\/\/s-shaper.com\/fr\/wp-json\/wp\/v2\/product_cat?post=4768"},{"taxonomy":"product_tag","embeddable":true,"href":"https:\/\/s-shaper.com\/fr\/wp-json\/wp\/v2\/product_tag?post=4768"}],"curies":[{"name":"wp","href":"https:\/\/api.w.org\/{rel}","templated":true}]}}