{"id":4761,"date":"2024-03-26T08:42:54","date_gmt":"2024-03-26T08:42:54","guid":{"rendered":"https:\/\/s-shaper.com\/product\/s-shaper-high-waist-mesh-shaper-shorts\/"},"modified":"2024-03-27T01:13:43","modified_gmt":"2024-03-27T01:13:43","slug":"s-shaper-high-waist-mesh-shaper-shorts","status":"publish","type":"product","link":"https:\/\/s-shaper.com\/fr\/product\/s-shaper-high-waist-mesh-shaper-shorts\/","title":{"rendered":"S-SHAPER Short galbant en maille taille haute"},"content":{"rendered":"<p><img decoding=\"async\" src=\"https:\/\/s-shaper.com\/wp-content\/uploads\/2024\/03\/SS523.jpg\" width=\"750\" height=\"auto\" alt=\"\" title=\"\"><\/p>","protected":false},"excerpt":{"rendered":"<p>Con\u00e7u pour l'excellence, ce short en maille \u00e0 taille haute offre des capacit\u00e9s de mise en forme et une conception respirante, sculptant \u00e9l\u00e9gamment votre silhouette pour un look flatteur et raffin\u00e9 pendant les s\u00e9ances d'entra\u00eenement ou au quotidien.<\/p>","protected":false},"featured_media":4246,"comment_status":"open","ping_status":"closed","template":"","meta":{"_acf_changed":false},"product_brand":[],"product_cat":[54,61],"product_tag":[56],"class_list":{"0":"post-4761","1":"product","2":"type-product","3":"status-publish","4":"has-post-thumbnail","6":"product_cat-c-shape","7":"product_cat-tummy","8":"product_tag-panties","10":"first","11":"instock","12":"shipping-taxable","13":"purchasable","14":"product-type-simple"},"acf":[],"_links":{"self":[{"href":"https:\/\/s-shaper.com\/fr\/wp-json\/wp\/v2\/product\/4761","targetHints":{"allow":["GET"]}}],"collection":[{"href":"https:\/\/s-shaper.com\/fr\/wp-json\/wp\/v2\/product"}],"about":[{"href":"https:\/\/s-shaper.com\/fr\/wp-json\/wp\/v2\/types\/product"}],"replies":[{"embeddable":true,"href":"https:\/\/s-shaper.com\/fr\/wp-json\/wp\/v2\/comments?post=4761"}],"version-history":[{"count":6,"href":"https:\/\/s-shaper.com\/fr\/wp-json\/wp\/v2\/product\/4761\/revisions"}],"predecessor-version":[{"id":5253,"href":"https:\/\/s-shaper.com\/fr\/wp-json\/wp\/v2\/product\/4761\/revisions\/5253"}],"wp:featuredmedia":[{"embeddable":true,"href":"https:\/\/s-shaper.com\/fr\/wp-json\/wp\/v2\/media\/4246"}],"wp:attachment":[{"href":"https:\/\/s-shaper.com\/fr\/wp-json\/wp\/v2\/media?parent=4761"}],"wp:term":[{"taxonomy":"product_brand","embeddable":true,"href":"https:\/\/s-shaper.com\/fr\/wp-json\/wp\/v2\/product_brand?post=4761"},{"taxonomy":"product_cat","embeddable":true,"href":"https:\/\/s-shaper.com\/fr\/wp-json\/wp\/v2\/product_cat?post=4761"},{"taxonomy":"product_tag","embeddable":true,"href":"https:\/\/s-shaper.com\/fr\/wp-json\/wp\/v2\/product_tag?post=4761"}],"curies":[{"name":"wp","href":"https:\/\/api.w.org\/{rel}","templated":true}]}}