{"id":4760,"date":"2024-03-26T08:42:54","date_gmt":"2024-03-26T08:42:54","guid":{"rendered":"https:\/\/s-shaper.com\/product\/s-shaper-empower-mesh-shaper-panty\/"},"modified":"2024-03-27T01:13:43","modified_gmt":"2024-03-27T01:13:43","slug":"s-shaper-empower-mesh-shaper-panty","status":"publish","type":"product","link":"https:\/\/s-shaper.com\/fr\/product\/s-shaper-empower-mesh-shaper-panty\/","title":{"rendered":"Culotte \u00e0 effet galbant S-SHAPER Empower Mesh Shaper"},"content":{"rendered":"<p><img decoding=\"async\" src=\"https:\/\/s-shaper.com\/wp-content\/uploads\/2024\/03\/SSS21.jpg\" width=\"750\" height=\"auto\" alt=\"\" title=\"\"><\/p>","protected":false},"excerpt":{"rendered":"<p>Con\u00e7u en tenant compte des esth\u00e9tiques modernes, ce panty sculptant en maille \u00e9pouse \u00e9l\u00e9gamment votre bas du corps, offrant \u00e0 la fois style et modelage pour une silhouette affirm\u00e9e et raffin\u00e9e.<\/p>","protected":false},"featured_media":4233,"comment_status":"open","ping_status":"closed","template":"","meta":{"_acf_changed":false},"product_brand":[],"product_cat":[55,54],"product_tag":[56],"class_list":{"0":"post-4760","1":"product","2":"type-product","3":"status-publish","4":"has-post-thumbnail","6":"product_cat-butt","7":"product_cat-c-shape","8":"product_tag-panties","10":"first","11":"instock","12":"shipping-taxable","13":"purchasable","14":"product-type-simple"},"acf":[],"_links":{"self":[{"href":"https:\/\/s-shaper.com\/fr\/wp-json\/wp\/v2\/product\/4760","targetHints":{"allow":["GET"]}}],"collection":[{"href":"https:\/\/s-shaper.com\/fr\/wp-json\/wp\/v2\/product"}],"about":[{"href":"https:\/\/s-shaper.com\/fr\/wp-json\/wp\/v2\/types\/product"}],"replies":[{"embeddable":true,"href":"https:\/\/s-shaper.com\/fr\/wp-json\/wp\/v2\/comments?post=4760"}],"version-history":[{"count":6,"href":"https:\/\/s-shaper.com\/fr\/wp-json\/wp\/v2\/product\/4760\/revisions"}],"predecessor-version":[{"id":5252,"href":"https:\/\/s-shaper.com\/fr\/wp-json\/wp\/v2\/product\/4760\/revisions\/5252"}],"wp:featuredmedia":[{"embeddable":true,"href":"https:\/\/s-shaper.com\/fr\/wp-json\/wp\/v2\/media\/4233"}],"wp:attachment":[{"href":"https:\/\/s-shaper.com\/fr\/wp-json\/wp\/v2\/media?parent=4760"}],"wp:term":[{"taxonomy":"product_brand","embeddable":true,"href":"https:\/\/s-shaper.com\/fr\/wp-json\/wp\/v2\/product_brand?post=4760"},{"taxonomy":"product_cat","embeddable":true,"href":"https:\/\/s-shaper.com\/fr\/wp-json\/wp\/v2\/product_cat?post=4760"},{"taxonomy":"product_tag","embeddable":true,"href":"https:\/\/s-shaper.com\/fr\/wp-json\/wp\/v2\/product_tag?post=4760"}],"curies":[{"name":"wp","href":"https:\/\/api.w.org\/{rel}","templated":true}]}}