{"id":4758,"date":"2024-03-26T08:42:53","date_gmt":"2024-03-26T08:42:53","guid":{"rendered":"https:\/\/s-shaper.com\/product\/s-shaper-plus-size-bra-with-back-hooks\/"},"modified":"2024-03-27T01:13:42","modified_gmt":"2024-03-27T01:13:42","slug":"s-shaper-plus-size-bra-with-back-hooks","status":"publish","type":"product","link":"https:\/\/s-shaper.com\/fr\/product\/s-shaper-plus-size-bra-with-back-hooks\/","title":{"rendered":"Soutien-gorge grande taille S-SHAPER avec crochets dans le dos."},"content":{"rendered":"<p><img decoding=\"async\" src=\"https:\/\/s-shaper.com\/wp-content\/uploads\/2024\/03\/STOP01.jpg\" width=\"750\" height=\"auto\" alt=\"\" title=\"\"><\/p>","protected":false},"excerpt":{"rendered":"<p>Con\u00e7u pour l'excellence, ce soutien-gorge grande taille avec fermetures \u00e0 crochets au dos offre un soutien optimal et un modelage \u00e9l\u00e9gant pour les poitrines plus g\u00e9n\u00e9reuses, cr\u00e9ant une silhouette lisse et \u00e9l\u00e9gante.<\/p>","protected":false},"featured_media":4214,"comment_status":"open","ping_status":"closed","template":"","meta":{"_acf_changed":false},"product_brand":[],"product_cat":[30,54],"product_tag":[33],"class_list":{"0":"post-4758","1":"product","2":"type-product","3":"status-publish","4":"has-post-thumbnail","6":"product_cat-bra-tops","7":"product_cat-c-shape","8":"product_tag-bra","10":"first","11":"instock","12":"shipping-taxable","13":"purchasable","14":"product-type-simple"},"acf":[],"_links":{"self":[{"href":"https:\/\/s-shaper.com\/fr\/wp-json\/wp\/v2\/product\/4758","targetHints":{"allow":["GET"]}}],"collection":[{"href":"https:\/\/s-shaper.com\/fr\/wp-json\/wp\/v2\/product"}],"about":[{"href":"https:\/\/s-shaper.com\/fr\/wp-json\/wp\/v2\/types\/product"}],"replies":[{"embeddable":true,"href":"https:\/\/s-shaper.com\/fr\/wp-json\/wp\/v2\/comments?post=4758"}],"version-history":[{"count":6,"href":"https:\/\/s-shaper.com\/fr\/wp-json\/wp\/v2\/product\/4758\/revisions"}],"predecessor-version":[{"id":5250,"href":"https:\/\/s-shaper.com\/fr\/wp-json\/wp\/v2\/product\/4758\/revisions\/5250"}],"wp:featuredmedia":[{"embeddable":true,"href":"https:\/\/s-shaper.com\/fr\/wp-json\/wp\/v2\/media\/4214"}],"wp:attachment":[{"href":"https:\/\/s-shaper.com\/fr\/wp-json\/wp\/v2\/media?parent=4758"}],"wp:term":[{"taxonomy":"product_brand","embeddable":true,"href":"https:\/\/s-shaper.com\/fr\/wp-json\/wp\/v2\/product_brand?post=4758"},{"taxonomy":"product_cat","embeddable":true,"href":"https:\/\/s-shaper.com\/fr\/wp-json\/wp\/v2\/product_cat?post=4758"},{"taxonomy":"product_tag","embeddable":true,"href":"https:\/\/s-shaper.com\/fr\/wp-json\/wp\/v2\/product_tag?post=4758"}],"curies":[{"name":"wp","href":"https:\/\/api.w.org\/{rel}","templated":true}]}}