{"id":4749,"date":"2024-03-26T08:42:50","date_gmt":"2024-03-26T08:42:50","guid":{"rendered":"https:\/\/s-shaper.com\/product\/s-shaper-seamless-sculpt-thong-bodysuit\/"},"modified":"2024-03-27T01:13:40","modified_gmt":"2024-03-27T01:13:40","slug":"s-shaper-seamless-sculpt-thong-bodysuit","status":"publish","type":"product","link":"https:\/\/s-shaper.com\/fr\/product\/s-shaper-seamless-sculpt-thong-bodysuit\/","title":{"rendered":"Body gainant string sans couture S-SHAPER"},"content":{"rendered":"<p><img decoding=\"async\" src=\"https:\/\/s-shaper.com\/wp-content\/uploads\/2024\/03\/SSU31.jpg\" width=\"750\" height=\"auto\" alt=\"\" title=\"\"><\/p>","protected":false},"excerpt":{"rendered":"<p>Con\u00e7u dans un souci d'esth\u00e9tisme moderne, ce body string sans couture offre une mise en forme cibl\u00e9e et un look \u00e9l\u00e9gant, \u00e0 peine voil\u00e9, qui sculpte \u00e9l\u00e9gamment votre silhouette.<\/p>","protected":false},"featured_media":4108,"comment_status":"open","ping_status":"closed","template":"","meta":{"_acf_changed":false},"product_brand":[],"product_cat":[63,54],"product_tag":[64],"class_list":{"0":"post-4749","1":"product","2":"type-product","3":"status-publish","4":"has-post-thumbnail","6":"product_cat-bust","7":"product_cat-c-shape","8":"product_tag-thong","10":"first","11":"instock","12":"shipping-taxable","13":"purchasable","14":"product-type-simple"},"acf":[],"_links":{"self":[{"href":"https:\/\/s-shaper.com\/fr\/wp-json\/wp\/v2\/product\/4749","targetHints":{"allow":["GET"]}}],"collection":[{"href":"https:\/\/s-shaper.com\/fr\/wp-json\/wp\/v2\/product"}],"about":[{"href":"https:\/\/s-shaper.com\/fr\/wp-json\/wp\/v2\/types\/product"}],"replies":[{"embeddable":true,"href":"https:\/\/s-shaper.com\/fr\/wp-json\/wp\/v2\/comments?post=4749"}],"version-history":[{"count":6,"href":"https:\/\/s-shaper.com\/fr\/wp-json\/wp\/v2\/product\/4749\/revisions"}],"predecessor-version":[{"id":5241,"href":"https:\/\/s-shaper.com\/fr\/wp-json\/wp\/v2\/product\/4749\/revisions\/5241"}],"wp:featuredmedia":[{"embeddable":true,"href":"https:\/\/s-shaper.com\/fr\/wp-json\/wp\/v2\/media\/4108"}],"wp:attachment":[{"href":"https:\/\/s-shaper.com\/fr\/wp-json\/wp\/v2\/media?parent=4749"}],"wp:term":[{"taxonomy":"product_brand","embeddable":true,"href":"https:\/\/s-shaper.com\/fr\/wp-json\/wp\/v2\/product_brand?post=4749"},{"taxonomy":"product_cat","embeddable":true,"href":"https:\/\/s-shaper.com\/fr\/wp-json\/wp\/v2\/product_cat?post=4749"},{"taxonomy":"product_tag","embeddable":true,"href":"https:\/\/s-shaper.com\/fr\/wp-json\/wp\/v2\/product_tag?post=4749"}],"curies":[{"name":"wp","href":"https:\/\/api.w.org\/{rel}","templated":true}]}}