{"id":4737,"date":"2024-03-26T08:42:46","date_gmt":"2024-03-26T08:42:46","guid":{"rendered":"https:\/\/s-shaper.com\/product\/s-shaper-every-day-shaping-vest\/"},"modified":"2024-03-27T01:13:36","modified_gmt":"2024-03-27T01:13:36","slug":"s-shaper-every-day-shaping-vest","status":"publish","type":"product","link":"https:\/\/s-shaper.com\/fr\/product\/s-shaper-every-day-shaping-vest\/","title":{"rendered":"S-SHAPER Every Day Shaping Gilet"},"content":{"rendered":"<p><img decoding=\"async\" src=\"https:\/\/s-shaper.com\/wp-content\/uploads\/2024\/03\/SE04.jpg\" width=\"750\" height=\"auto\" alt=\"\" title=\"\"><\/p>","protected":false},"excerpt":{"rendered":"<p>Con\u00e7u en gardant la fonctionnalit\u00e9 \u00e0 l'esprit, ce gilet galbant fa\u00e7onne parfaitement votre silhouette, offrant un soutien optimal et une silhouette \u00e9lanc\u00e9e pour un usage quotidien.<\/p>","protected":false},"featured_media":3947,"comment_status":"open","ping_status":"closed","template":"","meta":{"_acf_changed":false},"product_brand":[],"product_cat":[30,54],"product_tag":[57],"class_list":{"0":"post-4737","1":"product","2":"type-product","3":"status-publish","4":"has-post-thumbnail","6":"product_cat-bra-tops","7":"product_cat-c-shape","8":"product_tag-tops","10":"first","11":"instock","12":"shipping-taxable","13":"purchasable","14":"product-type-simple"},"acf":[],"_links":{"self":[{"href":"https:\/\/s-shaper.com\/fr\/wp-json\/wp\/v2\/product\/4737","targetHints":{"allow":["GET"]}}],"collection":[{"href":"https:\/\/s-shaper.com\/fr\/wp-json\/wp\/v2\/product"}],"about":[{"href":"https:\/\/s-shaper.com\/fr\/wp-json\/wp\/v2\/types\/product"}],"replies":[{"embeddable":true,"href":"https:\/\/s-shaper.com\/fr\/wp-json\/wp\/v2\/comments?post=4737"}],"version-history":[{"count":6,"href":"https:\/\/s-shaper.com\/fr\/wp-json\/wp\/v2\/product\/4737\/revisions"}],"predecessor-version":[{"id":5228,"href":"https:\/\/s-shaper.com\/fr\/wp-json\/wp\/v2\/product\/4737\/revisions\/5228"}],"wp:featuredmedia":[{"embeddable":true,"href":"https:\/\/s-shaper.com\/fr\/wp-json\/wp\/v2\/media\/3947"}],"wp:attachment":[{"href":"https:\/\/s-shaper.com\/fr\/wp-json\/wp\/v2\/media?parent=4737"}],"wp:term":[{"taxonomy":"product_brand","embeddable":true,"href":"https:\/\/s-shaper.com\/fr\/wp-json\/wp\/v2\/product_brand?post=4737"},{"taxonomy":"product_cat","embeddable":true,"href":"https:\/\/s-shaper.com\/fr\/wp-json\/wp\/v2\/product_cat?post=4737"},{"taxonomy":"product_tag","embeddable":true,"href":"https:\/\/s-shaper.com\/fr\/wp-json\/wp\/v2\/product_tag?post=4737"}],"curies":[{"name":"wp","href":"https:\/\/api.w.org\/{rel}","templated":true}]}}