{"id":3572,"date":"2024-01-12T08:59:50","date_gmt":"2024-01-12T08:59:50","guid":{"rendered":"https:\/\/sshape.easyceotech.com\/product\/s-shaper-post-surgical-shapewear-girdle-with-high-back-calf-length\/"},"modified":"2024-03-27T01:22:29","modified_gmt":"2024-03-27T01:22:29","slug":"s-shaper-post-surgical-shapewear-girdle-with-high-back-calf-length","status":"publish","type":"product","link":"https:\/\/s-shaper.com\/fr\/product\/s-shaper-post-surgical-shapewear-girdle-with-high-back-calf-length\/","title":{"rendered":"Gaine amincissante postop\u00e9ratoire avec haut dos &#8211; longueur du mollet"},"content":{"rendered":"<p><img decoding=\"async\" src=\"https:\/\/s-shaper.com\/wp-content\/uploads\/2024\/01\/SGL15.jpg\" alt=\"\" title=\"\"><\/p>","protected":false},"excerpt":{"rendered":"<p>Con\u00e7u avec pr\u00e9cision, le v\u00eatement de contention post-chirurgical offre un maintien optimal pour une convalescence post-chirurgicale, un effet galbant \u00e9l\u00e9gant, un soutien cibl\u00e9 jusqu'\u00e0 la zone abdominale, alliant fonctionnalit\u00e9 et esth\u00e9tique moderne.<\/p>","protected":false},"featured_media":3315,"comment_status":"open","ping_status":"closed","template":"","meta":{"_acf_changed":false},"product_brand":[],"product_cat":[26,41],"product_tag":[40],"class_list":{"0":"post-3572","1":"product","2":"type-product","3":"status-publish","4":"has-post-thumbnail","6":"product_cat-air-shape","7":"product_cat-calf-length","8":"product_tag-girdle","10":"first","11":"instock","12":"shipping-taxable","13":"purchasable","14":"product-type-simple"},"acf":[],"_links":{"self":[{"href":"https:\/\/s-shaper.com\/fr\/wp-json\/wp\/v2\/product\/3572","targetHints":{"allow":["GET"]}}],"collection":[{"href":"https:\/\/s-shaper.com\/fr\/wp-json\/wp\/v2\/product"}],"about":[{"href":"https:\/\/s-shaper.com\/fr\/wp-json\/wp\/v2\/types\/product"}],"replies":[{"embeddable":true,"href":"https:\/\/s-shaper.com\/fr\/wp-json\/wp\/v2\/comments?post=3572"}],"version-history":[{"count":3,"href":"https:\/\/s-shaper.com\/fr\/wp-json\/wp\/v2\/product\/3572\/revisions"}],"predecessor-version":[{"id":5323,"href":"https:\/\/s-shaper.com\/fr\/wp-json\/wp\/v2\/product\/3572\/revisions\/5323"}],"wp:featuredmedia":[{"embeddable":true,"href":"https:\/\/s-shaper.com\/fr\/wp-json\/wp\/v2\/media\/3315"}],"wp:attachment":[{"href":"https:\/\/s-shaper.com\/fr\/wp-json\/wp\/v2\/media?parent=3572"}],"wp:term":[{"taxonomy":"product_brand","embeddable":true,"href":"https:\/\/s-shaper.com\/fr\/wp-json\/wp\/v2\/product_brand?post=3572"},{"taxonomy":"product_cat","embeddable":true,"href":"https:\/\/s-shaper.com\/fr\/wp-json\/wp\/v2\/product_cat?post=3572"},{"taxonomy":"product_tag","embeddable":true,"href":"https:\/\/s-shaper.com\/fr\/wp-json\/wp\/v2\/product_tag?post=3572"}],"curies":[{"name":"wp","href":"https:\/\/api.w.org\/{rel}","templated":true}]}}