{"id":3565,"date":"2024-01-12T08:59:48","date_gmt":"2024-01-12T08:59:48","guid":{"rendered":"https:\/\/sshape.easyceotech.com\/product\/s-shaper-post-surgical-shapewear-reinforced-bodysuit-with-sleeves-and-layered-panels-short-length\/"},"modified":"2024-03-27T01:22:27","modified_gmt":"2024-03-27T01:22:27","slug":"s-shaper-post-surgical-shapewear-reinforced-bodysuit-with-sleeves-and-layered-panels-short-length","status":"publish","type":"product","link":"https:\/\/s-shaper.com\/fr\/product\/s-shaper-post-surgical-shapewear-reinforced-bodysuit-with-sleeves-and-layered-panels-short-length\/","title":{"rendered":"Gaine de corps renforc\u00e9e post-chirurgicale \u00e0 manches et panneaux superpos\u00e9s &#8211; longueur courte"},"content":{"rendered":"<p><img decoding=\"async\" src=\"https:\/\/s-shaper.com\/wp-content\/uploads\/2024\/01\/SGL02.jpg\" alt=\"\" title=\"\"><\/p>","protected":false},"excerpt":{"rendered":"<p>D\u00e9couvrez les v\u00eatements de maintien postop\u00e9ratoires, qui combinent parfaitement un soutien optimal id\u00e9al pour la r\u00e9cup\u00e9ration postop\u00e9ratoire, un effet galbant \u00e9l\u00e9gant, un soutien cibl\u00e9 jusqu'au niveau de la combinaison, alliant fonctionnalit\u00e9 et esth\u00e9tique moderne.<\/p>","protected":false},"featured_media":3404,"comment_status":"open","ping_status":"closed","template":"","meta":{"_acf_changed":false},"product_brand":[],"product_cat":[26,38],"product_tag":[36],"class_list":{"0":"post-3565","1":"product","2":"type-product","3":"status-publish","4":"has-post-thumbnail","6":"product_cat-air-shape","7":"product_cat-thighs","8":"product_tag-bodysuits","10":"first","11":"instock","12":"featured","13":"shipping-taxable","14":"purchasable","15":"product-type-simple"},"acf":[],"_links":{"self":[{"href":"https:\/\/s-shaper.com\/fr\/wp-json\/wp\/v2\/product\/3565","targetHints":{"allow":["GET"]}}],"collection":[{"href":"https:\/\/s-shaper.com\/fr\/wp-json\/wp\/v2\/product"}],"about":[{"href":"https:\/\/s-shaper.com\/fr\/wp-json\/wp\/v2\/types\/product"}],"replies":[{"embeddable":true,"href":"https:\/\/s-shaper.com\/fr\/wp-json\/wp\/v2\/comments?post=3565"}],"version-history":[{"count":3,"href":"https:\/\/s-shaper.com\/fr\/wp-json\/wp\/v2\/product\/3565\/revisions"}],"predecessor-version":[{"id":5316,"href":"https:\/\/s-shaper.com\/fr\/wp-json\/wp\/v2\/product\/3565\/revisions\/5316"}],"wp:featuredmedia":[{"embeddable":true,"href":"https:\/\/s-shaper.com\/fr\/wp-json\/wp\/v2\/media\/3404"}],"wp:attachment":[{"href":"https:\/\/s-shaper.com\/fr\/wp-json\/wp\/v2\/media?parent=3565"}],"wp:term":[{"taxonomy":"product_brand","embeddable":true,"href":"https:\/\/s-shaper.com\/fr\/wp-json\/wp\/v2\/product_brand?post=3565"},{"taxonomy":"product_cat","embeddable":true,"href":"https:\/\/s-shaper.com\/fr\/wp-json\/wp\/v2\/product_cat?post=3565"},{"taxonomy":"product_tag","embeddable":true,"href":"https:\/\/s-shaper.com\/fr\/wp-json\/wp\/v2\/product_tag?post=3565"}],"curies":[{"name":"wp","href":"https:\/\/api.w.org\/{rel}","templated":true}]}}