{"id":3564,"date":"2024-01-12T08:59:48","date_gmt":"2024-01-12T08:59:48","guid":{"rendered":"https:\/\/sshape.easyceotech.com\/product\/s-shaper-post-surgical-shapewear-compression-bodysuit-for-bbl-fat-transfer-ankle-length-2\/"},"modified":"2024-03-27T01:22:26","modified_gmt":"2024-03-27T01:22:26","slug":"s-shaper-post-surgical-shapewear-compression-bodysuit-for-bbl-fat-transfer-ankle-length-2","status":"publish","type":"product","link":"https:\/\/s-shaper.com\/fr\/product\/s-shaper-post-surgical-shapewear-compression-bodysuit-for-bbl-fat-transfer-ankle-length-2\/","title":{"rendered":"Combinaison postop\u00e9ratoire sculptante \u00e0 compression pour transfert de graisse BBL \u2013 Longueur cheville"},"content":{"rendered":"<p><img decoding=\"async\" src=\"https:\/\/s-shaper.com\/wp-content\/uploads\/2024\/01\/SGL07.jpg\" alt=\"\" title=\"\"><\/p>","protected":false},"excerpt":{"rendered":"<p>Con\u00e7ue en fonction de vos besoins, la gaine post-op\u00e9ratoire offre un soutien optimal pour la r\u00e9cup\u00e9ration post-op\u00e9ratoire, un effet de remodelage \u00e9l\u00e9gant, un soutien cibl\u00e9 jusqu'\u00e0 la zone de la combinaison, alliant fonctionnalit\u00e9 et esth\u00e9tique moderne.<\/p>","protected":false},"featured_media":3379,"comment_status":"open","ping_status":"closed","template":"","meta":{"_acf_changed":false},"product_brand":[],"product_cat":[26,37],"product_tag":[36],"class_list":{"0":"post-3564","1":"product","2":"type-product","3":"status-publish","4":"has-post-thumbnail","6":"product_cat-air-shape","7":"product_cat-ankle-length","8":"product_tag-bodysuits","10":"first","11":"instock","12":"shipping-taxable","13":"purchasable","14":"product-type-simple"},"acf":[],"_links":{"self":[{"href":"https:\/\/s-shaper.com\/fr\/wp-json\/wp\/v2\/product\/3564","targetHints":{"allow":["GET"]}}],"collection":[{"href":"https:\/\/s-shaper.com\/fr\/wp-json\/wp\/v2\/product"}],"about":[{"href":"https:\/\/s-shaper.com\/fr\/wp-json\/wp\/v2\/types\/product"}],"replies":[{"embeddable":true,"href":"https:\/\/s-shaper.com\/fr\/wp-json\/wp\/v2\/comments?post=3564"}],"version-history":[{"count":3,"href":"https:\/\/s-shaper.com\/fr\/wp-json\/wp\/v2\/product\/3564\/revisions"}],"predecessor-version":[{"id":5315,"href":"https:\/\/s-shaper.com\/fr\/wp-json\/wp\/v2\/product\/3564\/revisions\/5315"}],"wp:featuredmedia":[{"embeddable":true,"href":"https:\/\/s-shaper.com\/fr\/wp-json\/wp\/v2\/media\/3379"}],"wp:attachment":[{"href":"https:\/\/s-shaper.com\/fr\/wp-json\/wp\/v2\/media?parent=3564"}],"wp:term":[{"taxonomy":"product_brand","embeddable":true,"href":"https:\/\/s-shaper.com\/fr\/wp-json\/wp\/v2\/product_brand?post=3564"},{"taxonomy":"product_cat","embeddable":true,"href":"https:\/\/s-shaper.com\/fr\/wp-json\/wp\/v2\/product_cat?post=3564"},{"taxonomy":"product_tag","embeddable":true,"href":"https:\/\/s-shaper.com\/fr\/wp-json\/wp\/v2\/product_tag?post=3564"}],"curies":[{"name":"wp","href":"https:\/\/api.w.org\/{rel}","templated":true}]}}