{"id":3563,"date":"2024-01-12T08:59:48","date_gmt":"2024-01-12T08:59:48","guid":{"rendered":"https:\/\/sshape.easyceotech.com\/product\/s-shaper-post-surgical-shapewear-compression-bodysuit-for-bbl-fat-transfer-ankle-length\/"},"modified":"2024-03-27T01:22:26","modified_gmt":"2024-03-27T01:22:26","slug":"s-shaper-post-surgical-shapewear-compression-bodysuit-for-bbl-fat-transfer-ankle-length","status":"publish","type":"product","link":"https:\/\/s-shaper.com\/fr\/product\/s-shaper-post-surgical-shapewear-compression-bodysuit-for-bbl-fat-transfer-ankle-length\/","title":{"rendered":"Combinaison postop\u00e9ratoire sculptante \u00e0 compression pour transfert de graisse BBL \u2013 Longueur cheville"},"content":{"rendered":"<p><img decoding=\"async\" src=\"https:\/\/s-shaper.com\/wp-content\/uploads\/2024\/01\/SGL03.jpg\" alt=\"\" title=\"\"><\/p>","protected":false},"excerpt":{"rendered":"<p>Fa\u00e7onn\u00e9 avec pr\u00e9cision, le v\u00eatement de contention post-chirurgical offre un soutien optimal pour le r\u00e9tablissement post-chirurgical, un effet galbant \u00e9l\u00e9gant, un support cibl\u00e9 jusqu'\u00e0 la zone de la combinaison, \u00e9quilibrant fonctionnalit\u00e9 et esth\u00e9tique moderne.<\/p>","protected":false},"featured_media":3392,"comment_status":"open","ping_status":"closed","template":"","meta":{"_acf_changed":false},"product_brand":[],"product_cat":[26,37],"product_tag":[36],"class_list":{"0":"post-3563","1":"product","2":"type-product","3":"status-publish","4":"has-post-thumbnail","6":"product_cat-air-shape","7":"product_cat-ankle-length","8":"product_tag-bodysuits","10":"first","11":"instock","12":"shipping-taxable","13":"purchasable","14":"product-type-simple"},"acf":[],"_links":{"self":[{"href":"https:\/\/s-shaper.com\/fr\/wp-json\/wp\/v2\/product\/3563","targetHints":{"allow":["GET"]}}],"collection":[{"href":"https:\/\/s-shaper.com\/fr\/wp-json\/wp\/v2\/product"}],"about":[{"href":"https:\/\/s-shaper.com\/fr\/wp-json\/wp\/v2\/types\/product"}],"replies":[{"embeddable":true,"href":"https:\/\/s-shaper.com\/fr\/wp-json\/wp\/v2\/comments?post=3563"}],"version-history":[{"count":3,"href":"https:\/\/s-shaper.com\/fr\/wp-json\/wp\/v2\/product\/3563\/revisions"}],"predecessor-version":[{"id":5314,"href":"https:\/\/s-shaper.com\/fr\/wp-json\/wp\/v2\/product\/3563\/revisions\/5314"}],"wp:featuredmedia":[{"embeddable":true,"href":"https:\/\/s-shaper.com\/fr\/wp-json\/wp\/v2\/media\/3392"}],"wp:attachment":[{"href":"https:\/\/s-shaper.com\/fr\/wp-json\/wp\/v2\/media?parent=3563"}],"wp:term":[{"taxonomy":"product_brand","embeddable":true,"href":"https:\/\/s-shaper.com\/fr\/wp-json\/wp\/v2\/product_brand?post=3563"},{"taxonomy":"product_cat","embeddable":true,"href":"https:\/\/s-shaper.com\/fr\/wp-json\/wp\/v2\/product_cat?post=3563"},{"taxonomy":"product_tag","embeddable":true,"href":"https:\/\/s-shaper.com\/fr\/wp-json\/wp\/v2\/product_tag?post=3563"}],"curies":[{"name":"wp","href":"https:\/\/api.w.org\/{rel}","templated":true}]}}