{"id":3558,"date":"2024-01-12T08:59:47","date_gmt":"2024-01-12T08:59:47","guid":{"rendered":"https:\/\/sshape.easyceotech.com\/product\/s-shaper-post-surgical-shapewear-sleeveless-vest\/"},"modified":"2024-03-27T01:22:25","modified_gmt":"2024-03-27T01:22:25","slug":"s-shaper-post-surgical-shapewear-sleeveless-vest","status":"publish","type":"product","link":"https:\/\/s-shaper.com\/fr\/product\/s-shaper-post-surgical-shapewear-sleeveless-vest\/","title":{"rendered":"Gilet sans manches de maintien post-chirurgical"},"content":{"rendered":"<p><img decoding=\"async\" src=\"https:\/\/s-shaper.com\/wp-content\/uploads\/2024\/01\/SGB34.jpg\" alt=\"\" title=\"\"><\/p>","protected":false},"excerpt":{"rendered":"<p>Con\u00e7u pour l'excellence, le Shapewear post-chirurgical assure un soutien optimal pour le r\u00e9tablissement post-chirurgical, un effet \u00e9l\u00e9gant de remodelage, un design polyvalent sans manches, \u00e9quilibrant la fonctionnalit\u00e9 avec une esth\u00e9tique moderne.<\/p>","protected":false},"featured_media":3456,"comment_status":"open","ping_status":"closed","template":"","meta":{"_acf_changed":false},"product_brand":[],"product_cat":[26,30],"product_tag":[34],"class_list":{"0":"post-3558","1":"product","2":"type-product","3":"status-publish","4":"has-post-thumbnail","6":"product_cat-air-shape","7":"product_cat-bra-tops","8":"product_tag-vestssleeves","10":"first","11":"instock","12":"featured","13":"shipping-taxable","14":"purchasable","15":"product-type-simple"},"acf":[],"_links":{"self":[{"href":"https:\/\/s-shaper.com\/fr\/wp-json\/wp\/v2\/product\/3558","targetHints":{"allow":["GET"]}}],"collection":[{"href":"https:\/\/s-shaper.com\/fr\/wp-json\/wp\/v2\/product"}],"about":[{"href":"https:\/\/s-shaper.com\/fr\/wp-json\/wp\/v2\/types\/product"}],"replies":[{"embeddable":true,"href":"https:\/\/s-shaper.com\/fr\/wp-json\/wp\/v2\/comments?post=3558"}],"version-history":[{"count":3,"href":"https:\/\/s-shaper.com\/fr\/wp-json\/wp\/v2\/product\/3558\/revisions"}],"predecessor-version":[{"id":5309,"href":"https:\/\/s-shaper.com\/fr\/wp-json\/wp\/v2\/product\/3558\/revisions\/5309"}],"wp:featuredmedia":[{"embeddable":true,"href":"https:\/\/s-shaper.com\/fr\/wp-json\/wp\/v2\/media\/3456"}],"wp:attachment":[{"href":"https:\/\/s-shaper.com\/fr\/wp-json\/wp\/v2\/media?parent=3558"}],"wp:term":[{"taxonomy":"product_brand","embeddable":true,"href":"https:\/\/s-shaper.com\/fr\/wp-json\/wp\/v2\/product_brand?post=3558"},{"taxonomy":"product_cat","embeddable":true,"href":"https:\/\/s-shaper.com\/fr\/wp-json\/wp\/v2\/product_cat?post=3558"},{"taxonomy":"product_tag","embeddable":true,"href":"https:\/\/s-shaper.com\/fr\/wp-json\/wp\/v2\/product_tag?post=3558"}],"curies":[{"name":"wp","href":"https:\/\/api.w.org\/{rel}","templated":true}]}}