{"id":3555,"date":"2024-01-12T08:59:46","date_gmt":"2024-01-12T08:59:46","guid":{"rendered":"https:\/\/sshape.easyceotech.com\/product\/s-shaper-post-surgical-shapewear-coverage-face-mask-full-neck\/"},"modified":"2026-02-10T06:45:29","modified_gmt":"2026-02-10T06:45:29","slug":"s-shaper-post-surgical-shapewear-coverage-face-mask-full-neck","status":"publish","type":"product","link":"https:\/\/s-shaper.com\/fr\/product\/s-shaper-post-surgical-shapewear-coverage-face-mask-full-neck\/","title":{"rendered":"Masque complet de cou et v\u00eatement de compression post-chirurgical"},"content":{"rendered":"<p><img fetchpriority=\"high\" decoding=\"async\" class=\"alignnone wp-image-8961 size-full\" src=\"https:\/\/s-shaper.com\/wp-content\/uploads\/2024\/01\/SGF05-Detail.jpg\" alt=\"\" width=\"750\" height=\"5444\" title=\"\" srcset=\"https:\/\/s-shaper.com\/wp-content\/uploads\/2024\/01\/SGF05-Detail.jpg 750w, https:\/\/s-shaper.com\/wp-content\/uploads\/2024\/01\/SGF05-Detail-282x2048.jpg 282w, https:\/\/s-shaper.com\/wp-content\/uploads\/2024\/01\/SGF05-Detail-600x4355.jpg 600w\" sizes=\"(max-width: 750px) 100vw, 750px\" \/><\/p>","protected":false},"excerpt":{"rendered":"<p>Con\u00e7u pour l'excellence, le v\u00eatement de maintien post-chirurgical offre un soutien optimal pour le r\u00e9tablissement post-chirurgical, un effet de modelage \u00e9l\u00e9gant, une couvrance \u00e9tendue pour un look lisse et raffin\u00e9, alliant fonctionnalit\u00e9 et esth\u00e9tique moderne.<\/p>","protected":false},"featured_media":3425,"comment_status":"open","ping_status":"closed","template":"","meta":{"_acf_changed":false},"product_brand":[],"product_cat":[26,31],"product_tag":[32],"class_list":{"0":"post-3555","1":"product","2":"type-product","3":"status-publish","4":"has-post-thumbnail","6":"product_cat-air-shape","7":"product_cat-face","8":"product_tag-face-mask","10":"first","11":"instock","12":"featured","13":"shipping-taxable","14":"purchasable","15":"product-type-simple"},"acf":[],"_links":{"self":[{"href":"https:\/\/s-shaper.com\/fr\/wp-json\/wp\/v2\/product\/3555","targetHints":{"allow":["GET"]}}],"collection":[{"href":"https:\/\/s-shaper.com\/fr\/wp-json\/wp\/v2\/product"}],"about":[{"href":"https:\/\/s-shaper.com\/fr\/wp-json\/wp\/v2\/types\/product"}],"replies":[{"embeddable":true,"href":"https:\/\/s-shaper.com\/fr\/wp-json\/wp\/v2\/comments?post=3555"}],"version-history":[{"count":5,"href":"https:\/\/s-shaper.com\/fr\/wp-json\/wp\/v2\/product\/3555\/revisions"}],"predecessor-version":[{"id":8962,"href":"https:\/\/s-shaper.com\/fr\/wp-json\/wp\/v2\/product\/3555\/revisions\/8962"}],"wp:featuredmedia":[{"embeddable":true,"href":"https:\/\/s-shaper.com\/fr\/wp-json\/wp\/v2\/media\/3425"}],"wp:attachment":[{"href":"https:\/\/s-shaper.com\/fr\/wp-json\/wp\/v2\/media?parent=3555"}],"wp:term":[{"taxonomy":"product_brand","embeddable":true,"href":"https:\/\/s-shaper.com\/fr\/wp-json\/wp\/v2\/product_brand?post=3555"},{"taxonomy":"product_cat","embeddable":true,"href":"https:\/\/s-shaper.com\/fr\/wp-json\/wp\/v2\/product_cat?post=3555"},{"taxonomy":"product_tag","embeddable":true,"href":"https:\/\/s-shaper.com\/fr\/wp-json\/wp\/v2\/product_tag?post=3555"}],"curies":[{"name":"wp","href":"https:\/\/api.w.org\/{rel}","templated":true}]}}