{"id":6385,"date":"2025-05-22T03:48:42","date_gmt":"2025-05-22T03:48:42","guid":{"rendered":"https:\/\/s-shaper.com\/?page_id=6385"},"modified":"2025-05-22T03:50:36","modified_gmt":"2025-05-22T03:50:36","slug":"sustainability-ethical-manufacturing","status":"publish","type":"page","link":"https:\/\/s-shaper.com\/fr\/sustainability-ethical-manufacturing\/","title":{"rendered":"Durabilit\u00e9 et fabrication \u00e9thique"},"content":{"rendered":"<div data-elementor-type=\"wp-page\" data-elementor-id=\"6385\" class=\"elementor elementor-6385\" data-elementor-post-type=\"page\">\n\t\t\t\t<div class=\"elementor-element elementor-element-70b89e2 e-flex e-con-boxed e-con e-parent\" data-id=\"70b89e2\" data-element_type=\"container\" data-e-type=\"container\" data-settings=\"{&quot;background_background&quot;:&quot;classic&quot;}\">\n\t\t\t\t\t<div class=\"e-con-inner\">\n\t\t\t\t<div class=\"elementor-element elementor-element-d00129d elementor-widget elementor-widget-heading\" data-id=\"d00129d\" data-element_type=\"widget\" data-e-type=\"widget\" data-widget_type=\"heading.default\">\n\t\t\t\t<div class=\"elementor-widget-container\">\n\t\t\t\t\t<h1 class=\"elementor-heading-title elementor-size-default\">Durabilit\u00e9 et fabrication \u00e9thique<\/h1>\t\t\t\t<\/div>\n\t\t\t\t<\/div>\n\t\t\t\t\t<\/div>\n\t\t\t\t<\/div>\n\t\t<div class=\"elementor-element elementor-element-ad5476f e-flex e-con-boxed e-con e-parent\" data-id=\"ad5476f\" data-element_type=\"container\" data-e-type=\"container\">\n\t\t\t\t\t<div class=\"e-con-inner\">\n\t\t<div class=\"elementor-element elementor-element-fe820b3 e-con-full e-flex e-con e-child\" data-id=\"fe820b3\" data-element_type=\"container\" data-e-type=\"container\">\n\t\t\t\t<div class=\"elementor-element elementor-element-a1a577e elementor-widget elementor-widget-image\" data-id=\"a1a577e\" data-element_type=\"widget\" data-e-type=\"widget\" data-widget_type=\"image.default\">\n\t\t\t\t<div class=\"elementor-widget-container\">\n\t\t\t\t\t\t\t\t\t\t\t\t\t\t\t<img fetchpriority=\"high\" decoding=\"async\" width=\"1000\" height=\"1000\" src=\"https:\/\/s-shaper.com\/wp-content\/uploads\/2024\/03\/O03003-6.jpg\" class=\"attachment-large size-large wp-image-4647\" alt=\"\" srcset=\"https:\/\/s-shaper.com\/wp-content\/uploads\/2024\/03\/O03003-6.jpg 1000w, https:\/\/s-shaper.com\/wp-content\/uploads\/2024\/03\/O03003-6-300x300.jpg 300w, https:\/\/s-shaper.com\/wp-content\/uploads\/2024\/03\/O03003-6-80x80.jpg 80w, https:\/\/s-shaper.com\/wp-content\/uploads\/2024\/03\/O03003-6-768x768.jpg 768w, https:\/\/s-shaper.com\/wp-content\/uploads\/2024\/03\/O03003-6-600x600.jpg 600w, https:\/\/s-shaper.com\/wp-content\/uploads\/2024\/03\/O03003-6-100x100.jpg 100w\" sizes=\"(max-width: 1000px) 100vw, 1000px\" title=\"\">\t\t\t\t\t\t\t\t\t\t\t\t\t\t\t<\/div>\n\t\t\t\t<\/div>\n\t\t\t\t<\/div>\n\t\t<div class=\"elementor-element elementor-element-1634069 e-con-full e-flex e-con e-child\" data-id=\"1634069\" data-element_type=\"container\" data-e-type=\"container\">\n\t\t\t\t<div class=\"elementor-element elementor-element-ffbc729 elementor-widget elementor-widget-heading\" data-id=\"ffbc729\" data-element_type=\"widget\" data-e-type=\"widget\" data-widget_type=\"heading.default\">\n\t\t\t\t<div class=\"elementor-widget-container\">\n\t\t\t\t\t<h2 class=\"elementor-heading-title elementor-size-default\">Pionnier de l'avenir du v\u00eatement de forme gr\u00e2ce \u00e0 une technologie de pointe<\/h2>\t\t\t\t<\/div>\n\t\t\t\t<\/div>\n\t\t\t\t<div class=\"elementor-element elementor-element-67887d1 elementor-widget elementor-widget-text-editor\" data-id=\"67887d1\" data-element_type=\"widget\" data-e-type=\"widget\" data-widget_type=\"text-editor.default\">\n\t\t\t\t<div class=\"elementor-widget-container\">\n\t\t\t\t\t\t\t\t\t<p>Chez S-SHAPER, nous pensons que l'innovation est le moteur du succ\u00e8s. Notre \u00e9quipe de recherche et d\u00e9veloppement et nos processus de fabrication avanc\u00e9s nous permettent de d\u00e9velopper des solutions de v\u00eatements moulants de haute performance qui allient confort, fonctionnalit\u00e9 et esth\u00e9tique.<\/p><p>\u00a0Notre engagement en faveur du d\u00e9veloppement durable comprend<br \/>\u2705 Tissus et mat\u00e9riaux \u00e9cologiques - Des fibres recycl\u00e9es aux textiles biod\u00e9gradables<br \/>\u2705 Conservation de l'eau et de l'\u00e9nergie - R\u00e9duction de la consommation d'eau de 70% dans les processus de teinture<br \/>\u2705 Production z\u00e9ro d\u00e9chet - Optimisation de l'utilisation des tissus pour r\u00e9duire les d\u00e9chets en d\u00e9charge<br \/>Cha\u00eene d'approvisionnement \u00e9thique et transparente - Salaires \u00e9quitables, conditions de travail s\u00fbres et respect des normes mondiales du travail.<\/p><p>\u00a0Associez-vous \u00e0 un fabricant qui accorde autant d'importance que vous au d\u00e9veloppement durable.<\/p>\t\t\t\t\t\t\t\t<\/div>\n\t\t\t\t<\/div>\n\t\t\t\t<div class=\"elementor-element elementor-element-a734c42 elementor-widget elementor-widget-button\" data-id=\"a734c42\" data-element_type=\"widget\" data-e-type=\"widget\" data-widget_type=\"button.default\">\n\t\t\t\t<div class=\"elementor-widget-container\">\n\t\t\t\t\t\t\t\t\t<div class=\"elementor-button-wrapper\">\n\t\t\t\t\t<a class=\"elementor-button elementor-button-link elementor-size-sm\" href=\"https:\/\/s-shaper.com\/fr\/contact-us\/\">\n\t\t\t\t\t\t<span class=\"elementor-button-content-wrapper\">\n\t\t\t\t\t\t\t\t\t<span class=\"elementor-button-text\">CONTACTEZ-NOUS \u2192<\/span>\n\t\t\t\t\t<\/span>\n\t\t\t\t\t<\/a>\n\t\t\t\t<\/div>\n\t\t\t\t\t\t\t\t<\/div>\n\t\t\t\t<\/div>\n\t\t\t\t<\/div>\n\t\t\t\t\t<\/div>\n\t\t\t\t<\/div>\n\t\t<div class=\"elementor-element elementor-element-04b2e9e e-flex e-con-boxed e-con e-parent\" data-id=\"04b2e9e\" data-element_type=\"container\" data-e-type=\"container\">\n\t\t\t\t\t<div class=\"e-con-inner\">\n\t\t<div class=\"elementor-element elementor-element-d2c6524 e-con-full e-flex e-con e-child\" data-id=\"d2c6524\" data-element_type=\"container\" data-e-type=\"container\">\n\t\t\t\t<div class=\"elementor-element elementor-element-8b78c2e elementor-widget elementor-widget-heading\" data-id=\"8b78c2e\" data-element_type=\"widget\" data-e-type=\"widget\" data-widget_type=\"heading.default\">\n\t\t\t\t<div class=\"elementor-widget-container\">\n\t\t\t\t\t<h2 class=\"elementor-heading-title elementor-size-default\">Tissus et mat\u00e9riaux \u00e9cologiques<\/h2>\t\t\t\t<\/div>\n\t\t\t\t<\/div>\n\t\t\t\t<div class=\"elementor-element elementor-element-0851bea elementor-widget elementor-widget-text-editor\" data-id=\"0851bea\" data-element_type=\"widget\" data-e-type=\"widget\" data-widget_type=\"text-editor.default\">\n\t\t\t\t<div class=\"elementor-widget-container\">\n\t\t\t\t\t\t\t\t\t<p>Nous donnons la priorit\u00e9 aux tissus durables et performants qui offrent confort, durabilit\u00e9 et respect de l'\u00e9thique.<\/p><p>\ud83d\udd39 Nos innovations en mati\u00e8re de tissus durables comprennent<br \/>Nylon et polyester recycl\u00e9s (certifi\u00e9s GRS) - Fabriqu\u00e9s \u00e0 partir de d\u00e9chets plastiques post-consommation<br \/>\u2714 M\u00e9langes de coton et de bambou biologiques - Naturellement respirant et biod\u00e9gradable<br \/>\u2714 Elasthanne biod\u00e9gradable - Se d\u00e9compose 50% plus rapidement que les fibres synth\u00e9tiques conventionnelles<br \/>\u2714 Technologie de teinture sans eau - R\u00e9duit les d\u00e9chets chimiques et la consommation d'eau<\/p><p>\ud83d\udcca R\u00e9sultats :<br \/>50% r\u00e9duction de l'empreinte carbone par rapport aux tissus traditionnels<br \/>Certifi\u00e9 par OEKO-TEX\u00ae et Global Recycled Standard (GRS)<br \/>\u2714 Demande croissante de v\u00eatements de forme respectueux de l'environnement de la part des d\u00e9taillants mondiaux<\/p>\t\t\t\t\t\t\t\t<\/div>\n\t\t\t\t<\/div>\n\t\t\t\t<\/div>\n\t\t<div class=\"elementor-element elementor-element-df0f4bc e-con-full e-flex e-con e-child\" data-id=\"df0f4bc\" data-element_type=\"container\" data-e-type=\"container\">\n\t\t\t\t<div class=\"elementor-element elementor-element-28ba23e elementor-widget elementor-widget-image\" data-id=\"28ba23e\" data-element_type=\"widget\" data-e-type=\"widget\" data-widget_type=\"image.default\">\n\t\t\t\t<div class=\"elementor-widget-container\">\n\t\t\t\t\t\t\t\t\t\t\t\t\t\t\t<img decoding=\"async\" width=\"1000\" height=\"650\" src=\"https:\/\/s-shaper.com\/wp-content\/uploads\/2025\/05\/2151158848.jpg\" class=\"attachment-large size-large wp-image-6389\" alt=\"\" srcset=\"https:\/\/s-shaper.com\/wp-content\/uploads\/2025\/05\/2151158848.jpg 1000w, https:\/\/s-shaper.com\/wp-content\/uploads\/2025\/05\/2151158848-300x195.jpg 300w, https:\/\/s-shaper.com\/wp-content\/uploads\/2025\/05\/2151158848-768x499.jpg 768w, https:\/\/s-shaper.com\/wp-content\/uploads\/2025\/05\/2151158848-18x12.jpg 18w, https:\/\/s-shaper.com\/wp-content\/uploads\/2025\/05\/2151158848-600x390.jpg 600w\" sizes=\"(max-width: 1000px) 100vw, 1000px\" title=\"\">\t\t\t\t\t\t\t\t\t\t\t\t\t\t\t<\/div>\n\t\t\t\t<\/div>\n\t\t\t\t<\/div>\n\t\t\t\t\t<\/div>\n\t\t\t\t<\/div>\n\t\t<div class=\"elementor-element elementor-element-e995259 e-flex e-con-boxed e-con e-parent\" data-id=\"e995259\" data-element_type=\"container\" data-e-type=\"container\">\n\t\t\t\t\t<div class=\"e-con-inner\">\n\t\t<div class=\"elementor-element elementor-element-ff84feb e-con-full e-flex e-con e-child\" data-id=\"ff84feb\" data-element_type=\"container\" data-e-type=\"container\">\n\t\t\t\t<div class=\"elementor-element elementor-element-7caf44d elementor-widget elementor-widget-image\" data-id=\"7caf44d\" data-element_type=\"widget\" data-e-type=\"widget\" data-widget_type=\"image.default\">\n\t\t\t\t<div class=\"elementor-widget-container\">\n\t\t\t\t\t\t\t\t\t\t\t\t\t\t\t<img decoding=\"async\" width=\"1000\" height=\"650\" src=\"https:\/\/s-shaper.com\/wp-content\/uploads\/2025\/05\/15849.jpg\" class=\"attachment-large size-large wp-image-6391\" alt=\"\" srcset=\"https:\/\/s-shaper.com\/wp-content\/uploads\/2025\/05\/15849.jpg 1000w, https:\/\/s-shaper.com\/wp-content\/uploads\/2025\/05\/15849-300x195.jpg 300w, https:\/\/s-shaper.com\/wp-content\/uploads\/2025\/05\/15849-768x499.jpg 768w, https:\/\/s-shaper.com\/wp-content\/uploads\/2025\/05\/15849-18x12.jpg 18w, https:\/\/s-shaper.com\/wp-content\/uploads\/2025\/05\/15849-600x390.jpg 600w\" sizes=\"(max-width: 1000px) 100vw, 1000px\" title=\"\">\t\t\t\t\t\t\t\t\t\t\t\t\t\t\t<\/div>\n\t\t\t\t<\/div>\n\t\t\t\t<\/div>\n\t\t<div class=\"elementor-element elementor-element-9aa11e3 e-con-full e-flex e-con e-child\" data-id=\"9aa11e3\" data-element_type=\"container\" data-e-type=\"container\">\n\t\t\t\t<div class=\"elementor-element elementor-element-94564ae elementor-widget elementor-widget-heading\" data-id=\"94564ae\" data-element_type=\"widget\" data-e-type=\"widget\" data-widget_type=\"heading.default\">\n\t\t\t\t<div class=\"elementor-widget-container\">\n\t\t\t\t\t<h2 class=\"elementor-heading-title elementor-size-default\">R\u00e9duire l'impact sur l'environnement gr\u00e2ce \u00e0 la fabrication intelligente<\/h2>\t\t\t\t<\/div>\n\t\t\t\t<\/div>\n\t\t\t\t<div class=\"elementor-element elementor-element-3eddfe6 elementor-widget elementor-widget-text-editor\" data-id=\"3eddfe6\" data-element_type=\"widget\" data-e-type=\"widget\" data-widget_type=\"text-editor.default\">\n\t\t\t\t<div class=\"elementor-widget-container\">\n\t\t\t\t\t\t\t\t\t<p>La fabrication traditionnelle de textiles est gourmande en ressources et consomme d'\u00e9normes quantit\u00e9s d'eau et d'\u00e9nergie. Chez S-SHAPER, nous mettons en \u0153uvre des processus intelligents et \u00e9conomes en \u00e9nergie afin de minimiser notre empreinte.<\/p><p>\ud83c\udf31 Nos initiatives en mati\u00e8re de conservation des ressources :<br \/>\ud83d\udeb0 Processus de teinture sans eau - Permet d'\u00e9conomiser jusqu'\u00e0 70% d'eau dans le processus de coloration des tissus.<br \/>\u26a1 Installations de production aliment\u00e9es par l'\u00e9nergie solaire - Utilisation de sources d'\u00e9nergie renouvelables<br \/>\u267b Recyclage de l'eau en circuit ferm\u00e9 - R\u00e9duction des rejets d'eaux us\u00e9es industrielles par 60%<br \/>\ud83d\udd04 Machines \u00e9conomes en \u00e9nergie - 30% consommation d'\u00e9nergie inf\u00e9rieure \u00e0 celle de la fabrication conventionnelle<\/p><p>\ud83d\udcca Impact :<br \/>Plus de 3 millions de litres d'eau \u00e9conomis\u00e9s chaque ann\u00e9e<br \/>R\u00e9duction des \u00e9missions de CO\u2082 de 50% par cycle de production<br \/>\u2714 Certification ISO 14001 pour la gestion de l'environnement<\/p>\t\t\t\t\t\t\t\t<\/div>\n\t\t\t\t<\/div>\n\t\t\t\t<\/div>\n\t\t\t\t\t<\/div>\n\t\t\t\t<\/div>\n\t\t<div class=\"elementor-element elementor-element-a1bc123 e-flex e-con-boxed e-con e-parent\" data-id=\"a1bc123\" data-element_type=\"container\" data-e-type=\"container\">\n\t\t\t\t\t<div class=\"e-con-inner\">\n\t\t<div class=\"elementor-element elementor-element-a7ad885 e-con-full e-flex e-con e-child\" data-id=\"a7ad885\" data-element_type=\"container\" data-e-type=\"container\">\n\t\t\t\t<div class=\"elementor-element elementor-element-9cc5673 elementor-widget elementor-widget-heading\" data-id=\"9cc5673\" data-element_type=\"widget\" data-e-type=\"widget\" data-widget_type=\"heading.default\">\n\t\t\t\t<div class=\"elementor-widget-container\">\n\t\t\t\t\t<h2 class=\"elementor-heading-title elementor-size-default\">Maximiser l'efficacit\u00e9, minimiser les d\u00e9chets<\/h2>\t\t\t\t<\/div>\n\t\t\t\t<\/div>\n\t\t\t\t<div class=\"elementor-element elementor-element-3825e60 elementor-widget elementor-widget-text-editor\" data-id=\"3825e60\" data-element_type=\"widget\" data-e-type=\"widget\" data-widget_type=\"text-editor.default\">\n\t\t\t\t<div class=\"elementor-widget-container\">\n\t\t\t\t\t\t\t\t\t<p>Nous avons adopt\u00e9 une strat\u00e9gie de production z\u00e9ro d\u00e9chet afin d'optimiser l'utilisation des tissus et de r\u00e9utiliser les d\u00e9chets de fabrication.<\/p><p>\ud83d\udd39 Comment nous r\u00e9duisons les d\u00e9chets :<br \/>\u2714 Digital Pattern Cutting - Augmente l'efficacit\u00e9 du tissu de 30%<br \/>\u2714 Recyclage des chutes de tissus - R\u00e9utilis\u00e9s pour l'isolation, le rembourrage de meubles et les accessoires<br \/>\u2714 Minimal Packaging Initiative - Utilisation d'emballages biod\u00e9gradables et recyclables<br \/>\u2714 Production juste \u00e0 temps - R\u00e9duction de la surproduction et des d\u00e9chets li\u00e9s aux stocks exc\u00e9dentaires<\/p><p>\ud83d\udcca R\u00e9sultats :<br \/>\u2714 95% efficacit\u00e9 de l'utilisation des mat\u00e9riaux dans la production<br \/>\u2714 \u00c9limination du plastique \u00e0 usage unique dans les emballages par 80%<br \/>\u2714 R\u00e9duction des d\u00e9chets mis en d\u00e9charge de 40% au cours des 3 derni\u00e8res ann\u00e9es<\/p>\t\t\t\t\t\t\t\t<\/div>\n\t\t\t\t<\/div>\n\t\t\t\t<\/div>\n\t\t<div class=\"elementor-element elementor-element-8c47565 e-con-full e-flex e-con e-child\" data-id=\"8c47565\" data-element_type=\"container\" data-e-type=\"container\">\n\t\t\t\t<div class=\"elementor-element elementor-element-b66e000 elementor-widget elementor-widget-image\" data-id=\"b66e000\" data-element_type=\"widget\" data-e-type=\"widget\" data-widget_type=\"image.default\">\n\t\t\t\t<div class=\"elementor-widget-container\">\n\t\t\t\t\t\t\t\t\t\t\t\t\t\t\t<img loading=\"lazy\" decoding=\"async\" width=\"1000\" height=\"650\" src=\"https:\/\/s-shaper.com\/wp-content\/uploads\/2025\/05\/2148754133.jpg\" class=\"attachment-large size-large wp-image-6390\" alt=\"\" srcset=\"https:\/\/s-shaper.com\/wp-content\/uploads\/2025\/05\/2148754133.jpg 1000w, https:\/\/s-shaper.com\/wp-content\/uploads\/2025\/05\/2148754133-300x195.jpg 300w, https:\/\/s-shaper.com\/wp-content\/uploads\/2025\/05\/2148754133-768x499.jpg 768w, https:\/\/s-shaper.com\/wp-content\/uploads\/2025\/05\/2148754133-18x12.jpg 18w, https:\/\/s-shaper.com\/wp-content\/uploads\/2025\/05\/2148754133-600x390.jpg 600w\" sizes=\"(max-width: 1000px) 100vw, 1000px\" title=\"\">\t\t\t\t\t\t\t\t\t\t\t\t\t\t\t<\/div>\n\t\t\t\t<\/div>\n\t\t\t\t<\/div>\n\t\t\t\t\t<\/div>\n\t\t\t\t<\/div>\n\t\t<div class=\"elementor-element elementor-element-df55658 e-flex e-con-boxed e-con e-parent\" data-id=\"df55658\" data-element_type=\"container\" data-e-type=\"container\">\n\t\t\t\t\t<div class=\"e-con-inner\">\n\t\t<div class=\"elementor-element elementor-element-9951d1d e-con-full e-flex e-con e-child\" data-id=\"9951d1d\" data-element_type=\"container\" data-e-type=\"container\">\n\t\t\t\t<div class=\"elementor-element elementor-element-0159568 elementor-widget elementor-widget-image\" data-id=\"0159568\" data-element_type=\"widget\" data-e-type=\"widget\" data-widget_type=\"image.default\">\n\t\t\t\t<div class=\"elementor-widget-container\">\n\t\t\t\t\t\t\t\t\t\t\t\t\t\t\t<img loading=\"lazy\" decoding=\"async\" width=\"1000\" height=\"650\" src=\"https:\/\/s-shaper.com\/wp-content\/uploads\/2025\/05\/people-meeting-community-center.jpg\" class=\"attachment-large size-large wp-image-6392\" alt=\"\" srcset=\"https:\/\/s-shaper.com\/wp-content\/uploads\/2025\/05\/people-meeting-community-center.jpg 1000w, https:\/\/s-shaper.com\/wp-content\/uploads\/2025\/05\/people-meeting-community-center-300x195.jpg 300w, https:\/\/s-shaper.com\/wp-content\/uploads\/2025\/05\/people-meeting-community-center-768x499.jpg 768w, https:\/\/s-shaper.com\/wp-content\/uploads\/2025\/05\/people-meeting-community-center-18x12.jpg 18w, https:\/\/s-shaper.com\/wp-content\/uploads\/2025\/05\/people-meeting-community-center-600x390.jpg 600w\" sizes=\"(max-width: 1000px) 100vw, 1000px\" title=\"\">\t\t\t\t\t\t\t\t\t\t\t\t\t\t\t<\/div>\n\t\t\t\t<\/div>\n\t\t\t\t<\/div>\n\t\t<div class=\"elementor-element elementor-element-0249053 e-con-full e-flex e-con e-child\" data-id=\"0249053\" data-element_type=\"container\" data-e-type=\"container\">\n\t\t\t\t<div class=\"elementor-element elementor-element-d58631a elementor-widget elementor-widget-heading\" data-id=\"d58631a\" data-element_type=\"widget\" data-e-type=\"widget\" data-widget_type=\"heading.default\">\n\t\t\t\t<div class=\"elementor-widget-container\">\n\t\t\t\t\t<h2 class=\"elementor-heading-title elementor-size-default\">Travail \u00e9quitable, approvisionnement \u00e9thique et responsabilit\u00e9 sociale<\/h2>\t\t\t\t<\/div>\n\t\t\t\t<\/div>\n\t\t\t\t<div class=\"elementor-element elementor-element-fdce665 elementor-widget elementor-widget-text-editor\" data-id=\"fdce665\" data-element_type=\"widget\" data-e-type=\"widget\" data-widget_type=\"text-editor.default\">\n\t\t\t\t<div class=\"elementor-widget-container\">\n\t\t\t\t\t\t\t\t\t<p>La durabilit\u00e9 n'est pas qu'une question de mat\u00e9riaux, c'est aussi une question de personnes. Nous nous engageons \u00e0 respecter des pratiques de travail \u00e9thiques, des salaires \u00e9quitables et des conditions de travail s\u00fbres tout au long de notre cha\u00eene d'approvisionnement.<\/p><p>\ud83d\udd39 Nos normes de fabrication \u00e9thiques comprennent.. :<br \/>\u2714 Salaires \u00e9quitables et conditions de travail s\u00fbres - Respect des normes de travail de l'OIT<br \/>\u2714 Pas de travail des enfants ni de travail forc\u00e9 - Adh\u00e9sion stricte aux politiques mondiales en mati\u00e8re de droits de l'homme<br \/>\u2714 Usines contr\u00f4l\u00e9es par des tiers - V\u00e9rifi\u00e9 par les certifications Sedex et BSCI<br \/>\u2714 Transparence de la cha\u00eene d'approvisionnement - Tra\u00e7abilit\u00e9 compl\u00e8te des mat\u00e9riaux et pratiques d'approvisionnement \u00e9thiques<\/p><p>\ud83d\udcca Impact :<br \/>100% de notre main-d'\u0153uvre b\u00e9n\u00e9ficie de salaires et d'avantages \u00e9quitables<br \/>Certifi\u00e9 par la BSCI (Business Social Compliance Initiative)<br \/>Plus de 100 marques internationales font confiance \u00e0 la production \u00e9thique.<\/p>\t\t\t\t\t\t\t\t<\/div>\n\t\t\t\t<\/div>\n\t\t\t\t<\/div>\n\t\t\t\t\t<\/div>\n\t\t\t\t<\/div>\n\t\t<div class=\"elementor-element elementor-element-fad7156 e-flex e-con-boxed e-con e-parent\" data-id=\"fad7156\" data-element_type=\"container\" data-e-type=\"container\">\n\t\t\t\t\t<div class=\"e-con-inner\">\n\t\t<div class=\"elementor-element elementor-element-5f76522 e-con-full e-flex e-con e-child\" data-id=\"5f76522\" data-element_type=\"container\" data-e-type=\"container\">\n\t\t\t\t<div class=\"elementor-element elementor-element-f18c88a elementor-widget elementor-widget-heading\" data-id=\"f18c88a\" data-element_type=\"widget\" data-e-type=\"widget\" data-widget_type=\"heading.default\">\n\t\t\t\t<div class=\"elementor-widget-container\">\n\t\t\t\t\t<h2 class=\"elementor-heading-title elementor-size-default\">Respecter les normes mondiales en mati\u00e8re de d\u00e9veloppement durable et d'\u00e9thique<\/h2>\t\t\t\t<\/div>\n\t\t\t\t<\/div>\n\t\t\t\t<div class=\"elementor-element elementor-element-87be7e5 elementor-widget elementor-widget-text-editor\" data-id=\"87be7e5\" data-element_type=\"widget\" data-e-type=\"widget\" data-widget_type=\"text-editor.default\">\n\t\t\t\t<div class=\"elementor-widget-container\">\n\t\t\t\t\t\t\t\t\t<p>Chez S-SHAPER, nous adh\u00e9rons aux certifications industrielles les plus \u00e9lev\u00e9es afin de garantir que nos produits respectent les normes mondiales de durabilit\u00e9 et de fabrication \u00e9thique.<\/p><p>\ud83c\udf31 Nos certifications comprennent :<br \/>\u2705 OEKO-TEX\u00ae Standard 100 - Textiles s\u00fbrs et non toxiques<br \/>Global Recycled Standard (GRS) - Mat\u00e9riaux recycl\u00e9s certifi\u00e9s<br \/>\u2705 ISO 14001 - Certification de gestion environnementale<br \/>\u2705 BSCI &amp; Sedex - Conformit\u00e9 \u00e0 l'\u00e9thique du travail et au commerce \u00e9quitable<br \/>\u2705 GOTS (Global Organic Textile Standard) - Coton biologique certifi\u00e9<\/p><p>\ud83d\udcca Why This Matters :<br \/>\u2714 Augmente la confiance et la cr\u00e9dibilit\u00e9 de la marque<br \/>\u2714 Assurer la conformit\u00e9 r\u00e9glementaire pour les march\u00e9s mondiaux<br \/>\u2714 R\u00e9pondre \u00e0 la demande croissante des consommateurs pour une mode \u00e9thique<\/p>\t\t\t\t\t\t\t\t<\/div>\n\t\t\t\t<\/div>\n\t\t\t\t<\/div>\n\t\t<div class=\"elementor-element elementor-element-67ecdc2 e-con-full e-flex e-con e-child\" data-id=\"67ecdc2\" data-element_type=\"container\" data-e-type=\"container\">\n\t\t\t\t<div class=\"elementor-element elementor-element-0d227bd elementor-widget elementor-widget-image\" data-id=\"0d227bd\" data-element_type=\"widget\" data-e-type=\"widget\" data-widget_type=\"image.default\">\n\t\t\t\t<div class=\"elementor-widget-container\">\n\t\t\t\t\t\t\t\t\t\t\t\t\t\t\t<img loading=\"lazy\" decoding=\"async\" width=\"1000\" height=\"650\" src=\"https:\/\/s-shaper.com\/wp-content\/uploads\/2025\/05\/hand-presenting-earth-sustainable-environment-remix.jpg\" class=\"attachment-large size-large wp-image-6393\" alt=\"\" srcset=\"https:\/\/s-shaper.com\/wp-content\/uploads\/2025\/05\/hand-presenting-earth-sustainable-environment-remix.jpg 1000w, https:\/\/s-shaper.com\/wp-content\/uploads\/2025\/05\/hand-presenting-earth-sustainable-environment-remix-300x195.jpg 300w, https:\/\/s-shaper.com\/wp-content\/uploads\/2025\/05\/hand-presenting-earth-sustainable-environment-remix-768x499.jpg 768w, https:\/\/s-shaper.com\/wp-content\/uploads\/2025\/05\/hand-presenting-earth-sustainable-environment-remix-18x12.jpg 18w, https:\/\/s-shaper.com\/wp-content\/uploads\/2025\/05\/hand-presenting-earth-sustainable-environment-remix-600x390.jpg 600w\" sizes=\"(max-width: 1000px) 100vw, 1000px\" title=\"\">\t\t\t\t\t\t\t\t\t\t\t\t\t\t\t<\/div>\n\t\t\t\t<\/div>\n\t\t\t\t<\/div>\n\t\t\t\t\t<\/div>\n\t\t\t\t<\/div>\n\t\t\t\t<\/div>","protected":false},"excerpt":{"rendered":"<p>Sustainability &#038; Ethical Manufacturing Pioneering the Future of Shapewear with Cutting-Edge Technology At\u00a0S-SHAPER, we believe that\u00a0innovation drives success. Our dedicated\u00a0R&amp;D team and advanced manufacturing processes\u00a0allow us to develop\u00a0high-performance shapewear solutions\u00a0that combine\u00a0comfort, function, and aesthetic appeal. \u00a0Our Commitment to Sustainability Includes:\u2705\u00a0Eco-Friendly Fabrics &amp; Materials\u00a0\u2013 From\u00a0recycled fibers to biodegradable textiles\u2705\u00a0Water &amp; Energy Conservation\u00a0\u2013 Cutting water usage by\u00a070%\u00a0in [&hellip;]<\/p>\n","protected":false},"author":1,"featured_media":0,"parent":0,"menu_order":0,"comment_status":"closed","ping_status":"closed","template":"","meta":{"_acf_changed":false,"footnotes":""},"class_list":["post-6385","page","type-page","status-publish","hentry"],"blocksy_meta":[],"acf":[],"_links":{"self":[{"href":"https:\/\/s-shaper.com\/fr\/wp-json\/wp\/v2\/pages\/6385","targetHints":{"allow":["GET"]}}],"collection":[{"href":"https:\/\/s-shaper.com\/fr\/wp-json\/wp\/v2\/pages"}],"about":[{"href":"https:\/\/s-shaper.com\/fr\/wp-json\/wp\/v2\/types\/page"}],"author":[{"embeddable":true,"href":"https:\/\/s-shaper.com\/fr\/wp-json\/wp\/v2\/users\/1"}],"replies":[{"embeddable":true,"href":"https:\/\/s-shaper.com\/fr\/wp-json\/wp\/v2\/comments?post=6385"}],"version-history":[{"count":4,"href":"https:\/\/s-shaper.com\/fr\/wp-json\/wp\/v2\/pages\/6385\/revisions"}],"predecessor-version":[{"id":6396,"href":"https:\/\/s-shaper.com\/fr\/wp-json\/wp\/v2\/pages\/6385\/revisions\/6396"}],"wp:attachment":[{"href":"https:\/\/s-shaper.com\/fr\/wp-json\/wp\/v2\/media?parent=6385"}],"curies":[{"name":"wp","href":"https:\/\/api.w.org\/{rel}","templated":true}]}}