{"id":2932,"date":"2024-01-09T06:29:13","date_gmt":"2024-01-09T06:29:13","guid":{"rendered":"https:\/\/sshape.easyceotech.com\/?page_id=2932"},"modified":"2024-04-17T03:20:50","modified_gmt":"2024-04-17T03:20:50","slug":"brand-ethos-and-value-proposition","status":"publish","type":"page","link":"https:\/\/s-shaper.com\/fr\/brand-ethos-and-value-proposition\/","title":{"rendered":"\u00c9thos de marque et proposition de valeur"},"content":{"rendered":"<div data-elementor-type=\"wp-page\" data-elementor-id=\"2932\" class=\"elementor elementor-2932\" data-elementor-post-type=\"page\">\n\t\t\t\t<div class=\"elementor-element elementor-element-1ba78d4 e-flex e-con-boxed e-con e-parent\" data-id=\"1ba78d4\" data-element_type=\"container\" data-e-type=\"container\" data-settings=\"{&quot;background_background&quot;:&quot;classic&quot;}\">\n\t\t\t\t\t<div class=\"e-con-inner\">\n\t\t\t\t<div class=\"elementor-element elementor-element-69a8712 elementor-widget elementor-widget-heading\" data-id=\"69a8712\" data-element_type=\"widget\" data-e-type=\"widget\" data-widget_type=\"heading.default\">\n\t\t\t\t<div class=\"elementor-widget-container\">\n\t\t\t\t\t<h1 class=\"elementor-heading-title elementor-size-default\">\u00c9thos de marque et proposition de valeur<\/h1>\t\t\t\t<\/div>\n\t\t\t\t<\/div>\n\t\t\t\t\t<\/div>\n\t\t\t\t<\/div>\n\t\t<div class=\"elementor-element elementor-element-a36d718 e-flex e-con-boxed e-con e-parent\" data-id=\"a36d718\" data-element_type=\"container\" data-e-type=\"container\" data-settings=\"{&quot;background_background&quot;:&quot;classic&quot;}\">\n\t\t\t\t\t<div class=\"e-con-inner\">\n\t\t<div class=\"elementor-element elementor-element-c69c9fd e-con-full e-flex e-con e-child\" data-id=\"c69c9fd\" data-element_type=\"container\" data-e-type=\"container\" data-settings=\"{&quot;background_background&quot;:&quot;classic&quot;}\">\n\t\t\t\t<div class=\"elementor-element elementor-element-9ee62d5 elementor-widget-divider--view-line elementor-widget elementor-widget-divider\" data-id=\"9ee62d5\" data-element_type=\"widget\" data-e-type=\"widget\" data-widget_type=\"divider.default\">\n\t\t\t\t<div class=\"elementor-widget-container\">\n\t\t\t\t\t\t\t<div class=\"elementor-divider\">\n\t\t\t<span class=\"elementor-divider-separator\">\n\t\t\t\t\t\t<\/span>\n\t\t<\/div>\n\t\t\t\t\t\t<\/div>\n\t\t\t\t<\/div>\n\t\t\t\t<div class=\"elementor-element elementor-element-ea5d695 elementor-widget elementor-widget-heading\" data-id=\"ea5d695\" data-element_type=\"widget\" data-e-type=\"widget\" data-widget_type=\"heading.default\">\n\t\t\t\t<div class=\"elementor-widget-container\">\n\t\t\t\t\t<h2 class=\"elementor-heading-title elementor-size-default\">Vous pouvez \u00eatre plus belle !<\/h2>\t\t\t\t<\/div>\n\t\t\t\t<\/div>\n\t\t\t\t<div class=\"elementor-element elementor-element-dde81ed elementor-widget elementor-widget-text-editor\" data-id=\"dde81ed\" data-element_type=\"widget\" data-e-type=\"widget\" data-widget_type=\"text-editor.default\">\n\t\t\t\t<div class=\"elementor-widget-container\">\n\t\t\t\t\t\t\t\t\t<p>Apportez beaut\u00e9 et amour \u00e0 toutes les femmes.<\/p>\t\t\t\t\t\t\t\t<\/div>\n\t\t\t\t<\/div>\n\t\t\t\t<\/div>\n\t\t<div class=\"elementor-element elementor-element-487386a e-con-full elementor-hidden-mobile e-flex e-con e-child\" data-id=\"487386a\" data-element_type=\"container\" data-e-type=\"container\" data-settings=\"{&quot;background_background&quot;:&quot;classic&quot;}\">\n\t\t\t\t<\/div>\n\t\t\t\t\t<\/div>\n\t\t\t\t<\/div>\n\t\t<div class=\"elementor-element elementor-element-bab5d0f e-flex e-con-boxed e-con e-parent\" data-id=\"bab5d0f\" data-element_type=\"container\" data-e-type=\"container\">\n\t\t\t\t\t<div class=\"e-con-inner\">\n\t\t<div class=\"elementor-element elementor-element-56ef64e e-con-full e-flex e-con e-child\" data-id=\"56ef64e\" data-element_type=\"container\" data-e-type=\"container\">\n\t\t\t\t<div class=\"elementor-element elementor-element-c0702c3 elementor-widget elementor-widget-heading\" data-id=\"c0702c3\" data-element_type=\"widget\" data-e-type=\"widget\" data-widget_type=\"heading.default\">\n\t\t\t\t<div class=\"elementor-widget-container\">\n\t\t\t\t\t<h2 class=\"elementor-heading-title elementor-size-default\">Grandissez avec nous et \u00e9panouissez-vous !<\/h2>\t\t\t\t<\/div>\n\t\t\t\t<\/div>\n\t\t\t\t<div class=\"elementor-element elementor-element-bc5d207 elementor-widget elementor-widget-text-editor\" data-id=\"bc5d207\" data-element_type=\"widget\" data-e-type=\"widget\" data-widget_type=\"text-editor.default\">\n\t\t\t\t<div class=\"elementor-widget-container\">\n\t\t\t\t\t\t\t\t\t<p>Anny et Louis sont un couple. Ils ont cr\u00e9\u00e9 S-SHAPER par amour et esp\u00e9raient apporter beaut\u00e9 et amour \u00e0 toutes les femmes du monde.<\/p><p>Anny \u00e9tait une designer industrielle et sa compr\u00e9hension des courbes et de l'art vous montre la plus belle facette. Que Louis adore l'innovation et la technologie et que la technologie apporte le c\u00f4t\u00e9 le plus confortable et le plus libre.<\/p>\t\t\t\t\t\t\t\t<\/div>\n\t\t\t\t<\/div>\n\t\t\t\t<\/div>\n\t\t<div class=\"elementor-element elementor-element-a359029 e-con-full e-flex e-con e-child\" data-id=\"a359029\" data-element_type=\"container\" data-e-type=\"container\">\n\t\t\t\t<div class=\"elementor-element elementor-element-b2a8e58 elementor-widget elementor-widget-image\" data-id=\"b2a8e58\" data-element_type=\"widget\" data-e-type=\"widget\" data-widget_type=\"image.default\">\n\t\t\t\t<div class=\"elementor-widget-container\">\n\t\t\t\t\t\t\t\t\t\t\t\t\t\t\t<img fetchpriority=\"high\" decoding=\"async\" width=\"1024\" height=\"770\" src=\"https:\/\/s-shaper.com\/wp-content\/uploads\/2024\/01\/img45-1024x770.jpg\" class=\"attachment-large size-large wp-image-2938\" alt=\"\" srcset=\"\" sizes=\"(max-width: 1024px) 100vw, 1024px\" title=\"\" data-srcset=\"\">\t\t\t\t\t\t\t\t\t\t\t\t\t\t\t<\/div>\n\t\t\t\t<\/div>\n\t\t\t\t<\/div>\n\t\t\t\t\t<\/div>\n\t\t\t\t<\/div>\n\t\t<div class=\"elementor-element elementor-element-fae9fd5 e-flex e-con-boxed e-con e-parent\" data-id=\"fae9fd5\" data-element_type=\"container\" data-e-type=\"container\">\n\t\t\t\t\t<div class=\"e-con-inner\">\n\t\t<div class=\"elementor-element elementor-element-4620973 e-con-full e-flex e-con e-child\" data-id=\"4620973\" data-element_type=\"container\" data-e-type=\"container\">\n\t\t\t\t<div class=\"elementor-element elementor-element-7837d26 elementor-widget elementor-widget-image\" data-id=\"7837d26\" data-element_type=\"widget\" data-e-type=\"widget\" data-widget_type=\"image.default\">\n\t\t\t\t<div class=\"elementor-widget-container\">\n\t\t\t\t\t\t\t\t\t\t\t\t\t\t\t<img decoding=\"async\" width=\"1000\" height=\"666\" src=\"https:\/\/s-shaper.com\/wp-content\/uploads\/2024\/01\/img589.jpg\" class=\"attachment-large size-large wp-image-2939\" alt=\"\" srcset=\"https:\/\/s-shaper.com\/wp-content\/uploads\/2024\/01\/img589.jpg 1000w, https:\/\/s-shaper.com\/wp-content\/uploads\/2024\/01\/img589-600x400.jpg 600w, https:\/\/s-shaper.com\/wp-content\/uploads\/2024\/01\/img589-300x200.jpg 300w, https:\/\/s-shaper.com\/wp-content\/uploads\/2024\/01\/img589-768x511.jpg 768w\" sizes=\"(max-width: 1000px) 100vw, 1000px\" title=\"\">\t\t\t\t\t\t\t\t\t\t\t\t\t\t\t<\/div>\n\t\t\t\t<\/div>\n\t\t\t\t<\/div>\n\t\t<div class=\"elementor-element elementor-element-a281acd e-con-full e-flex e-con e-child\" data-id=\"a281acd\" data-element_type=\"container\" data-e-type=\"container\">\n\t\t\t\t<div class=\"elementor-element elementor-element-0a1113f elementor-widget elementor-widget-text-editor\" data-id=\"0a1113f\" data-element_type=\"widget\" data-e-type=\"widget\" data-widget_type=\"text-editor.default\">\n\t\t\t\t<div class=\"elementor-widget-container\">\n\t\t\t\t\t\t\t\t\t<p>Gr\u00e2ce \u00e0 la beaut\u00e9 et \u00e0 la libert\u00e9 offertes par S-SHAPER, vous pouvez vivre votre vrai moi avec plus de confiance.<\/p><p>Rejoignez la communaut\u00e9 des filles S-SHAPER, et S-SHAPER veut \u00eatre t\u00e9moin de votre \u00e9volution et de votre beaut\u00e9. Grandissez avec nous et appr\u00e9ciez votre meilleur moi !<\/p>\t\t\t\t\t\t\t\t<\/div>\n\t\t\t\t<\/div>\n\t\t\t\t<\/div>\n\t\t\t\t\t<\/div>\n\t\t\t\t<\/div>\n\t\t<div class=\"elementor-element elementor-element-bb7331c e-flex e-con-boxed e-con e-parent\" data-id=\"bb7331c\" data-element_type=\"container\" data-e-type=\"container\">\n\t\t\t\t\t<div class=\"e-con-inner\">\n\t\t<div class=\"elementor-element elementor-element-c418cf3 e-con-full elementor-hidden-mobile e-flex e-con e-child\" data-id=\"c418cf3\" data-element_type=\"container\" data-e-type=\"container\">\n\t\t\t\t<div class=\"elementor-element elementor-element-4fa5346 elementor-widget elementor-widget-image\" data-id=\"4fa5346\" data-element_type=\"widget\" data-e-type=\"widget\" data-widget_type=\"image.default\">\n\t\t\t\t<div class=\"elementor-widget-container\">\n\t\t\t\t\t\t\t\t\t\t\t\t\t\t\t<img decoding=\"async\" width=\"1000\" height=\"1000\" src=\"https:\/\/s-shaper.com\/wp-content\/uploads\/2024\/01\/U0598-6.jpg\" class=\"attachment-large size-large wp-image-3467\" alt=\"\" srcset=\"https:\/\/s-shaper.com\/wp-content\/uploads\/2024\/01\/U0598-6.jpg 1000w, https:\/\/s-shaper.com\/wp-content\/uploads\/2024\/01\/U0598-6-300x300.jpg 300w, https:\/\/s-shaper.com\/wp-content\/uploads\/2024\/01\/U0598-6-80x80.jpg 80w, https:\/\/s-shaper.com\/wp-content\/uploads\/2024\/01\/U0598-6-768x768.jpg 768w, https:\/\/s-shaper.com\/wp-content\/uploads\/2024\/01\/U0598-6-600x600.jpg 600w, https:\/\/s-shaper.com\/wp-content\/uploads\/2024\/01\/U0598-6-100x100.jpg 100w\" sizes=\"(max-width: 1000px) 100vw, 1000px\" title=\"\">\t\t\t\t\t\t\t\t\t\t\t\t\t\t\t<\/div>\n\t\t\t\t<\/div>\n\t\t\t\t<\/div>\n\t\t<div class=\"elementor-element elementor-element-255a3f5 e-con-full e-flex e-con e-child\" data-id=\"255a3f5\" data-element_type=\"container\" data-e-type=\"container\">\n\t\t\t\t<div class=\"elementor-element elementor-element-8988745 elementor-widget elementor-widget-heading\" data-id=\"8988745\" data-element_type=\"widget\" data-e-type=\"widget\" data-widget_type=\"heading.default\">\n\t\t\t\t<div class=\"elementor-widget-container\">\n\t\t\t\t\t<h2 class=\"elementor-heading-title elementor-size-default\">Notre vision et nos valeurs\u00a0: Exploration approfondie des fondements de S-SHAPER<\/h2>\t\t\t\t<\/div>\n\t\t\t\t<\/div>\n\t\t\t\t<div class=\"elementor-element elementor-element-0108881 elementor-widget elementor-widget-text-editor\" data-id=\"0108881\" data-element_type=\"widget\" data-e-type=\"widget\" data-widget_type=\"text-editor.default\">\n\t\t\t\t<div class=\"elementor-widget-container\">\n\t\t\t\t\t\t\t\t\t<p>La philosophie de la marque S-SHAPER est ancr\u00e9e dans les concepts de \"amour et de beaut\u00e9\". Les fondateurs Anny et Louis croient que chaque femme m\u00e9rite de ressentir le confort, la beaut\u00e9 et la libert\u00e9. Cette \u00e9thique se refl\u00e8te non seulement dans la conception et la fonctionnalit\u00e9 de nos produits, mais aussi dans notre culture d'entreprise fond\u00e9e sur le respect, l'inclusion et la diversit\u00e9. Nous nous consacrons \u00e0 la cr\u00e9ation d'une gamme de produits qui met en valeur la diversit\u00e9 et accentue la beaut\u00e9 unique de chaque femme.<\/p><p>S-SHAPER d\u00e9fend une culture de diversit\u00e9 et d'inclusion, encourageant une pens\u00e9e innovante et diverse au sein de notre \u00e9quipe. Nos conceptions de produits et nos strat\u00e9gies marketing visent \u00e0 respecter et \u00e0 c\u00e9l\u00e9brer les diff\u00e9rents types de corps, milieux culturels et modes de vie.<\/p>\t\t\t\t\t\t\t\t<\/div>\n\t\t\t\t<\/div>\n\t\t\t\t<\/div>\n\t\t\t\t\t<\/div>\n\t\t\t\t<\/div>\n\t\t<div class=\"elementor-element elementor-element-5cec6fa e-flex e-con-boxed e-con e-parent\" data-id=\"5cec6fa\" data-element_type=\"container\" data-e-type=\"container\">\n\t\t\t\t\t<div class=\"e-con-inner\">\n\t\t<div class=\"elementor-element elementor-element-6b90537 e-con-full e-flex e-con e-child\" data-id=\"6b90537\" data-element_type=\"container\" data-e-type=\"container\">\n\t\t\t\t<div class=\"elementor-element elementor-element-558bc4c elementor-widget elementor-widget-heading\" data-id=\"558bc4c\" data-element_type=\"widget\" data-e-type=\"widget\" data-widget_type=\"heading.default\">\n\t\t\t\t<div class=\"elementor-widget-container\">\n\t\t\t\t\t<h2 class=\"elementor-heading-title elementor-size-default\">Notre voyage : l'\u00e9volution et la croissance de S-SHAPER<\/h2>\t\t\t\t<\/div>\n\t\t\t\t<\/div>\n\t\t\t\t<div class=\"elementor-element elementor-element-d534a7d elementor-widget elementor-widget-text-editor\" data-id=\"d534a7d\" data-element_type=\"widget\" data-e-type=\"widget\" data-widget_type=\"text-editor.default\">\n\t\t\t\t<div class=\"elementor-widget-container\">\n\t\t\t\t\t\t\t\t\t<p>L\u2019histoire de S-SHAPER a commenc\u00e9 avec les exp\u00e9riences personnelles d\u2019Anny et Louis. En tant que jeunes parents, leur besoin de r\u00e9cup\u00e9ration et de v\u00eatements confortables post-partum les a inspir\u00e9s \u00e0 cr\u00e9er un nouveau type de marque de v\u00eatements gainants. Leur parcours ne se limite pas \u00e0 la r\u00e9ussite commerciale, mais vise \u00e0 am\u00e9liorer les exp\u00e9riences de vie des femmes.<\/p>\t\t\t\t\t\t\t\t<\/div>\n\t\t\t\t<\/div>\n\t\t\t\t<div class=\"elementor-element elementor-element-0deba51 elementor-icon-list--layout-traditional elementor-list-item-link-full_width elementor-widget elementor-widget-icon-list\" data-id=\"0deba51\" data-element_type=\"widget\" data-e-type=\"widget\" data-showme=\"img-1\" data-widget_type=\"icon-list.default\">\n\t\t\t\t<div class=\"elementor-widget-container\">\n\t\t\t\t\t\t\t<ul class=\"elementor-icon-list-items\">\n\t\t\t\t\t\t\t<li class=\"elementor-icon-list-item\">\n\t\t\t\t\t\t\t\t\t\t\t<span class=\"elementor-icon-list-icon\">\n\t\t\t\t\t\t\t<svg xmlns=\"http:\/\/www.w3.org\/2000\/svg\" xmlns:xlink=\"http:\/\/www.w3.org\/1999\/xlink\" class=\"icon\" viewbox=\"0 0 1024 1024\" width=\"200\" height=\"200\"><path d=\"M512 65.984C266.08 65.984 65.984 266.08 65.984 512c0 245.952 200.064 446.016 446.016 446.016 245.952 0 446.016-200.064 446.016-446.016C958.016 266.08 757.952 65.984 512 65.984zM727.232 438.432l-256.224 259.008c-0.064 0.064-0.192 0.096-0.256 0.192-0.096 0.064-0.096 0.192-0.192 0.256-2.048 1.984-4.576 3.2-6.944 4.544-1.184 0.672-2.144 1.696-3.392 2.176-3.84 1.536-7.904 2.336-11.968 2.336-4.096 0-8.224-0.8-12.096-2.4-1.28-0.544-2.304-1.632-3.52-2.304-2.368-1.344-4.832-2.528-6.88-4.544-0.064-0.064-0.096-0.192-0.16-0.256-0.064-0.096-0.192-0.096-0.256-0.192l-126.016-129.504c-12.32-12.672-12.032-32.928 0.64-45.248 12.672-12.288 32.896-12.064 45.248 0.64l103.264 106.112 233.28-235.84c12.416-12.576 32.704-12.704 45.248-0.256C739.52 405.6 739.648 425.856 727.232 438.432z\"><\/path><\/svg>\t\t\t\t\t\t<\/span>\n\t\t\t\t\t\t\t\t\t\t<span class=\"elementor-icon-list-text\">S\u00e9lection des mat\u00e9riaux : Engagement pour la qualit\u00e9 et la durabilit\u00e9<\/span>\n\t\t\t\t\t\t\t\t\t<\/li>\n\t\t\t\t\t\t\t\t<li class=\"elementor-icon-list-item\">\n\t\t\t\t\t\t\t\t\t\t\t<span class=\"elementor-icon-list-icon\">\n\t\t\t\t\t\t\t<svg xmlns=\"http:\/\/www.w3.org\/2000\/svg\" xmlns:xlink=\"http:\/\/www.w3.org\/1999\/xlink\" class=\"icon\" viewbox=\"0 0 1024 1024\" width=\"200\" height=\"200\"><path d=\"M512 65.984C266.08 65.984 65.984 266.08 65.984 512c0 245.952 200.064 446.016 446.016 446.016 245.952 0 446.016-200.064 446.016-446.016C958.016 266.08 757.952 65.984 512 65.984zM727.232 438.432l-256.224 259.008c-0.064 0.064-0.192 0.096-0.256 0.192-0.096 0.064-0.096 0.192-0.192 0.256-2.048 1.984-4.576 3.2-6.944 4.544-1.184 0.672-2.144 1.696-3.392 2.176-3.84 1.536-7.904 2.336-11.968 2.336-4.096 0-8.224-0.8-12.096-2.4-1.28-0.544-2.304-1.632-3.52-2.304-2.368-1.344-4.832-2.528-6.88-4.544-0.064-0.064-0.096-0.192-0.16-0.256-0.064-0.096-0.192-0.096-0.256-0.192l-126.016-129.504c-12.32-12.672-12.032-32.928 0.64-45.248 12.672-12.288 32.896-12.064 45.248 0.64l103.264 106.112 233.28-235.84c12.416-12.576 32.704-12.704 45.248-0.256C739.52 405.6 739.648 425.856 727.232 438.432z\"><\/path><\/svg>\t\t\t\t\t\t<\/span>\n\t\t\t\t\t\t\t\t\t\t<span class=\"elementor-icon-list-text\">Innovation en mati\u00e8re de design : allier art et fonctionnalit\u00e9<\/span>\n\t\t\t\t\t\t\t\t\t<\/li>\n\t\t\t\t\t\t\t\t<li class=\"elementor-icon-list-item\">\n\t\t\t\t\t\t\t\t\t\t\t<span class=\"elementor-icon-list-icon\">\n\t\t\t\t\t\t\t<svg xmlns=\"http:\/\/www.w3.org\/2000\/svg\" xmlns:xlink=\"http:\/\/www.w3.org\/1999\/xlink\" class=\"icon\" viewbox=\"0 0 1024 1024\" width=\"200\" height=\"200\"><path d=\"M512 65.984C266.08 65.984 65.984 266.08 65.984 512c0 245.952 200.064 446.016 446.016 446.016 245.952 0 446.016-200.064 446.016-446.016C958.016 266.08 757.952 65.984 512 65.984zM727.232 438.432l-256.224 259.008c-0.064 0.064-0.192 0.096-0.256 0.192-0.096 0.064-0.096 0.192-0.192 0.256-2.048 1.984-4.576 3.2-6.944 4.544-1.184 0.672-2.144 1.696-3.392 2.176-3.84 1.536-7.904 2.336-11.968 2.336-4.096 0-8.224-0.8-12.096-2.4-1.28-0.544-2.304-1.632-3.52-2.304-2.368-1.344-4.832-2.528-6.88-4.544-0.064-0.064-0.096-0.192-0.16-0.256-0.064-0.096-0.192-0.096-0.256-0.192l-126.016-129.504c-12.32-12.672-12.032-32.928 0.64-45.248 12.672-12.288 32.896-12.064 45.248 0.64l103.264 106.112 233.28-235.84c12.416-12.576 32.704-12.704 45.248-0.256C739.52 405.6 739.648 425.856 727.232 438.432z\"><\/path><\/svg>\t\t\t\t\t\t<\/span>\n\t\t\t\t\t\t\t\t\t\t<span class=\"elementor-icon-list-text\">Expansion du march\u00e9 : croissance \u00e0 l'\u00e9chelle mondiale, connexion locale<\/span>\n\t\t\t\t\t\t\t\t\t<\/li>\n\t\t\t\t\t\t<\/ul>\n\t\t\t\t\t\t<\/div>\n\t\t\t\t<\/div>\n\t\t\t\t<div class=\"elementor-element elementor-element-54e55b1 elementor-widget elementor-widget-text-editor\" data-id=\"54e55b1\" data-element_type=\"widget\" data-e-type=\"widget\" data-widget_type=\"text-editor.default\">\n\t\t\t\t<div class=\"elementor-widget-container\">\n\t\t\t\t\t\t\t\t\t<p>Des d\u00e9fis de la phase de d\u00e9marrage \u00e0 la maturit\u00e9 de la marque, S-SHAPER a connu un d\u00e9veloppement global dans la s\u00e9lection des mat\u00e9riaux, l\u2019innovation du design et l\u2019expansion du march\u00e9. Anny et Louis ont personnellement parcouru la Chine pour trouver les mat\u00e9riaux et les composants les plus appropri\u00e9s, testant et am\u00e9liorant continuellement leurs produits pour cr\u00e9er ce qu'est S-SHAPER aujourd'hui.<\/p>\t\t\t\t\t\t\t\t<\/div>\n\t\t\t\t<\/div>\n\t\t\t\t<\/div>\n\t\t<div class=\"elementor-element elementor-element-5ca56e0 e-con-full e-flex e-con e-child\" data-id=\"5ca56e0\" data-element_type=\"container\" data-e-type=\"container\">\n\t\t\t\t<div class=\"elementor-element elementor-element-696d1cc elementor-widget elementor-widget-image\" data-id=\"696d1cc\" data-element_type=\"widget\" data-e-type=\"widget\" data-widget_type=\"image.default\">\n\t\t\t\t<div class=\"elementor-widget-container\">\n\t\t\t\t\t\t\t\t\t\t\t\t\t\t\t<img loading=\"lazy\" decoding=\"async\" width=\"1000\" height=\"1000\" src=\"https:\/\/s-shaper.com\/wp-content\/uploads\/2024\/01\/SGS11-1.jpg\" class=\"attachment-large size-large wp-image-3483\" alt=\"\" srcset=\"https:\/\/s-shaper.com\/wp-content\/uploads\/2024\/01\/SGS11-1.jpg 1000w, https:\/\/s-shaper.com\/wp-content\/uploads\/2024\/01\/SGS11-1-300x300.jpg 300w, https:\/\/s-shaper.com\/wp-content\/uploads\/2024\/01\/SGS11-1-80x80.jpg 80w, https:\/\/s-shaper.com\/wp-content\/uploads\/2024\/01\/SGS11-1-768x768.jpg 768w, https:\/\/s-shaper.com\/wp-content\/uploads\/2024\/01\/SGS11-1-600x600.jpg 600w, https:\/\/s-shaper.com\/wp-content\/uploads\/2024\/01\/SGS11-1-100x100.jpg 100w\" sizes=\"(max-width: 1000px) 100vw, 1000px\" title=\"\">\t\t\t\t\t\t\t\t\t\t\t\t\t\t\t<\/div>\n\t\t\t\t<\/div>\n\t\t\t\t<\/div>\n\t\t\t\t\t<\/div>\n\t\t\t\t<\/div>\n\t\t<div class=\"elementor-element elementor-element-a01a70f e-flex e-con-boxed e-con e-parent\" data-id=\"a01a70f\" data-element_type=\"container\" data-e-type=\"container\" data-settings=\"{&quot;background_background&quot;:&quot;classic&quot;}\">\n\t\t\t\t\t<div class=\"e-con-inner\">\n\t\t\t\t<div class=\"elementor-element elementor-element-9253250 elementor-widget elementor-widget-heading\" data-id=\"9253250\" data-element_type=\"widget\" data-e-type=\"widget\" data-widget_type=\"heading.default\">\n\t\t\t\t<div class=\"elementor-widget-container\">\n\t\t\t\t\t<h2 class=\"elementor-heading-title elementor-size-default\">Renforcement du monde\u00a0: l\u2019impact de nos efforts marketing\u00a0<\/h2>\t\t\t\t<\/div>\n\t\t\t\t<\/div>\n\t\t\t\t<div class=\"elementor-element elementor-element-6c9908b elementor-widget elementor-widget-text-editor\" data-id=\"6c9908b\" data-element_type=\"widget\" data-e-type=\"widget\" data-widget_type=\"text-editor.default\">\n\t\t\t\t<div class=\"elementor-widget-container\">\n\t\t\t\t\t\t\t\t\t<p>Les activit\u00e9s marketing de S-SHAPER mettent l'accent sur les valeurs fondamentales de la marque : confort, beaut\u00e9 et libert\u00e9. Nos promotions vont au-del\u00e0 de la publicit\u00e9 traditionnelle, englobant l'engagement sur les m\u00e9dias sociaux, le renforcement de la communaut\u00e9 et la participation \u00e0 des activit\u00e9s caritatives, \u00e9tablissant ainsi un v\u00e9ritable lien avec nos clients.<\/p><p>Nos activit\u00e9s marketing ont eu un impact significatif. Ces efforts ont conduit non seulement \u00e0 am\u00e9liorer la reconnaissance de la marque, mais \u00e9galement \u00e0 construire avec succ\u00e8s une base de clients fid\u00e8les. Les commentaires positifs des clients et l'engagement croissant de la communaut\u00e9 valident l'efficacit\u00e9 de nos strat\u00e9gies promotionnelles.<\/p>\t\t\t\t\t\t\t\t<\/div>\n\t\t\t\t<\/div>\n\t\t\t\t\t<\/div>\n\t\t\t\t<\/div>\n\t\t\t\t<\/div>","protected":false},"excerpt":{"rendered":"<p>Brand Ethos and Value Proposition You can be more beautiful! Bring beauty and love to all women. Grow with us and enjoy your best self! Anny and Louis are a couple. They created S-SHAPER because of love and hoped to bring beauty and love to all women in the world. Anny used to be an [&hellip;]<\/p>\n","protected":false},"author":1,"featured_media":0,"parent":0,"menu_order":0,"comment_status":"closed","ping_status":"closed","template":"","meta":{"_acf_changed":false,"footnotes":""},"class_list":["post-2932","page","type-page","status-publish","hentry"],"blocksy_meta":[],"acf":[],"_links":{"self":[{"href":"https:\/\/s-shaper.com\/fr\/wp-json\/wp\/v2\/pages\/2932","targetHints":{"allow":["GET"]}}],"collection":[{"href":"https:\/\/s-shaper.com\/fr\/wp-json\/wp\/v2\/pages"}],"about":[{"href":"https:\/\/s-shaper.com\/fr\/wp-json\/wp\/v2\/types\/page"}],"author":[{"embeddable":true,"href":"https:\/\/s-shaper.com\/fr\/wp-json\/wp\/v2\/users\/1"}],"replies":[{"embeddable":true,"href":"https:\/\/s-shaper.com\/fr\/wp-json\/wp\/v2\/comments?post=2932"}],"version-history":[{"count":17,"href":"https:\/\/s-shaper.com\/fr\/wp-json\/wp\/v2\/pages\/2932\/revisions"}],"predecessor-version":[{"id":5445,"href":"https:\/\/s-shaper.com\/fr\/wp-json\/wp\/v2\/pages\/2932\/revisions\/5445"}],"wp:attachment":[{"href":"https:\/\/s-shaper.com\/fr\/wp-json\/wp\/v2\/media?parent=2932"}],"curies":[{"name":"wp","href":"https:\/\/api.w.org\/{rel}","templated":true}]}}