{"id":2920,"date":"2024-01-09T05:42:14","date_gmt":"2024-01-09T05:42:14","guid":{"rendered":"https:\/\/sshape.easyceotech.com\/?page_id=2920"},"modified":"2024-04-23T08:04:42","modified_gmt":"2024-04-23T08:04:42","slug":"background-of-shapewear","status":"publish","type":"page","link":"https:\/\/s-shaper.com\/fr\/background-of-shapewear\/","title":{"rendered":"Contexte des v\u00eatements de forme"},"content":{"rendered":"<div data-elementor-type=\"wp-page\" data-elementor-id=\"2920\" class=\"elementor elementor-2920\" data-elementor-post-type=\"page\">\n\t\t\t\t<div class=\"elementor-element elementor-element-5c0f8f6 e-flex e-con-boxed e-con e-parent\" data-id=\"5c0f8f6\" data-element_type=\"container\" data-e-type=\"container\" data-settings=\"{&quot;background_background&quot;:&quot;classic&quot;}\">\n\t\t\t\t\t<div class=\"e-con-inner\">\n\t\t\t\t<div class=\"elementor-element elementor-element-c4f9741 elementor-widget elementor-widget-heading\" data-id=\"c4f9741\" data-element_type=\"widget\" data-e-type=\"widget\" data-widget_type=\"heading.default\">\n\t\t\t\t<div class=\"elementor-widget-container\">\n\t\t\t\t\t<h1 class=\"elementor-heading-title elementor-size-default\">Contexte des v\u00eatements de forme<\/h1>\t\t\t\t<\/div>\n\t\t\t\t<\/div>\n\t\t\t\t\t<\/div>\n\t\t\t\t<\/div>\n\t\t<div class=\"elementor-element elementor-element-9654621 e-flex e-con-boxed e-con e-parent\" data-id=\"9654621\" data-element_type=\"container\" data-e-type=\"container\">\n\t\t\t\t\t<div class=\"e-con-inner\">\n\t\t<div class=\"elementor-element elementor-element-af6ddbf e-con-full e-flex e-con e-child\" data-id=\"af6ddbf\" data-element_type=\"container\" data-e-type=\"container\" data-settings=\"{&quot;background_background&quot;:&quot;classic&quot;}\">\n\t\t\t\t<div class=\"elementor-element elementor-element-4c7a852 elementor-widget elementor-widget-image\" data-id=\"4c7a852\" data-element_type=\"widget\" data-e-type=\"widget\" data-widget_type=\"image.default\">\n\t\t\t\t<div class=\"elementor-widget-container\">\n\t\t\t\t\t\t\t\t\t\t\t\t\t\t\t<img fetchpriority=\"high\" decoding=\"async\" width=\"717\" height=\"717\" src=\"https:\/\/s-shaper.com\/wp-content\/uploads\/2024\/01\/img27.jpg\" class=\"attachment-large size-large wp-image-2923\" alt=\"\" srcset=\"https:\/\/s-shaper.com\/wp-content\/uploads\/2024\/01\/img27.jpg 717w, https:\/\/s-shaper.com\/wp-content\/uploads\/2024\/01\/img27-600x600.jpg 600w, https:\/\/s-shaper.com\/wp-content\/uploads\/2024\/01\/img27-100x100.jpg 100w, https:\/\/s-shaper.com\/wp-content\/uploads\/2024\/01\/img27-300x300.jpg 300w, https:\/\/s-shaper.com\/wp-content\/uploads\/2024\/01\/img27-80x80.jpg 80w\" sizes=\"(max-width: 717px) 100vw, 717px\" title=\"\">\t\t\t\t\t\t\t\t\t\t\t\t\t\t\t<\/div>\n\t\t\t\t<\/div>\n\t\t\t\t<div class=\"elementor-element elementor-element-a25f976 elementor-widget elementor-widget-heading\" data-id=\"a25f976\" data-element_type=\"widget\" data-e-type=\"widget\" data-widget_type=\"heading.default\">\n\t\t\t\t<div class=\"elementor-widget-container\">\n\t\t\t\t\t<h2 class=\"elementor-heading-title elementor-size-default\">XVIe si\u00e8cle<\/h2>\t\t\t\t<\/div>\n\t\t\t\t<\/div>\n\t\t\t\t<div class=\"elementor-element elementor-element-9d1c655 elementor-widget elementor-widget-text-editor\" data-id=\"9d1c655\" data-element_type=\"widget\" data-e-type=\"widget\" data-widget_type=\"text-editor.default\">\n\t\t\t\t<div class=\"elementor-widget-container\">\n\t\t\t\t\t\t\t\t\t<ul><li>\"Tr\u00e8s serr\u00e9\"<\/li><li>Accent mis sur les formes f\u00e9minines<\/li><\/ul>\t\t\t\t\t\t\t\t<\/div>\n\t\t\t\t<\/div>\n\t\t\t\t<\/div>\n\t\t<div class=\"elementor-element elementor-element-c393884 e-con-full e-flex e-con e-child\" data-id=\"c393884\" data-element_type=\"container\" data-e-type=\"container\" data-settings=\"{&quot;background_background&quot;:&quot;classic&quot;}\">\n\t\t\t\t<div class=\"elementor-element elementor-element-0f3d371 elementor-widget elementor-widget-image\" data-id=\"0f3d371\" data-element_type=\"widget\" data-e-type=\"widget\" data-widget_type=\"image.default\">\n\t\t\t\t<div class=\"elementor-widget-container\">\n\t\t\t\t\t\t\t\t\t\t\t\t\t\t\t<img decoding=\"async\" width=\"717\" height=\"717\" src=\"https:\/\/s-shaper.com\/wp-content\/uploads\/2024\/01\/img29.jpg\" class=\"attachment-large size-large wp-image-2924\" alt=\"\" srcset=\"https:\/\/s-shaper.com\/wp-content\/uploads\/2024\/01\/img29.jpg 717w, https:\/\/s-shaper.com\/wp-content\/uploads\/2024\/01\/img29-600x600.jpg 600w, https:\/\/s-shaper.com\/wp-content\/uploads\/2024\/01\/img29-100x100.jpg 100w, https:\/\/s-shaper.com\/wp-content\/uploads\/2024\/01\/img29-300x300.jpg 300w, https:\/\/s-shaper.com\/wp-content\/uploads\/2024\/01\/img29-80x80.jpg 80w\" sizes=\"(max-width: 717px) 100vw, 717px\" title=\"\">\t\t\t\t\t\t\t\t\t\t\t\t\t\t\t<\/div>\n\t\t\t\t<\/div>\n\t\t\t\t<div class=\"elementor-element elementor-element-d3c0fd0 elementor-widget elementor-widget-heading\" data-id=\"d3c0fd0\" data-element_type=\"widget\" data-e-type=\"widget\" data-widget_type=\"heading.default\">\n\t\t\t\t<div class=\"elementor-widget-container\">\n\t\t\t\t\t<h2 class=\"elementor-heading-title elementor-size-default\">Les progr\u00e8s du \nXVIIIe et du \nd\u00e9but du XIXe si\u00e8cle<\/h2>\t\t\t\t<\/div>\n\t\t\t\t<\/div>\n\t\t\t\t<div class=\"elementor-element elementor-element-36641dd elementor-widget elementor-widget-text-editor\" data-id=\"36641dd\" data-element_type=\"widget\" data-e-type=\"widget\" data-widget_type=\"text-editor.default\">\n\t\t\t\t<div class=\"elementor-widget-container\">\n\t\t\t\t\t\t\t\t\t<ul><li>Tr\u00e8s difficile de se plier<\/li><li>La fonction principale devient de soutenir le torse<\/li><\/ul>\t\t\t\t\t\t\t\t<\/div>\n\t\t\t\t<\/div>\n\t\t\t\t<\/div>\n\t\t<div class=\"elementor-element elementor-element-e9cb9d7 e-con-full e-flex e-con e-child\" data-id=\"e9cb9d7\" data-element_type=\"container\" data-e-type=\"container\" data-settings=\"{&quot;background_background&quot;:&quot;classic&quot;}\">\n\t\t\t\t<div class=\"elementor-element elementor-element-c2b82a9 elementor-widget elementor-widget-image\" data-id=\"c2b82a9\" data-element_type=\"widget\" data-e-type=\"widget\" data-widget_type=\"image.default\">\n\t\t\t\t<div class=\"elementor-widget-container\">\n\t\t\t\t\t\t\t\t\t\t\t\t\t\t\t<img decoding=\"async\" width=\"717\" height=\"717\" src=\"https:\/\/s-shaper.com\/wp-content\/uploads\/2024\/01\/img31.jpg\" class=\"attachment-large size-large wp-image-2922\" alt=\"\" srcset=\"https:\/\/s-shaper.com\/wp-content\/uploads\/2024\/01\/img31.jpg 717w, https:\/\/s-shaper.com\/wp-content\/uploads\/2024\/01\/img31-600x600.jpg 600w, https:\/\/s-shaper.com\/wp-content\/uploads\/2024\/01\/img31-100x100.jpg 100w, https:\/\/s-shaper.com\/wp-content\/uploads\/2024\/01\/img31-300x300.jpg 300w, https:\/\/s-shaper.com\/wp-content\/uploads\/2024\/01\/img31-80x80.jpg 80w\" sizes=\"(max-width: 717px) 100vw, 717px\" title=\"\">\t\t\t\t\t\t\t\t\t\t\t\t\t\t\t<\/div>\n\t\t\t\t<\/div>\n\t\t\t\t<div class=\"elementor-element elementor-element-f331e7b elementor-widget elementor-widget-heading\" data-id=\"f331e7b\" data-element_type=\"widget\" data-e-type=\"widget\" data-widget_type=\"heading.default\">\n\t\t\t\t<div class=\"elementor-widget-container\">\n\t\t\t\t\t<h2 class=\"elementor-heading-title elementor-size-default\">Les Temps modernes<\/h2>\t\t\t\t<\/div>\n\t\t\t\t<\/div>\n\t\t\t\t<div class=\"elementor-element elementor-element-9ad24f5 elementor-widget elementor-widget-text-editor\" data-id=\"9ad24f5\" data-element_type=\"widget\" data-e-type=\"widget\" data-widget_type=\"text-editor.default\">\n\t\t\t\t<div class=\"elementor-widget-container\">\n\t\t\t\t\t\t\t\t\t<ul><li><p>R\u00e9paration Postpartum<\/p><\/li><li><p>Plus d'accent sur le confort et le soutien<\/p><\/li><\/ul>\t\t\t\t\t\t\t\t<\/div>\n\t\t\t\t<\/div>\n\t\t\t\t<\/div>\n\t\t\t\t\t<\/div>\n\t\t\t\t<\/div>\n\t\t<div class=\"elementor-element elementor-element-43b990d e-flex e-con-boxed e-con e-parent\" data-id=\"43b990d\" data-element_type=\"container\" data-e-type=\"container\">\n\t\t\t\t\t<div class=\"e-con-inner\">\n\t\t\t\t<div class=\"elementor-element elementor-element-d2ae765 elementor-widget elementor-widget-heading\" data-id=\"d2ae765\" data-element_type=\"widget\" data-e-type=\"widget\" data-widget_type=\"heading.default\">\n\t\t\t\t<div class=\"elementor-widget-container\">\n\t\t\t\t\t<h2 class=\"elementor-heading-title elementor-size-default\">Les v\u00eatements de mise en forme sont florissants<\/h2>\t\t\t\t<\/div>\n\t\t\t\t<\/div>\n\t\t\t\t\t<\/div>\n\t\t\t\t<\/div>\n\t\t<div class=\"elementor-element elementor-element-1eb92ee elementor-hidden-mobile e-flex e-con-boxed e-con e-parent\" data-id=\"1eb92ee\" data-element_type=\"container\" data-e-type=\"container\">\n\t\t\t\t\t<div class=\"e-con-inner\">\n\t\t<div class=\"elementor-element elementor-element-58f5524 e-con-full e-flex e-con e-child\" data-id=\"58f5524\" data-element_type=\"container\" data-e-type=\"container\">\n\t\t\t\t<div class=\"elementor-element elementor-element-0e28a4d elementor-widget elementor-widget-text-editor\" data-id=\"0e28a4d\" data-element_type=\"widget\" data-e-type=\"widget\" data-widget_type=\"text-editor.default\">\n\t\t\t\t<div class=\"elementor-widget-container\">\n\t\t\t\t\t\t\t\t\t<ul><li>Le march\u00e9 mondial des v\u00eatements de compression et de mise en forme a atteint une valeur de 14,19 milliards USD en 2021. L'\u00e9diteur s'attend \u00e0 ce que ce march\u00e9 atteigne une valeur de 22,27 milliards USD d'ici 2027, affichant un TCAC de 7,50 % au cours de la p\u00e9riode 2022-2027.<\/li><\/ul>\t\t\t\t\t\t\t\t<\/div>\n\t\t\t\t<\/div>\n\t\t\t\t<div class=\"elementor-element elementor-element-fd2b3dc elementor-widget elementor-widget-text-editor\" data-id=\"fd2b3dc\" data-element_type=\"widget\" data-e-type=\"widget\" data-widget_type=\"text-editor.default\">\n\t\t\t\t<div class=\"elementor-widget-container\">\n\t\t\t\t\t\t\t\t\t<ul><li>Nike, Inc.<\/li><li>Adidas AG<\/li><li>Spanx Inc.<\/li><li>Triumph International Corporation<\/li><li>Leonisa<\/li><li>Wacoal America, Inc.<\/li><li>Ann Chery<\/li><li>2XU Pty. Ltd.<\/li><li>Under Armour Inc.<\/li><li>Skins International Trading AG<\/li><\/ul>\t\t\t\t\t\t\t\t<\/div>\n\t\t\t\t<\/div>\n\t\t\t\t<\/div>\n\t\t<div class=\"elementor-element elementor-element-5c08023 e-con-full e-flex e-con e-child\" data-id=\"5c08023\" data-element_type=\"container\" data-e-type=\"container\">\n\t\t<div class=\"elementor-element elementor-element-0f1ea5e e-flex e-con-boxed e-con e-child\" data-id=\"0f1ea5e\" data-element_type=\"container\" data-e-type=\"container\">\n\t\t\t\t\t<div class=\"e-con-inner\">\n\t\t<div class=\"elementor-element elementor-element-72a414a e-flex e-con-boxed e-con e-child\" data-id=\"72a414a\" data-element_type=\"container\" data-e-type=\"container\" data-settings=\"{&quot;background_background&quot;:&quot;classic&quot;}\">\n\t\t\t\t\t<div class=\"e-con-inner\">\n\t\t\t\t<div class=\"elementor-element elementor-element-60055ac elementor-widget elementor-widget-heading\" data-id=\"60055ac\" data-element_type=\"widget\" data-e-type=\"widget\" data-widget_type=\"heading.default\">\n\t\t\t\t<div class=\"elementor-widget-container\">\n\t\t\t\t\t<h3 class=\"elementor-heading-title elementor-size-default\">Taille du march\u00e9 et croissance<\/h3>\t\t\t\t<\/div>\n\t\t\t\t<\/div>\n\t\t\t\t\t<\/div>\n\t\t\t\t<\/div>\n\t\t<div class=\"elementor-element elementor-element-8ae17db e-flex e-con-boxed e-con e-child\" data-id=\"8ae17db\" data-element_type=\"container\" data-e-type=\"container\" data-settings=\"{&quot;background_background&quot;:&quot;classic&quot;}\">\n\t\t\t\t\t<div class=\"e-con-inner\">\n\t\t\t\t<div class=\"elementor-element elementor-element-ff672df elementor-widget elementor-widget-heading\" data-id=\"ff672df\" data-element_type=\"widget\" data-e-type=\"widget\" data-widget_type=\"heading.default\">\n\t\t\t\t<div class=\"elementor-widget-container\">\n\t\t\t\t\t<h3 class=\"elementor-heading-title elementor-size-default\">Segmentation de la client\u00e8le<\/h3>\t\t\t\t<\/div>\n\t\t\t\t<\/div>\n\t\t\t\t\t<\/div>\n\t\t\t\t<\/div>\n\t\t\t\t\t<\/div>\n\t\t\t\t<\/div>\n\t\t<div class=\"elementor-element elementor-element-bc7bbe6 e-flex e-con-boxed e-con e-child\" data-id=\"bc7bbe6\" data-element_type=\"container\" data-e-type=\"container\">\n\t\t\t\t\t<div class=\"e-con-inner\">\n\t\t<div class=\"elementor-element elementor-element-f232427 e-flex e-con-boxed e-con e-child\" data-id=\"f232427\" data-element_type=\"container\" data-e-type=\"container\" data-settings=\"{&quot;background_background&quot;:&quot;classic&quot;}\">\n\t\t\t\t\t<div class=\"e-con-inner\">\n\t\t\t\t<div class=\"elementor-element elementor-element-ec3d8b4 elementor-widget elementor-widget-heading\" data-id=\"ec3d8b4\" data-element_type=\"widget\" data-e-type=\"widget\" data-widget_type=\"heading.default\">\n\t\t\t\t<div class=\"elementor-widget-container\">\n\t\t\t\t\t<h3 class=\"elementor-heading-title elementor-size-default\">Analyse de la\nconcurrence<\/h3>\t\t\t\t<\/div>\n\t\t\t\t<\/div>\n\t\t\t\t\t<\/div>\n\t\t\t\t<\/div>\n\t\t<div class=\"elementor-element elementor-element-2945646 e-flex e-con-boxed e-con e-child\" data-id=\"2945646\" data-element_type=\"container\" data-e-type=\"container\" data-settings=\"{&quot;background_background&quot;:&quot;classic&quot;}\">\n\t\t\t\t\t<div class=\"e-con-inner\">\n\t\t\t\t<div class=\"elementor-element elementor-element-d5fc742 elementor-widget elementor-widget-heading\" data-id=\"d5fc742\" data-element_type=\"widget\" data-e-type=\"widget\" data-widget_type=\"heading.default\">\n\t\t\t\t<div class=\"elementor-widget-container\">\n\t\t\t\t\t<h3 class=\"elementor-heading-title elementor-size-default\">Tendance du march\u00e9<\/h3>\t\t\t\t<\/div>\n\t\t\t\t<\/div>\n\t\t\t\t\t<\/div>\n\t\t\t\t<\/div>\n\t\t\t\t\t<\/div>\n\t\t\t\t<\/div>\n\t\t\t\t<\/div>\n\t\t<div class=\"elementor-element elementor-element-cdfd499 e-con-full e-flex e-con e-child\" data-id=\"cdfd499\" data-element_type=\"container\" data-e-type=\"container\">\n\t\t\t\t<div class=\"elementor-element elementor-element-973f5a1 elementor-widget elementor-widget-text-editor\" data-id=\"973f5a1\" data-element_type=\"widget\" data-e-type=\"widget\" data-widget_type=\"text-editor.default\">\n\t\t\t\t<div class=\"elementor-widget-container\">\n\t\t\t\t\t\t\t\t\t<ul><li>Le segment f\u00e9minin repr\u00e9sentait la plus grande part du chiffre d'affaires avec 94,0 % en 2020 et devrait cro\u00eetre \u00e0 un TCAC de 7,9 % au cours de la p\u00e9riode de pr\u00e9vision.<\/li><\/ul>\t\t\t\t\t\t\t\t<\/div>\n\t\t\t\t<\/div>\n\t\t\t\t<div class=\"elementor-element elementor-element-3f00611 elementor-widget elementor-widget-text-editor\" data-id=\"3f00611\" data-element_type=\"widget\" data-e-type=\"widget\" data-widget_type=\"text-editor.default\">\n\t\t\t\t<div class=\"elementor-widget-container\">\n\t\t\t\t\t\t\t\t\t<ul><li><p>Les articles de compression les plus populaires comprennent les bas, les hauts, les manches et les chaussettes, alors que les serre-tailles, les combinaisons et les slips font partie des articles de sous-v\u00eatements gainants les plus populaires aux \u00c9tats-Unis.<\/p><\/li><\/ul>\t\t\t\t\t\t\t\t<\/div>\n\t\t\t\t<\/div>\n\t\t\t\t<div class=\"elementor-element elementor-element-4e078c4 elementor-widget elementor-widget-text-editor\" data-id=\"4e078c4\" data-element_type=\"widget\" data-e-type=\"widget\" data-widget_type=\"text-editor.default\">\n\t\t\t\t<div class=\"elementor-widget-container\">\n\t\t\t\t\t\t\t\t\t<ul><li><p>Sankom Switzerland a cr\u00e9\u00e9 une gamme exclusive de v\u00eatements modelants en dentelle \u00e0 l'alo\u00e8s, antimicrobiens et qui apaisent le corps. De plus, Skins International a propos\u00e9 une ligne de v\u00eatements de compression infus\u00e9s avec un tissu en maille cha\u00eene avec plusieurs fils de haute qualit\u00e9 pour des performances am\u00e9lior\u00e9es.<\/p><\/li><\/ul>\t\t\t\t\t\t\t\t<\/div>\n\t\t\t\t<\/div>\n\t\t\t\t<\/div>\n\t\t\t\t\t<\/div>\n\t\t\t\t<\/div>\n\t\t<div class=\"elementor-element elementor-element-201ef56 elementor-hidden-desktop elementor-hidden-tablet e-flex e-con-boxed e-con e-parent\" data-id=\"201ef56\" data-element_type=\"container\" data-e-type=\"container\">\n\t\t\t\t\t<div class=\"e-con-inner\">\n\t\t<div class=\"elementor-element elementor-element-50e3d4f e-con-full e-flex e-con e-child\" data-id=\"50e3d4f\" data-element_type=\"container\" data-e-type=\"container\">\n\t\t<div class=\"elementor-element elementor-element-b2c9cd3 e-flex e-con-boxed e-con e-child\" data-id=\"b2c9cd3\" data-element_type=\"container\" data-e-type=\"container\" data-settings=\"{&quot;background_background&quot;:&quot;classic&quot;}\">\n\t\t\t\t\t<div class=\"e-con-inner\">\n\t\t\t\t<div class=\"elementor-element elementor-element-3bdf11c elementor-widget elementor-widget-heading\" data-id=\"3bdf11c\" data-element_type=\"widget\" data-e-type=\"widget\" data-widget_type=\"heading.default\">\n\t\t\t\t<div class=\"elementor-widget-container\">\n\t\t\t\t\t<h3 class=\"elementor-heading-title elementor-size-default\">Taille du march\u00e9 et croissance<\/h3>\t\t\t\t<\/div>\n\t\t\t\t<\/div>\n\t\t\t\t\t<\/div>\n\t\t\t\t<\/div>\n\t\t\t\t<\/div>\n\t\t<div class=\"elementor-element elementor-element-11b498c e-con-full e-flex e-con e-child\" data-id=\"11b498c\" data-element_type=\"container\" data-e-type=\"container\">\n\t\t\t\t<div class=\"elementor-element elementor-element-15616c7 elementor-widget elementor-widget-text-editor\" data-id=\"15616c7\" data-element_type=\"widget\" data-e-type=\"widget\" data-widget_type=\"text-editor.default\">\n\t\t\t\t<div class=\"elementor-widget-container\">\n\t\t\t\t\t\t\t\t\t<ul><li>Le march\u00e9 mondial des v\u00eatements de compression et de mise en forme a atteint une valeur de 14,19 milliards USD en 2021. L'\u00e9diteur s'attend \u00e0 ce que ce march\u00e9 atteigne une valeur de 22,27 milliards USD d'ici 2027, affichant un TCAC de 7,50 % au cours de la p\u00e9riode 2022-2027.<\/li><\/ul>\t\t\t\t\t\t\t\t<\/div>\n\t\t\t\t<\/div>\n\t\t\t\t<\/div>\n\t\t<div class=\"elementor-element elementor-element-1976deb e-con-full e-flex e-con e-child\" data-id=\"1976deb\" data-element_type=\"container\" data-e-type=\"container\">\n\t\t<div class=\"elementor-element elementor-element-47a2869 e-flex e-con-boxed e-con e-child\" data-id=\"47a2869\" data-element_type=\"container\" data-e-type=\"container\" data-settings=\"{&quot;background_background&quot;:&quot;classic&quot;}\">\n\t\t\t\t\t<div class=\"e-con-inner\">\n\t\t\t\t<div class=\"elementor-element elementor-element-c78cac7 elementor-widget elementor-widget-heading\" data-id=\"c78cac7\" data-element_type=\"widget\" data-e-type=\"widget\" data-widget_type=\"heading.default\">\n\t\t\t\t<div class=\"elementor-widget-container\">\n\t\t\t\t\t<h3 class=\"elementor-heading-title elementor-size-default\">Segmentation de la client\u00e8le<\/h3>\t\t\t\t<\/div>\n\t\t\t\t<\/div>\n\t\t\t\t\t<\/div>\n\t\t\t\t<\/div>\n\t\t\t\t<\/div>\n\t\t<div class=\"elementor-element elementor-element-d6472fb e-con-full e-flex e-con e-child\" data-id=\"d6472fb\" data-element_type=\"container\" data-e-type=\"container\">\n\t\t\t\t<div class=\"elementor-element elementor-element-c87e097 elementor-widget elementor-widget-text-editor\" data-id=\"c87e097\" data-element_type=\"widget\" data-e-type=\"widget\" data-widget_type=\"text-editor.default\">\n\t\t\t\t<div class=\"elementor-widget-container\">\n\t\t\t\t\t\t\t\t\t<ul><li>Le segment f\u00e9minin repr\u00e9sentait la plus grande part du chiffre d'affaires avec 94,0 % en 2020 et devrait cro\u00eetre \u00e0 un TCAC de 7,9 % au cours de la p\u00e9riode de pr\u00e9vision.<\/li><\/ul>\t\t\t\t\t\t\t\t<\/div>\n\t\t\t\t<\/div>\n\t\t\t\t<\/div>\n\t\t\t\t\t<\/div>\n\t\t\t\t<\/div>\n\t\t<div class=\"elementor-element elementor-element-29eacb5 elementor-hidden-desktop elementor-hidden-tablet e-flex e-con-boxed e-con e-parent\" data-id=\"29eacb5\" data-element_type=\"container\" data-e-type=\"container\">\n\t\t\t\t\t<div class=\"e-con-inner\">\n\t\t<div class=\"elementor-element elementor-element-4fd395d e-con-full e-flex e-con e-child\" data-id=\"4fd395d\" data-element_type=\"container\" data-e-type=\"container\">\n\t\t<div class=\"elementor-element elementor-element-7740d1f e-flex e-con-boxed e-con e-child\" data-id=\"7740d1f\" data-element_type=\"container\" data-e-type=\"container\" data-settings=\"{&quot;background_background&quot;:&quot;classic&quot;}\">\n\t\t\t\t\t<div class=\"e-con-inner\">\n\t\t\t\t<div class=\"elementor-element elementor-element-b2d0cb1 elementor-widget elementor-widget-heading\" data-id=\"b2d0cb1\" data-element_type=\"widget\" data-e-type=\"widget\" data-widget_type=\"heading.default\">\n\t\t\t\t<div class=\"elementor-widget-container\">\n\t\t\t\t\t<h3 class=\"elementor-heading-title elementor-size-default\">Analyse de la\nconcurrence<\/h3>\t\t\t\t<\/div>\n\t\t\t\t<\/div>\n\t\t\t\t\t<\/div>\n\t\t\t\t<\/div>\n\t\t\t\t<\/div>\n\t\t<div class=\"elementor-element elementor-element-3a4310b e-con-full e-flex e-con e-child\" data-id=\"3a4310b\" data-element_type=\"container\" data-e-type=\"container\">\n\t\t\t\t<div class=\"elementor-element elementor-element-d98ba5b elementor-widget elementor-widget-text-editor\" data-id=\"d98ba5b\" data-element_type=\"widget\" data-e-type=\"widget\" data-widget_type=\"text-editor.default\">\n\t\t\t\t<div class=\"elementor-widget-container\">\n\t\t\t\t\t\t\t\t\t<ul><li>Nike, Inc.<\/li><li>Adidas AG<\/li><li>Spanx Inc.<\/li><li>Triumph International Corporation<\/li><li>Leonisa<\/li><li>Wacoal America, Inc.<\/li><li>Ann Chery<\/li><li>2XU Pty. Ltd.<\/li><li>Under Armour Inc.<\/li><li>Skins International Trading AG<\/li><\/ul>\t\t\t\t\t\t\t\t<\/div>\n\t\t\t\t<\/div>\n\t\t\t\t<\/div>\n\t\t<div class=\"elementor-element elementor-element-91f2afc e-con-full e-flex e-con e-child\" data-id=\"91f2afc\" data-element_type=\"container\" data-e-type=\"container\">\n\t\t<div class=\"elementor-element elementor-element-36559de e-flex e-con-boxed e-con e-child\" data-id=\"36559de\" data-element_type=\"container\" data-e-type=\"container\" data-settings=\"{&quot;background_background&quot;:&quot;classic&quot;}\">\n\t\t\t\t\t<div class=\"e-con-inner\">\n\t\t\t\t<div class=\"elementor-element elementor-element-e2cc3cc elementor-widget elementor-widget-heading\" data-id=\"e2cc3cc\" data-element_type=\"widget\" data-e-type=\"widget\" data-widget_type=\"heading.default\">\n\t\t\t\t<div class=\"elementor-widget-container\">\n\t\t\t\t\t<h3 class=\"elementor-heading-title elementor-size-default\">Tendance du march\u00e9<\/h3>\t\t\t\t<\/div>\n\t\t\t\t<\/div>\n\t\t\t\t\t<\/div>\n\t\t\t\t<\/div>\n\t\t\t\t<\/div>\n\t\t<div class=\"elementor-element elementor-element-2aa7710 e-con-full e-flex e-con e-child\" data-id=\"2aa7710\" data-element_type=\"container\" data-e-type=\"container\">\n\t\t\t\t<div class=\"elementor-element elementor-element-9bc7cd8 elementor-widget elementor-widget-text-editor\" data-id=\"9bc7cd8\" data-element_type=\"widget\" data-e-type=\"widget\" data-widget_type=\"text-editor.default\">\n\t\t\t\t<div class=\"elementor-widget-container\">\n\t\t\t\t\t\t\t\t\t<ul><li><p>Les articles de compression les plus populaires comprennent les bas, les hauts, les manches et les chaussettes, alors que les serre-tailles, les combinaisons et les slips font partie des articles de sous-v\u00eatements gainants les plus populaires aux \u00c9tats-Unis.<\/p><\/li><li>Sankom Switzerland a cr\u00e9\u00e9 une gamme exclusive de v\u00eatements modelants en dentelle \u00e0 l'alo\u00e8s, antimicrobiens et qui apaisent le corps. De plus, Skins International a propos\u00e9 une ligne de v\u00eatements de compression infus\u00e9s avec un tissu en maille cha\u00eene avec plusieurs fils de haute qualit\u00e9 pour des performances am\u00e9lior\u00e9es.<\/li><\/ul>\t\t\t\t\t\t\t\t<\/div>\n\t\t\t\t<\/div>\n\t\t\t\t<\/div>\n\t\t\t\t\t<\/div>\n\t\t\t\t<\/div>\n\t\t\t\t<\/div>","protected":false},"excerpt":{"rendered":"<p>Background of Shapewear 16th Century Very tight Strong emphasis on female curves Developments in the 18th and Early 19th Centuries Very difficult to bend over The main function becomes to support the chest Modern Times Postpartum Repair More focus on comfort and support Shapewear is Prosperous The global compression wear and\u00a0shapewear market reached a value\u00a0of [&hellip;]<\/p>\n","protected":false},"author":1,"featured_media":0,"parent":0,"menu_order":0,"comment_status":"closed","ping_status":"closed","template":"","meta":{"_acf_changed":false,"footnotes":""},"class_list":["post-2920","page","type-page","status-publish","hentry"],"blocksy_meta":[],"acf":[],"_links":{"self":[{"href":"https:\/\/s-shaper.com\/fr\/wp-json\/wp\/v2\/pages\/2920","targetHints":{"allow":["GET"]}}],"collection":[{"href":"https:\/\/s-shaper.com\/fr\/wp-json\/wp\/v2\/pages"}],"about":[{"href":"https:\/\/s-shaper.com\/fr\/wp-json\/wp\/v2\/types\/page"}],"author":[{"embeddable":true,"href":"https:\/\/s-shaper.com\/fr\/wp-json\/wp\/v2\/users\/1"}],"replies":[{"embeddable":true,"href":"https:\/\/s-shaper.com\/fr\/wp-json\/wp\/v2\/comments?post=2920"}],"version-history":[{"count":16,"href":"https:\/\/s-shaper.com\/fr\/wp-json\/wp\/v2\/pages\/2920\/revisions"}],"predecessor-version":[{"id":5484,"href":"https:\/\/s-shaper.com\/fr\/wp-json\/wp\/v2\/pages\/2920\/revisions\/5484"}],"wp:attachment":[{"href":"https:\/\/s-shaper.com\/fr\/wp-json\/wp\/v2\/media?parent=2920"}],"curies":[{"name":"wp","href":"https:\/\/api.w.org\/{rel}","templated":true}]}}