{"id":4807,"date":"2024-03-26T08:43:15","date_gmt":"2024-03-26T08:43:15","guid":{"rendered":"https:\/\/s-shaper.com\/product\/s-shaper-tourmaline-bamboo-shorts\/"},"modified":"2024-03-27T01:14:00","modified_gmt":"2024-03-27T01:14:00","slug":"s-shaper-tourmaline-bamboo-shorts","status":"publish","type":"product","link":"https:\/\/s-shaper.com\/es\/product\/s-shaper-tourmaline-bamboo-shorts\/","title":{"rendered":"Shorts de bamb\u00fa con turmalina S-SHAPER"},"content":{"rendered":"<p><img decoding=\"async\" src=\"https:\/\/s-shaper.com\/wp-content\/uploads\/2024\/03\/B0436.jpg\" width=\"750\" height=\"auto\" alt=\"\" title=\"\"><\/p>","protected":false},"excerpt":{"rendered":"<p>Dise\u00f1ados pensando en la funcionalidad, estos shorts de bamb\u00fa con turmalina proporcionan un contorno y una forma elegantes a la vez que fomentan el bienestar a trav\u00e9s de las fibras naturales.<\/p>","protected":false},"featured_media":4695,"comment_status":"open","ping_status":"closed","template":"","meta":{"_acf_changed":false},"product_brand":[],"product_cat":[55,25],"product_tag":[62],"class_list":{"0":"post-4807","1":"product","2":"type-product","3":"status-publish","4":"has-post-thumbnail","6":"product_cat-butt","7":"product_cat-t-shape","8":"product_tag-pants","10":"first","11":"instock","12":"shipping-taxable","13":"purchasable","14":"product-type-simple"},"acf":[],"_links":{"self":[{"href":"https:\/\/s-shaper.com\/es\/wp-json\/wp\/v2\/product\/4807","targetHints":{"allow":["GET"]}}],"collection":[{"href":"https:\/\/s-shaper.com\/es\/wp-json\/wp\/v2\/product"}],"about":[{"href":"https:\/\/s-shaper.com\/es\/wp-json\/wp\/v2\/types\/product"}],"replies":[{"embeddable":true,"href":"https:\/\/s-shaper.com\/es\/wp-json\/wp\/v2\/comments?post=4807"}],"version-history":[{"count":7,"href":"https:\/\/s-shaper.com\/es\/wp-json\/wp\/v2\/product\/4807\/revisions"}],"predecessor-version":[{"id":5299,"href":"https:\/\/s-shaper.com\/es\/wp-json\/wp\/v2\/product\/4807\/revisions\/5299"}],"wp:featuredmedia":[{"embeddable":true,"href":"https:\/\/s-shaper.com\/es\/wp-json\/wp\/v2\/media\/4695"}],"wp:attachment":[{"href":"https:\/\/s-shaper.com\/es\/wp-json\/wp\/v2\/media?parent=4807"}],"wp:term":[{"taxonomy":"product_brand","embeddable":true,"href":"https:\/\/s-shaper.com\/es\/wp-json\/wp\/v2\/product_brand?post=4807"},{"taxonomy":"product_cat","embeddable":true,"href":"https:\/\/s-shaper.com\/es\/wp-json\/wp\/v2\/product_cat?post=4807"},{"taxonomy":"product_tag","embeddable":true,"href":"https:\/\/s-shaper.com\/es\/wp-json\/wp\/v2\/product_tag?post=4807"}],"curies":[{"name":"wp","href":"https:\/\/api.w.org\/{rel}","templated":true}]}}