{"id":4799,"date":"2024-03-26T08:43:13","date_gmt":"2024-03-26T08:43:13","guid":{"rendered":"https:\/\/s-shaper.com\/product\/s-shaper-high-compression-open-crotch-bodysuit\/"},"modified":"2024-03-27T01:13:58","modified_gmt":"2024-03-27T01:13:58","slug":"s-shaper-high-compression-open-crotch-bodysuit","status":"publish","type":"product","link":"https:\/\/s-shaper.com\/es\/product\/s-shaper-high-compression-open-crotch-bodysuit\/","title":{"rendered":"Traje moldeador de alta compresi\u00f3n con entrepierna abierta S-SHAPER"},"content":{"rendered":"<p><img decoding=\"async\" src=\"https:\/\/s-shaper.com\/wp-content\/uploads\/2024\/03\/O03001.jpg\" width=\"750\" height=\"auto\" alt=\"\" title=\"\"><\/p>","protected":false},"excerpt":{"rendered":"<p>Dise\u00f1ado para la excelencia, este body de alta compresi\u00f3n con dise\u00f1o de entrepierna abierta proporciona un elegante esculpido integral y un aspecto suave y pulido.<\/p>","protected":false},"featured_media":4628,"comment_status":"open","ping_status":"closed","template":"","meta":{"_acf_changed":false},"product_brand":[],"product_cat":[27,61],"product_tag":[40],"class_list":{"0":"post-4799","1":"product","2":"type-product","3":"status-publish","4":"has-post-thumbnail","6":"product_cat-hp-shape","7":"product_cat-tummy","8":"product_tag-girdle","10":"first","11":"instock","12":"shipping-taxable","13":"purchasable","14":"product-type-simple"},"acf":[],"_links":{"self":[{"href":"https:\/\/s-shaper.com\/es\/wp-json\/wp\/v2\/product\/4799","targetHints":{"allow":["GET"]}}],"collection":[{"href":"https:\/\/s-shaper.com\/es\/wp-json\/wp\/v2\/product"}],"about":[{"href":"https:\/\/s-shaper.com\/es\/wp-json\/wp\/v2\/types\/product"}],"replies":[{"embeddable":true,"href":"https:\/\/s-shaper.com\/es\/wp-json\/wp\/v2\/comments?post=4799"}],"version-history":[{"count":6,"href":"https:\/\/s-shaper.com\/es\/wp-json\/wp\/v2\/product\/4799\/revisions"}],"predecessor-version":[{"id":5291,"href":"https:\/\/s-shaper.com\/es\/wp-json\/wp\/v2\/product\/4799\/revisions\/5291"}],"wp:featuredmedia":[{"embeddable":true,"href":"https:\/\/s-shaper.com\/es\/wp-json\/wp\/v2\/media\/4628"}],"wp:attachment":[{"href":"https:\/\/s-shaper.com\/es\/wp-json\/wp\/v2\/media?parent=4799"}],"wp:term":[{"taxonomy":"product_brand","embeddable":true,"href":"https:\/\/s-shaper.com\/es\/wp-json\/wp\/v2\/product_brand?post=4799"},{"taxonomy":"product_cat","embeddable":true,"href":"https:\/\/s-shaper.com\/es\/wp-json\/wp\/v2\/product_cat?post=4799"},{"taxonomy":"product_tag","embeddable":true,"href":"https:\/\/s-shaper.com\/es\/wp-json\/wp\/v2\/product_tag?post=4799"}],"curies":[{"name":"wp","href":"https:\/\/api.w.org\/{rel}","templated":true}]}}