{"id":4780,"date":"2024-03-26T08:43:04","date_gmt":"2024-03-26T08:43:04","guid":{"rendered":"https:\/\/s-shaper.com\/product\/s-shaper-sleeveless-caffeine-infused-bodysuit\/"},"modified":"2024-03-27T01:13:51","modified_gmt":"2024-03-27T01:13:51","slug":"s-shaper-sleeveless-caffeine-infused-bodysuit","status":"publish","type":"product","link":"https:\/\/s-shaper.com\/es\/product\/s-shaper-sleeveless-caffeine-infused-bodysuit\/","title":{"rendered":"Traje de cuerpo sin mangas con infusi\u00f3n de cafe\u00edna S-SHAPER"},"content":{"rendered":"<p><img decoding=\"async\" src=\"https:\/\/s-shaper.com\/wp-content\/uploads\/2024\/03\/B0445.jpg\" width=\"750\" height=\"auto\" alt=\"\" title=\"\"><\/p>","protected":false},"excerpt":{"rendered":"<p>Dise\u00f1ado con la funcionalidad en mente, este body sin mangas est\u00e1 impregnado de cafe\u00edna, proporcionando una forma elegante y un aspecto suave y pulido, al tiempo que permite un estilo vers\u00e1til.<\/p>","protected":false},"featured_media":4448,"comment_status":"open","ping_status":"closed","template":"","meta":{"_acf_changed":false},"product_brand":[],"product_cat":[54,58],"product_tag":[36],"class_list":{"0":"post-4780","1":"product","2":"type-product","3":"status-publish","4":"has-post-thumbnail","6":"product_cat-c-shape","7":"product_cat-full-body","8":"product_tag-bodysuits","10":"first","11":"instock","12":"shipping-taxable","13":"purchasable","14":"product-type-simple"},"acf":[],"_links":{"self":[{"href":"https:\/\/s-shaper.com\/es\/wp-json\/wp\/v2\/product\/4780","targetHints":{"allow":["GET"]}}],"collection":[{"href":"https:\/\/s-shaper.com\/es\/wp-json\/wp\/v2\/product"}],"about":[{"href":"https:\/\/s-shaper.com\/es\/wp-json\/wp\/v2\/types\/product"}],"replies":[{"embeddable":true,"href":"https:\/\/s-shaper.com\/es\/wp-json\/wp\/v2\/comments?post=4780"}],"version-history":[{"count":6,"href":"https:\/\/s-shaper.com\/es\/wp-json\/wp\/v2\/product\/4780\/revisions"}],"predecessor-version":[{"id":5272,"href":"https:\/\/s-shaper.com\/es\/wp-json\/wp\/v2\/product\/4780\/revisions\/5272"}],"wp:featuredmedia":[{"embeddable":true,"href":"https:\/\/s-shaper.com\/es\/wp-json\/wp\/v2\/media\/4448"}],"wp:attachment":[{"href":"https:\/\/s-shaper.com\/es\/wp-json\/wp\/v2\/media?parent=4780"}],"wp:term":[{"taxonomy":"product_brand","embeddable":true,"href":"https:\/\/s-shaper.com\/es\/wp-json\/wp\/v2\/product_brand?post=4780"},{"taxonomy":"product_cat","embeddable":true,"href":"https:\/\/s-shaper.com\/es\/wp-json\/wp\/v2\/product_cat?post=4780"},{"taxonomy":"product_tag","embeddable":true,"href":"https:\/\/s-shaper.com\/es\/wp-json\/wp\/v2\/product_tag?post=4780"}],"curies":[{"name":"wp","href":"https:\/\/api.w.org\/{rel}","templated":true}]}}