{"id":4762,"date":"2024-03-26T08:42:54","date_gmt":"2024-03-26T08:42:54","guid":{"rendered":"https:\/\/s-shaper.com\/product\/s-shaper-daily-comfort-wireless-shaper-bra\/"},"modified":"2024-03-27T01:13:43","modified_gmt":"2024-03-27T01:13:43","slug":"s-shaper-daily-comfort-wireless-shaper-bra","status":"publish","type":"product","link":"https:\/\/s-shaper.com\/es\/product\/s-shaper-daily-comfort-wireless-shaper-bra\/","title":{"rendered":"Sujetador modelador inal\u00e1mbrico S-SHAPER Daily Comfort"},"content":{"rendered":"<p><img decoding=\"async\" src=\"https:\/\/s-shaper.com\/wp-content\/uploads\/2024\/03\/SBRA.jpg\" width=\"750\" height=\"auto\" alt=\"\" title=\"\"><\/p>","protected":false},"excerpt":{"rendered":"<p>Dise\u00f1ado pensando en la funcionalidad y la comodidad, este sujetador moldeador inal\u00e1mbrico contornea y eleva elegantemente el busto, proporcionando una sujeci\u00f3n \u00f3ptima y una silueta suave y pulida para el uso diario.<\/p>","protected":false},"featured_media":4258,"comment_status":"open","ping_status":"closed","template":"","meta":{"_acf_changed":false},"product_brand":[],"product_cat":[30,54],"product_tag":[33],"class_list":{"0":"post-4762","1":"product","2":"type-product","3":"status-publish","4":"has-post-thumbnail","6":"product_cat-bra-tops","7":"product_cat-c-shape","8":"product_tag-bra","10":"first","11":"instock","12":"shipping-taxable","13":"purchasable","14":"product-type-simple"},"acf":[],"_links":{"self":[{"href":"https:\/\/s-shaper.com\/es\/wp-json\/wp\/v2\/product\/4762","targetHints":{"allow":["GET"]}}],"collection":[{"href":"https:\/\/s-shaper.com\/es\/wp-json\/wp\/v2\/product"}],"about":[{"href":"https:\/\/s-shaper.com\/es\/wp-json\/wp\/v2\/types\/product"}],"replies":[{"embeddable":true,"href":"https:\/\/s-shaper.com\/es\/wp-json\/wp\/v2\/comments?post=4762"}],"version-history":[{"count":6,"href":"https:\/\/s-shaper.com\/es\/wp-json\/wp\/v2\/product\/4762\/revisions"}],"predecessor-version":[{"id":5254,"href":"https:\/\/s-shaper.com\/es\/wp-json\/wp\/v2\/product\/4762\/revisions\/5254"}],"wp:featuredmedia":[{"embeddable":true,"href":"https:\/\/s-shaper.com\/es\/wp-json\/wp\/v2\/media\/4258"}],"wp:attachment":[{"href":"https:\/\/s-shaper.com\/es\/wp-json\/wp\/v2\/media?parent=4762"}],"wp:term":[{"taxonomy":"product_brand","embeddable":true,"href":"https:\/\/s-shaper.com\/es\/wp-json\/wp\/v2\/product_brand?post=4762"},{"taxonomy":"product_cat","embeddable":true,"href":"https:\/\/s-shaper.com\/es\/wp-json\/wp\/v2\/product_cat?post=4762"},{"taxonomy":"product_tag","embeddable":true,"href":"https:\/\/s-shaper.com\/es\/wp-json\/wp\/v2\/product_tag?post=4762"}],"curies":[{"name":"wp","href":"https:\/\/api.w.org\/{rel}","templated":true}]}}