{"id":4759,"date":"2024-03-26T08:42:53","date_gmt":"2024-03-26T08:42:53","guid":{"rendered":"https:\/\/s-shaper.com\/product\/s-shaper-compression-short-bra\/"},"modified":"2024-03-27T01:13:43","modified_gmt":"2024-03-27T01:13:43","slug":"s-shaper-compression-short-bra","status":"publish","type":"product","link":"https:\/\/s-shaper.com\/es\/product\/s-shaper-compression-short-bra\/","title":{"rendered":"Sujetador con shorts de compresi\u00f3n S-SHAPER"},"content":{"rendered":"<p><img decoding=\"async\" src=\"https:\/\/s-shaper.com\/wp-content\/uploads\/2024\/03\/STOP03.jpg\" width=\"750\" height=\"auto\" alt=\"\" title=\"\"><\/p>","protected":false},"excerpt":{"rendered":"<p>Dise\u00f1ado con la funcionalidad en mente, este sujetador de compresi\u00f3n en un estilo corto ofrece apoyo espec\u00edfico y elegante esculpir para su \u00e1rea del busto, asegurando un aspecto suave y pulido.<\/p>","protected":false},"featured_media":4223,"comment_status":"open","ping_status":"closed","template":"","meta":{"_acf_changed":false},"product_brand":[],"product_cat":[30,54],"product_tag":[33],"class_list":{"0":"post-4759","1":"product","2":"type-product","3":"status-publish","4":"has-post-thumbnail","6":"product_cat-bra-tops","7":"product_cat-c-shape","8":"product_tag-bra","10":"first","11":"instock","12":"shipping-taxable","13":"purchasable","14":"product-type-simple"},"acf":[],"_links":{"self":[{"href":"https:\/\/s-shaper.com\/es\/wp-json\/wp\/v2\/product\/4759","targetHints":{"allow":["GET"]}}],"collection":[{"href":"https:\/\/s-shaper.com\/es\/wp-json\/wp\/v2\/product"}],"about":[{"href":"https:\/\/s-shaper.com\/es\/wp-json\/wp\/v2\/types\/product"}],"replies":[{"embeddable":true,"href":"https:\/\/s-shaper.com\/es\/wp-json\/wp\/v2\/comments?post=4759"}],"version-history":[{"count":6,"href":"https:\/\/s-shaper.com\/es\/wp-json\/wp\/v2\/product\/4759\/revisions"}],"predecessor-version":[{"id":5251,"href":"https:\/\/s-shaper.com\/es\/wp-json\/wp\/v2\/product\/4759\/revisions\/5251"}],"wp:featuredmedia":[{"embeddable":true,"href":"https:\/\/s-shaper.com\/es\/wp-json\/wp\/v2\/media\/4223"}],"wp:attachment":[{"href":"https:\/\/s-shaper.com\/es\/wp-json\/wp\/v2\/media?parent=4759"}],"wp:term":[{"taxonomy":"product_brand","embeddable":true,"href":"https:\/\/s-shaper.com\/es\/wp-json\/wp\/v2\/product_brand?post=4759"},{"taxonomy":"product_cat","embeddable":true,"href":"https:\/\/s-shaper.com\/es\/wp-json\/wp\/v2\/product_cat?post=4759"},{"taxonomy":"product_tag","embeddable":true,"href":"https:\/\/s-shaper.com\/es\/wp-json\/wp\/v2\/product_tag?post=4759"}],"curies":[{"name":"wp","href":"https:\/\/api.w.org\/{rel}","templated":true}]}}