{"id":4753,"date":"2024-03-26T08:42:51","date_gmt":"2024-03-26T08:42:51","guid":{"rendered":"https:\/\/s-shaper.com\/product\/s-shaper-seamless-neck-strap-mid-thigh-bodysuit\/"},"modified":"2024-03-27T01:13:41","modified_gmt":"2024-03-27T01:13:41","slug":"s-shaper-seamless-neck-strap-mid-thigh-bodysuit","status":"publish","type":"product","link":"https:\/\/s-shaper.com\/es\/product\/s-shaper-seamless-neck-strap-mid-thigh-bodysuit\/","title":{"rendered":"Body con tirante sin costuras hasta el medio muslo S-SHAPER."},"content":{"rendered":"<p><img decoding=\"async\" src=\"https:\/\/s-shaper.com\/wp-content\/uploads\/2024\/03\/SKL01.jpg\" width=\"750\" height=\"auto\" alt=\"\" title=\"\"><\/p>","protected":false},"excerpt":{"rendered":"<p>Dise\u00f1ado para la excelencia, este body sin costuras con una longitud a medio muslo y un dise\u00f1o de tirantes en el cuello contornea con elegancia su silueta, ofreciendo un estilo vers\u00e1til y una est\u00e9tica pulida.<\/p>","protected":false},"featured_media":4166,"comment_status":"open","ping_status":"closed","template":"","meta":{"_acf_changed":false},"product_brand":[],"product_cat":[54,58],"product_tag":[36],"class_list":{"0":"post-4753","1":"product","2":"type-product","3":"status-publish","4":"has-post-thumbnail","6":"product_cat-c-shape","7":"product_cat-full-body","8":"product_tag-bodysuits","10":"first","11":"instock","12":"shipping-taxable","13":"purchasable","14":"product-type-simple"},"acf":[],"_links":{"self":[{"href":"https:\/\/s-shaper.com\/es\/wp-json\/wp\/v2\/product\/4753","targetHints":{"allow":["GET"]}}],"collection":[{"href":"https:\/\/s-shaper.com\/es\/wp-json\/wp\/v2\/product"}],"about":[{"href":"https:\/\/s-shaper.com\/es\/wp-json\/wp\/v2\/types\/product"}],"replies":[{"embeddable":true,"href":"https:\/\/s-shaper.com\/es\/wp-json\/wp\/v2\/comments?post=4753"}],"version-history":[{"count":6,"href":"https:\/\/s-shaper.com\/es\/wp-json\/wp\/v2\/product\/4753\/revisions"}],"predecessor-version":[{"id":5245,"href":"https:\/\/s-shaper.com\/es\/wp-json\/wp\/v2\/product\/4753\/revisions\/5245"}],"wp:featuredmedia":[{"embeddable":true,"href":"https:\/\/s-shaper.com\/es\/wp-json\/wp\/v2\/media\/4166"}],"wp:attachment":[{"href":"https:\/\/s-shaper.com\/es\/wp-json\/wp\/v2\/media?parent=4753"}],"wp:term":[{"taxonomy":"product_brand","embeddable":true,"href":"https:\/\/s-shaper.com\/es\/wp-json\/wp\/v2\/product_brand?post=4753"},{"taxonomy":"product_cat","embeddable":true,"href":"https:\/\/s-shaper.com\/es\/wp-json\/wp\/v2\/product_cat?post=4753"},{"taxonomy":"product_tag","embeddable":true,"href":"https:\/\/s-shaper.com\/es\/wp-json\/wp\/v2\/product_tag?post=4753"}],"curies":[{"name":"wp","href":"https:\/\/api.w.org\/{rel}","templated":true}]}}