{"id":4750,"date":"2024-03-26T08:42:50","date_gmt":"2024-03-26T08:42:50","guid":{"rendered":"https:\/\/s-shaper.com\/product\/s-shaper-seamless-round-neck-strap-g-string-bodysuit\/"},"modified":"2024-03-27T01:13:40","modified_gmt":"2024-03-27T01:13:40","slug":"s-shaper-seamless-round-neck-strap-g-string-bodysuit","status":"publish","type":"product","link":"https:\/\/s-shaper.com\/es\/product\/s-shaper-seamless-round-neck-strap-g-string-bodysuit\/","title":{"rendered":"Body de tirantes finos redondos sin costuras S-SHAPER"},"content":{"rendered":"<p><img decoding=\"async\" src=\"https:\/\/s-shaper.com\/wp-content\/uploads\/2024\/03\/SKT02.jpg\" width=\"750\" height=\"auto\" alt=\"\" title=\"\"><\/p>","protected":false},"excerpt":{"rendered":"<p>Dise\u00f1ado para la excelencia, este body sin costuras con escote redondo y dise\u00f1o de tanga proporciona un contorno elegante y una cobertura m\u00ednima, creando una est\u00e9tica suave y pulida.<\/p>","protected":false},"featured_media":4128,"comment_status":"open","ping_status":"closed","template":"","meta":{"_acf_changed":false},"product_brand":[],"product_cat":[54,58],"product_tag":[36],"class_list":{"0":"post-4750","1":"product","2":"type-product","3":"status-publish","4":"has-post-thumbnail","6":"product_cat-c-shape","7":"product_cat-full-body","8":"product_tag-bodysuits","10":"first","11":"instock","12":"shipping-taxable","13":"purchasable","14":"product-type-simple"},"acf":[],"_links":{"self":[{"href":"https:\/\/s-shaper.com\/es\/wp-json\/wp\/v2\/product\/4750","targetHints":{"allow":["GET"]}}],"collection":[{"href":"https:\/\/s-shaper.com\/es\/wp-json\/wp\/v2\/product"}],"about":[{"href":"https:\/\/s-shaper.com\/es\/wp-json\/wp\/v2\/types\/product"}],"replies":[{"embeddable":true,"href":"https:\/\/s-shaper.com\/es\/wp-json\/wp\/v2\/comments?post=4750"}],"version-history":[{"count":6,"href":"https:\/\/s-shaper.com\/es\/wp-json\/wp\/v2\/product\/4750\/revisions"}],"predecessor-version":[{"id":5242,"href":"https:\/\/s-shaper.com\/es\/wp-json\/wp\/v2\/product\/4750\/revisions\/5242"}],"wp:featuredmedia":[{"embeddable":true,"href":"https:\/\/s-shaper.com\/es\/wp-json\/wp\/v2\/media\/4128"}],"wp:attachment":[{"href":"https:\/\/s-shaper.com\/es\/wp-json\/wp\/v2\/media?parent=4750"}],"wp:term":[{"taxonomy":"product_brand","embeddable":true,"href":"https:\/\/s-shaper.com\/es\/wp-json\/wp\/v2\/product_brand?post=4750"},{"taxonomy":"product_cat","embeddable":true,"href":"https:\/\/s-shaper.com\/es\/wp-json\/wp\/v2\/product_cat?post=4750"},{"taxonomy":"product_tag","embeddable":true,"href":"https:\/\/s-shaper.com\/es\/wp-json\/wp\/v2\/product_tag?post=4750"}],"curies":[{"name":"wp","href":"https:\/\/api.w.org\/{rel}","templated":true}]}}