{"id":4742,"date":"2024-03-26T08:42:47","date_gmt":"2024-03-26T08:42:47","guid":{"rendered":"https:\/\/s-shaper.com\/product\/s-shaper-double-panel-compression-leggings\/"},"modified":"2024-03-27T01:13:38","modified_gmt":"2024-03-27T01:13:38","slug":"s-shaper-double-panel-compression-leggings","status":"publish","type":"product","link":"https:\/\/s-shaper.com\/es\/product\/s-shaper-double-panel-compression-leggings\/","title":{"rendered":"Mallas de compresi\u00f3n de doble panel S-SHAPER"},"content":{"rendered":"<p><img decoding=\"async\" src=\"https:\/\/s-shaper.com\/wp-content\/uploads\/2024\/03\/SKC201.jpg\" width=\"750\" height=\"auto\" alt=\"\" title=\"\"><\/p>","protected":false},"excerpt":{"rendered":"<p>Confeccionados con precisi\u00f3n, estos leggings de doble panel ofrecen una compresi\u00f3n y moldeado \u00f3ptimos, contorneando con elegancia las piernas y el tronco para conseguir una silueta suave y pulida.<\/p>","protected":false},"featured_media":4029,"comment_status":"open","ping_status":"closed","template":"","meta":{"_acf_changed":false},"product_brand":[],"product_cat":[54,41],"product_tag":[62],"class_list":{"0":"post-4742","1":"product","2":"type-product","3":"status-publish","4":"has-post-thumbnail","6":"product_cat-c-shape","7":"product_cat-calf-length","8":"product_tag-pants","10":"first","11":"instock","12":"shipping-taxable","13":"purchasable","14":"product-type-simple"},"acf":[],"_links":{"self":[{"href":"https:\/\/s-shaper.com\/es\/wp-json\/wp\/v2\/product\/4742","targetHints":{"allow":["GET"]}}],"collection":[{"href":"https:\/\/s-shaper.com\/es\/wp-json\/wp\/v2\/product"}],"about":[{"href":"https:\/\/s-shaper.com\/es\/wp-json\/wp\/v2\/types\/product"}],"replies":[{"embeddable":true,"href":"https:\/\/s-shaper.com\/es\/wp-json\/wp\/v2\/comments?post=4742"}],"version-history":[{"count":6,"href":"https:\/\/s-shaper.com\/es\/wp-json\/wp\/v2\/product\/4742\/revisions"}],"predecessor-version":[{"id":5234,"href":"https:\/\/s-shaper.com\/es\/wp-json\/wp\/v2\/product\/4742\/revisions\/5234"}],"wp:featuredmedia":[{"embeddable":true,"href":"https:\/\/s-shaper.com\/es\/wp-json\/wp\/v2\/media\/4029"}],"wp:attachment":[{"href":"https:\/\/s-shaper.com\/es\/wp-json\/wp\/v2\/media?parent=4742"}],"wp:term":[{"taxonomy":"product_brand","embeddable":true,"href":"https:\/\/s-shaper.com\/es\/wp-json\/wp\/v2\/product_brand?post=4742"},{"taxonomy":"product_cat","embeddable":true,"href":"https:\/\/s-shaper.com\/es\/wp-json\/wp\/v2\/product_cat?post=4742"},{"taxonomy":"product_tag","embeddable":true,"href":"https:\/\/s-shaper.com\/es\/wp-json\/wp\/v2\/product_tag?post=4742"}],"curies":[{"name":"wp","href":"https:\/\/api.w.org\/{rel}","templated":true}]}}