{"id":3575,"date":"2024-01-12T08:59:50","date_gmt":"2024-01-12T08:59:50","guid":{"rendered":"https:\/\/sshape.easyceotech.com\/product\/s-shaper-post-surgical-shapewear-girdle-with-high-back-no-closures-calf-length\/"},"modified":"2024-03-27T01:22:30","modified_gmt":"2024-03-27T01:22:30","slug":"s-shaper-post-surgical-shapewear-girdle-with-high-back-no-closures-calf-length","status":"publish","type":"product","link":"https:\/\/s-shaper.com\/es\/product\/s-shaper-post-surgical-shapewear-girdle-with-high-back-no-closures-calf-length\/","title":{"rendered":"Faja de recuperaci\u00f3n poscirug\u00eda con espalda alta - sin cierres - Longitud de la pantorrilla"},"content":{"rendered":"<p><img decoding=\"async\" src=\"https:\/\/s-shaper.com\/wp-content\/uploads\/2024\/01\/SGL16.jpg\" alt=\"\" title=\"\"><\/p>","protected":false},"excerpt":{"rendered":"<p>Presentamos la faja postquir\u00fargica, una mezcla perfecta de sujeci\u00f3n \u00f3ptima para la recuperaci\u00f3n postquir\u00fargica, un elegante efecto de contorno, sujeci\u00f3n focalizada hasta la zona con, que equilibra la funcionalidad con la est\u00e9tica moderna.<\/p>","protected":false},"featured_media":3303,"comment_status":"open","ping_status":"closed","template":"","meta":{"_acf_changed":false},"product_brand":[],"product_cat":[26,41],"product_tag":[40],"class_list":{"0":"post-3575","1":"product","2":"type-product","3":"status-publish","4":"has-post-thumbnail","6":"product_cat-air-shape","7":"product_cat-calf-length","8":"product_tag-girdle","10":"first","11":"instock","12":"shipping-taxable","13":"purchasable","14":"product-type-simple"},"acf":[],"_links":{"self":[{"href":"https:\/\/s-shaper.com\/es\/wp-json\/wp\/v2\/product\/3575","targetHints":{"allow":["GET"]}}],"collection":[{"href":"https:\/\/s-shaper.com\/es\/wp-json\/wp\/v2\/product"}],"about":[{"href":"https:\/\/s-shaper.com\/es\/wp-json\/wp\/v2\/types\/product"}],"replies":[{"embeddable":true,"href":"https:\/\/s-shaper.com\/es\/wp-json\/wp\/v2\/comments?post=3575"}],"version-history":[{"count":3,"href":"https:\/\/s-shaper.com\/es\/wp-json\/wp\/v2\/product\/3575\/revisions"}],"predecessor-version":[{"id":5326,"href":"https:\/\/s-shaper.com\/es\/wp-json\/wp\/v2\/product\/3575\/revisions\/5326"}],"wp:featuredmedia":[{"embeddable":true,"href":"https:\/\/s-shaper.com\/es\/wp-json\/wp\/v2\/media\/3303"}],"wp:attachment":[{"href":"https:\/\/s-shaper.com\/es\/wp-json\/wp\/v2\/media?parent=3575"}],"wp:term":[{"taxonomy":"product_brand","embeddable":true,"href":"https:\/\/s-shaper.com\/es\/wp-json\/wp\/v2\/product_brand?post=3575"},{"taxonomy":"product_cat","embeddable":true,"href":"https:\/\/s-shaper.com\/es\/wp-json\/wp\/v2\/product_cat?post=3575"},{"taxonomy":"product_tag","embeddable":true,"href":"https:\/\/s-shaper.com\/es\/wp-json\/wp\/v2\/product_tag?post=3575"}],"curies":[{"name":"wp","href":"https:\/\/api.w.org\/{rel}","templated":true}]}}