{"id":3560,"date":"2024-01-12T08:59:47","date_gmt":"2024-01-12T08:59:47","guid":{"rendered":"https:\/\/sshape.easyceotech.com\/product\/s-shaper-post-surgical-shapewear-long-arm-sleeves\/"},"modified":"2024-03-27T01:22:25","modified_gmt":"2024-03-27T01:22:25","slug":"s-shaper-post-surgical-shapewear-long-arm-sleeves","status":"publish","type":"product","link":"https:\/\/s-shaper.com\/es\/product\/s-shaper-post-surgical-shapewear-long-arm-sleeves\/","title":{"rendered":"Mangas largas para fajas moldeadoras posquir\u00fargicas"},"content":{"rendered":"<p><img decoding=\"async\" src=\"https:\/\/s-shaper.com\/wp-content\/uploads\/2024\/01\/SGB37.jpg\" alt=\"\" title=\"\"><\/p>","protected":false},"excerpt":{"rendered":"<p>Presentamos la faja posquir\u00fargica, una combinaci\u00f3n perfecta de apoyo \u00f3ptimo para la recuperaci\u00f3n posquir\u00fargica, un efecto de contorno elegante, la comodidad de las mangas para brazos, que equilibra la funcionalidad con la est\u00e9tica moderna.<\/p>","protected":false},"featured_media":3436,"comment_status":"open","ping_status":"closed","template":"","meta":{"_acf_changed":false},"product_brand":[],"product_cat":[26,30],"product_tag":[34],"class_list":{"0":"post-3560","1":"product","2":"type-product","3":"status-publish","4":"has-post-thumbnail","6":"product_cat-air-shape","7":"product_cat-bra-tops","8":"product_tag-vestssleeves","10":"first","11":"instock","12":"featured","13":"shipping-taxable","14":"purchasable","15":"product-type-simple"},"acf":[],"_links":{"self":[{"href":"https:\/\/s-shaper.com\/es\/wp-json\/wp\/v2\/product\/3560","targetHints":{"allow":["GET"]}}],"collection":[{"href":"https:\/\/s-shaper.com\/es\/wp-json\/wp\/v2\/product"}],"about":[{"href":"https:\/\/s-shaper.com\/es\/wp-json\/wp\/v2\/types\/product"}],"replies":[{"embeddable":true,"href":"https:\/\/s-shaper.com\/es\/wp-json\/wp\/v2\/comments?post=3560"}],"version-history":[{"count":3,"href":"https:\/\/s-shaper.com\/es\/wp-json\/wp\/v2\/product\/3560\/revisions"}],"predecessor-version":[{"id":5311,"href":"https:\/\/s-shaper.com\/es\/wp-json\/wp\/v2\/product\/3560\/revisions\/5311"}],"wp:featuredmedia":[{"embeddable":true,"href":"https:\/\/s-shaper.com\/es\/wp-json\/wp\/v2\/media\/3436"}],"wp:attachment":[{"href":"https:\/\/s-shaper.com\/es\/wp-json\/wp\/v2\/media?parent=3560"}],"wp:term":[{"taxonomy":"product_brand","embeddable":true,"href":"https:\/\/s-shaper.com\/es\/wp-json\/wp\/v2\/product_brand?post=3560"},{"taxonomy":"product_cat","embeddable":true,"href":"https:\/\/s-shaper.com\/es\/wp-json\/wp\/v2\/product_cat?post=3560"},{"taxonomy":"product_tag","embeddable":true,"href":"https:\/\/s-shaper.com\/es\/wp-json\/wp\/v2\/product_tag?post=3560"}],"curies":[{"name":"wp","href":"https:\/\/api.w.org\/{rel}","templated":true}]}}