{"id":3556,"date":"2024-01-12T08:59:46","date_gmt":"2024-01-12T08:59:46","guid":{"rendered":"https:\/\/sshape.easyceotech.com\/product\/s-shaper-post-surgical-shapewear-implant-stabilizer-bra\/"},"modified":"2024-03-27T01:22:24","modified_gmt":"2024-03-27T01:22:24","slug":"s-shaper-post-surgical-shapewear-implant-stabilizer-bra","status":"publish","type":"product","link":"https:\/\/s-shaper.com\/es\/product\/s-shaper-post-surgical-shapewear-implant-stabilizer-bra\/","title":{"rendered":"Sost\u00e9n estabilizador de implantes reductores postquir\u00fargicos"},"content":{"rendered":"<p><img decoding=\"async\" src=\"https:\/\/s-shaper.com\/wp-content\/uploads\/2024\/01\/U0598-Detail.jpg\" alt=\"\" title=\"\"><\/p>","protected":false},"excerpt":{"rendered":"<p>Dise\u00f1ada para la excelencia, la faja postquir\u00fargica ofrece soporte \u00f3ptimo para la recuperaci\u00f3n postquir\u00fargica, un efecto de contorno elegante, mayor estabilidad para los implantes, adem\u00e1s de equilibrar la funcionalidad con la est\u00e9tica moderna.<\/p>","protected":false},"featured_media":3472,"comment_status":"open","ping_status":"closed","template":"","meta":{"_acf_changed":false},"product_brand":[],"product_cat":[26,30],"product_tag":[33],"class_list":{"0":"post-3556","1":"product","2":"type-product","3":"status-publish","4":"has-post-thumbnail","6":"product_cat-air-shape","7":"product_cat-bra-tops","8":"product_tag-bra","10":"first","11":"instock","12":"featured","13":"shipping-taxable","14":"purchasable","15":"product-type-simple"},"acf":[],"_links":{"self":[{"href":"https:\/\/s-shaper.com\/es\/wp-json\/wp\/v2\/product\/3556","targetHints":{"allow":["GET"]}}],"collection":[{"href":"https:\/\/s-shaper.com\/es\/wp-json\/wp\/v2\/product"}],"about":[{"href":"https:\/\/s-shaper.com\/es\/wp-json\/wp\/v2\/types\/product"}],"replies":[{"embeddable":true,"href":"https:\/\/s-shaper.com\/es\/wp-json\/wp\/v2\/comments?post=3556"}],"version-history":[{"count":3,"href":"https:\/\/s-shaper.com\/es\/wp-json\/wp\/v2\/product\/3556\/revisions"}],"predecessor-version":[{"id":5307,"href":"https:\/\/s-shaper.com\/es\/wp-json\/wp\/v2\/product\/3556\/revisions\/5307"}],"wp:featuredmedia":[{"embeddable":true,"href":"https:\/\/s-shaper.com\/es\/wp-json\/wp\/v2\/media\/3472"}],"wp:attachment":[{"href":"https:\/\/s-shaper.com\/es\/wp-json\/wp\/v2\/media?parent=3556"}],"wp:term":[{"taxonomy":"product_brand","embeddable":true,"href":"https:\/\/s-shaper.com\/es\/wp-json\/wp\/v2\/product_brand?post=3556"},{"taxonomy":"product_cat","embeddable":true,"href":"https:\/\/s-shaper.com\/es\/wp-json\/wp\/v2\/product_cat?post=3556"},{"taxonomy":"product_tag","embeddable":true,"href":"https:\/\/s-shaper.com\/es\/wp-json\/wp\/v2\/product_tag?post=3556"}],"curies":[{"name":"wp","href":"https:\/\/api.w.org\/{rel}","templated":true}]}}