{"id":6385,"date":"2025-05-22T03:48:42","date_gmt":"2025-05-22T03:48:42","guid":{"rendered":"https:\/\/s-shaper.com\/?page_id=6385"},"modified":"2025-05-22T03:50:36","modified_gmt":"2025-05-22T03:50:36","slug":"sustainability-ethical-manufacturing","status":"publish","type":"page","link":"https:\/\/s-shaper.com\/es\/sustainability-ethical-manufacturing\/","title":{"rendered":"Sostenibilidad y fabricaci\u00f3n \u00e9tica"},"content":{"rendered":"<div data-elementor-type=\"wp-page\" data-elementor-id=\"6385\" class=\"elementor elementor-6385\" data-elementor-post-type=\"page\">\n\t\t\t\t<div class=\"elementor-element elementor-element-70b89e2 e-flex e-con-boxed e-con e-parent\" data-id=\"70b89e2\" data-element_type=\"container\" data-e-type=\"container\" data-settings=\"{&quot;background_background&quot;:&quot;classic&quot;}\">\n\t\t\t\t\t<div class=\"e-con-inner\">\n\t\t\t\t<div class=\"elementor-element elementor-element-d00129d elementor-widget elementor-widget-heading\" data-id=\"d00129d\" data-element_type=\"widget\" data-e-type=\"widget\" data-widget_type=\"heading.default\">\n\t\t\t\t<div class=\"elementor-widget-container\">\n\t\t\t\t\t<h1 class=\"elementor-heading-title elementor-size-default\">Sostenibilidad y fabricaci\u00f3n \u00e9tica<\/h1>\t\t\t\t<\/div>\n\t\t\t\t<\/div>\n\t\t\t\t\t<\/div>\n\t\t\t\t<\/div>\n\t\t<div class=\"elementor-element elementor-element-ad5476f e-flex e-con-boxed e-con e-parent\" data-id=\"ad5476f\" data-element_type=\"container\" data-e-type=\"container\">\n\t\t\t\t\t<div class=\"e-con-inner\">\n\t\t<div class=\"elementor-element elementor-element-fe820b3 e-con-full e-flex e-con e-child\" data-id=\"fe820b3\" data-element_type=\"container\" data-e-type=\"container\">\n\t\t\t\t<div class=\"elementor-element elementor-element-a1a577e elementor-widget elementor-widget-image\" data-id=\"a1a577e\" data-element_type=\"widget\" data-e-type=\"widget\" data-widget_type=\"image.default\">\n\t\t\t\t<div class=\"elementor-widget-container\">\n\t\t\t\t\t\t\t\t\t\t\t\t\t\t\t<img fetchpriority=\"high\" decoding=\"async\" width=\"1000\" height=\"1000\" src=\"https:\/\/s-shaper.com\/wp-content\/uploads\/2024\/03\/O03003-6.jpg\" class=\"attachment-large size-large wp-image-4647\" alt=\"\" srcset=\"https:\/\/s-shaper.com\/wp-content\/uploads\/2024\/03\/O03003-6.jpg 1000w, https:\/\/s-shaper.com\/wp-content\/uploads\/2024\/03\/O03003-6-300x300.jpg 300w, https:\/\/s-shaper.com\/wp-content\/uploads\/2024\/03\/O03003-6-80x80.jpg 80w, https:\/\/s-shaper.com\/wp-content\/uploads\/2024\/03\/O03003-6-768x768.jpg 768w, https:\/\/s-shaper.com\/wp-content\/uploads\/2024\/03\/O03003-6-600x600.jpg 600w, https:\/\/s-shaper.com\/wp-content\/uploads\/2024\/03\/O03003-6-100x100.jpg 100w\" sizes=\"(max-width: 1000px) 100vw, 1000px\" title=\"\">\t\t\t\t\t\t\t\t\t\t\t\t\t\t\t<\/div>\n\t\t\t\t<\/div>\n\t\t\t\t<\/div>\n\t\t<div class=\"elementor-element elementor-element-1634069 e-con-full e-flex e-con e-child\" data-id=\"1634069\" data-element_type=\"container\" data-e-type=\"container\">\n\t\t\t\t<div class=\"elementor-element elementor-element-ffbc729 elementor-widget elementor-widget-heading\" data-id=\"ffbc729\" data-element_type=\"widget\" data-e-type=\"widget\" data-widget_type=\"heading.default\">\n\t\t\t\t<div class=\"elementor-widget-container\">\n\t\t\t\t\t<h2 class=\"elementor-heading-title elementor-size-default\">Pioneros en el futuro de la ropa moldeadora con tecnolog\u00eda de vanguardia<\/h2>\t\t\t\t<\/div>\n\t\t\t\t<\/div>\n\t\t\t\t<div class=\"elementor-element elementor-element-67887d1 elementor-widget elementor-widget-text-editor\" data-id=\"67887d1\" data-element_type=\"widget\" data-e-type=\"widget\" data-widget_type=\"text-editor.default\">\n\t\t\t\t<div class=\"elementor-widget-container\">\n\t\t\t\t\t\t\t\t\t<p>En S-SHAPER creemos que la innovaci\u00f3n es la clave del \u00e9xito. Nuestro equipo de I+D y nuestros avanzados procesos de fabricaci\u00f3n nos permiten desarrollar soluciones moldeadoras de alto rendimiento que combinan comodidad, funcionalidad y atractivo est\u00e9tico.<\/p><p>\u00a0Nuestro compromiso con la sostenibilidad incluye:<br \/>\u2705 Tejidos y materiales ecol\u00f3gicos: desde fibras recicladas hasta textiles biodegradables<br \/>\u2705 Conservaci\u00f3n del agua y la energ\u00eda: reducci\u00f3n del uso de agua en un 70 % en los procesos de te\u00f1ido<br \/>\u2705 Producci\u00f3n sin residuos: optimizaci\u00f3n de la utilizaci\u00f3n de tejidos para reducir los residuos en los vertederos<br \/>\u2705 Cadena de suministro \u00e9tica y transparente: salarios justos, condiciones de trabajo seguras y cumplimiento de las normas laborales mundiales<\/p><p>\u00a0As\u00f3ciate con un fabricante que valore la sostenibilidad tanto como t\u00fa.<\/p>\t\t\t\t\t\t\t\t<\/div>\n\t\t\t\t<\/div>\n\t\t\t\t<div class=\"elementor-element elementor-element-a734c42 elementor-widget elementor-widget-button\" data-id=\"a734c42\" data-element_type=\"widget\" data-e-type=\"widget\" data-widget_type=\"button.default\">\n\t\t\t\t<div class=\"elementor-widget-container\">\n\t\t\t\t\t\t\t\t\t<div class=\"elementor-button-wrapper\">\n\t\t\t\t\t<a class=\"elementor-button elementor-button-link elementor-size-sm\" href=\"https:\/\/s-shaper.com\/es\/contact-us\/\">\n\t\t\t\t\t\t<span class=\"elementor-button-content-wrapper\">\n\t\t\t\t\t\t\t\t\t<span class=\"elementor-button-text\">CONT\u00c1CTANOS \u2192<\/span>\n\t\t\t\t\t<\/span>\n\t\t\t\t\t<\/a>\n\t\t\t\t<\/div>\n\t\t\t\t\t\t\t\t<\/div>\n\t\t\t\t<\/div>\n\t\t\t\t<\/div>\n\t\t\t\t\t<\/div>\n\t\t\t\t<\/div>\n\t\t<div class=\"elementor-element elementor-element-04b2e9e e-flex e-con-boxed e-con e-parent\" data-id=\"04b2e9e\" data-element_type=\"container\" data-e-type=\"container\">\n\t\t\t\t\t<div class=\"e-con-inner\">\n\t\t<div class=\"elementor-element elementor-element-d2c6524 e-con-full e-flex e-con e-child\" data-id=\"d2c6524\" data-element_type=\"container\" data-e-type=\"container\">\n\t\t\t\t<div class=\"elementor-element elementor-element-8b78c2e elementor-widget elementor-widget-heading\" data-id=\"8b78c2e\" data-element_type=\"widget\" data-e-type=\"widget\" data-widget_type=\"heading.default\">\n\t\t\t\t<div class=\"elementor-widget-container\">\n\t\t\t\t\t<h2 class=\"elementor-heading-title elementor-size-default\">Tejidos y materiales ecol\u00f3gicos<\/h2>\t\t\t\t<\/div>\n\t\t\t\t<\/div>\n\t\t\t\t<div class=\"elementor-element elementor-element-0851bea elementor-widget elementor-widget-text-editor\" data-id=\"0851bea\" data-element_type=\"widget\" data-e-type=\"widget\" data-widget_type=\"text-editor.default\">\n\t\t\t\t<div class=\"elementor-widget-container\">\n\t\t\t\t\t\t\t\t\t<p>Priorizamos los tejidos sostenibles de alto rendimiento que ofrecen comodidad, durabilidad y abastecimiento \u00e9tico.<\/p><p>\ud83d\udd39 Nuestras innovaciones en tejidos sostenibles incluyen:<br \/>\u2714 Nailon y poli\u00e9ster reciclados (con certificaci\u00f3n GRS): fabricados con residuos pl\u00e1sticos posconsumo<br \/>\u2714 Mezclas de algod\u00f3n org\u00e1nico y bamb\u00fa: naturalmente transpirables y biodegradables<br \/>\u2714 Elastano biodegradable: se descompone un 50 % m\u00e1s r\u00e1pido que las fibras sint\u00e9ticas convencionales<br \/>\u2714 Tecnolog\u00eda de te\u00f1ido sin agua: reduce los residuos qu\u00edmicos y el consumo de agua<\/p><p>\ud83d\udcca Resultados:<br \/>\u2714 Reducci\u00f3n del 50 % de la huella de carbono en comparaci\u00f3n con los tejidos tradicionales<br \/>\u2714 Certificado por OEKO-TEX\u00ae y Global Recycled Standard (GRS)<br \/>\u2714 Demanda creciente de ropa moldeadora ecol\u00f3gica por parte de los minoristas mundiales<\/p>\t\t\t\t\t\t\t\t<\/div>\n\t\t\t\t<\/div>\n\t\t\t\t<\/div>\n\t\t<div class=\"elementor-element elementor-element-df0f4bc e-con-full e-flex e-con e-child\" data-id=\"df0f4bc\" data-element_type=\"container\" data-e-type=\"container\">\n\t\t\t\t<div class=\"elementor-element elementor-element-28ba23e elementor-widget elementor-widget-image\" data-id=\"28ba23e\" data-element_type=\"widget\" data-e-type=\"widget\" data-widget_type=\"image.default\">\n\t\t\t\t<div class=\"elementor-widget-container\">\n\t\t\t\t\t\t\t\t\t\t\t\t\t\t\t<img decoding=\"async\" width=\"1000\" height=\"650\" src=\"https:\/\/s-shaper.com\/wp-content\/uploads\/2025\/05\/2151158848.jpg\" class=\"attachment-large size-large wp-image-6389\" alt=\"\" srcset=\"https:\/\/s-shaper.com\/wp-content\/uploads\/2025\/05\/2151158848.jpg 1000w, https:\/\/s-shaper.com\/wp-content\/uploads\/2025\/05\/2151158848-300x195.jpg 300w, https:\/\/s-shaper.com\/wp-content\/uploads\/2025\/05\/2151158848-768x499.jpg 768w, https:\/\/s-shaper.com\/wp-content\/uploads\/2025\/05\/2151158848-18x12.jpg 18w, https:\/\/s-shaper.com\/wp-content\/uploads\/2025\/05\/2151158848-600x390.jpg 600w\" sizes=\"(max-width: 1000px) 100vw, 1000px\" title=\"\">\t\t\t\t\t\t\t\t\t\t\t\t\t\t\t<\/div>\n\t\t\t\t<\/div>\n\t\t\t\t<\/div>\n\t\t\t\t\t<\/div>\n\t\t\t\t<\/div>\n\t\t<div class=\"elementor-element elementor-element-e995259 e-flex e-con-boxed e-con e-parent\" data-id=\"e995259\" data-element_type=\"container\" data-e-type=\"container\">\n\t\t\t\t\t<div class=\"e-con-inner\">\n\t\t<div class=\"elementor-element elementor-element-ff84feb e-con-full e-flex e-con e-child\" data-id=\"ff84feb\" data-element_type=\"container\" data-e-type=\"container\">\n\t\t\t\t<div class=\"elementor-element elementor-element-7caf44d elementor-widget elementor-widget-image\" data-id=\"7caf44d\" data-element_type=\"widget\" data-e-type=\"widget\" data-widget_type=\"image.default\">\n\t\t\t\t<div class=\"elementor-widget-container\">\n\t\t\t\t\t\t\t\t\t\t\t\t\t\t\t<img decoding=\"async\" width=\"1000\" height=\"650\" src=\"https:\/\/s-shaper.com\/wp-content\/uploads\/2025\/05\/15849.jpg\" class=\"attachment-large size-large wp-image-6391\" alt=\"\" srcset=\"https:\/\/s-shaper.com\/wp-content\/uploads\/2025\/05\/15849.jpg 1000w, https:\/\/s-shaper.com\/wp-content\/uploads\/2025\/05\/15849-300x195.jpg 300w, https:\/\/s-shaper.com\/wp-content\/uploads\/2025\/05\/15849-768x499.jpg 768w, https:\/\/s-shaper.com\/wp-content\/uploads\/2025\/05\/15849-18x12.jpg 18w, https:\/\/s-shaper.com\/wp-content\/uploads\/2025\/05\/15849-600x390.jpg 600w\" sizes=\"(max-width: 1000px) 100vw, 1000px\" title=\"\">\t\t\t\t\t\t\t\t\t\t\t\t\t\t\t<\/div>\n\t\t\t\t<\/div>\n\t\t\t\t<\/div>\n\t\t<div class=\"elementor-element elementor-element-9aa11e3 e-con-full e-flex e-con e-child\" data-id=\"9aa11e3\" data-element_type=\"container\" data-e-type=\"container\">\n\t\t\t\t<div class=\"elementor-element elementor-element-94564ae elementor-widget elementor-widget-heading\" data-id=\"94564ae\" data-element_type=\"widget\" data-e-type=\"widget\" data-widget_type=\"heading.default\">\n\t\t\t\t<div class=\"elementor-widget-container\">\n\t\t\t\t\t<h2 class=\"elementor-heading-title elementor-size-default\">Reducci\u00f3n del impacto medioambiental a trav\u00e9s de la fabricaci\u00f3n inteligente<\/h2>\t\t\t\t<\/div>\n\t\t\t\t<\/div>\n\t\t\t\t<div class=\"elementor-element elementor-element-3eddfe6 elementor-widget elementor-widget-text-editor\" data-id=\"3eddfe6\" data-element_type=\"widget\" data-e-type=\"widget\" data-widget_type=\"text-editor.default\">\n\t\t\t\t<div class=\"elementor-widget-container\">\n\t\t\t\t\t\t\t\t\t<p>La fabricaci\u00f3n textil tradicional consume una enorme cantidad de agua y energ\u00eda. En S-SHAPER, implementamos procesos inteligentes y eficientes energ\u00e9ticamente para minimizar nuestra huella.<\/p><p>\ud83c\udf31 Nuestras iniciativas de conservaci\u00f3n de recursos:<br \/>\ud83d\udeb0 Proceso de te\u00f1ido sin agua: ahorra hasta un 70 % de agua en el proceso de coloraci\u00f3n de los tejidos<br \/>\u26a1 Instalaciones de producci\u00f3n con energ\u00eda solar: utilizaci\u00f3n de fuentes de energ\u00eda renovables<br \/>\u267b Reciclaje de agua en circuito cerrado: reducci\u00f3n de las descargas de aguas residuales industriales en un 60 %<br \/>\ud83d\udd04 Maquinaria de eficiencia energ\u00e9tica: consumo de energ\u00eda un 30 % menor que la fabricaci\u00f3n convencional<\/p><p>\ud83d\udcca Impacto:<br \/>\u2714 M\u00e1s de 3 millones de litros de agua ahorrados anualmente<br \/>\u2714 Emisiones de CO\u2082 reducidas en un 50 % por ciclo de producci\u00f3n<br \/>\u2714 Certificado ISO 14001 para la gesti\u00f3n medioambiental<\/p>\t\t\t\t\t\t\t\t<\/div>\n\t\t\t\t<\/div>\n\t\t\t\t<\/div>\n\t\t\t\t\t<\/div>\n\t\t\t\t<\/div>\n\t\t<div class=\"elementor-element elementor-element-a1bc123 e-flex e-con-boxed e-con e-parent\" data-id=\"a1bc123\" data-element_type=\"container\" data-e-type=\"container\">\n\t\t\t\t\t<div class=\"e-con-inner\">\n\t\t<div class=\"elementor-element elementor-element-a7ad885 e-con-full e-flex e-con e-child\" data-id=\"a7ad885\" data-element_type=\"container\" data-e-type=\"container\">\n\t\t\t\t<div class=\"elementor-element elementor-element-9cc5673 elementor-widget elementor-widget-heading\" data-id=\"9cc5673\" data-element_type=\"widget\" data-e-type=\"widget\" data-widget_type=\"heading.default\">\n\t\t\t\t<div class=\"elementor-widget-container\">\n\t\t\t\t\t<h2 class=\"elementor-heading-title elementor-size-default\">Maximizar la eficiencia, minimizar los residuos<\/h2>\t\t\t\t<\/div>\n\t\t\t\t<\/div>\n\t\t\t\t<div class=\"elementor-element elementor-element-3825e60 elementor-widget elementor-widget-text-editor\" data-id=\"3825e60\" data-element_type=\"widget\" data-e-type=\"widget\" data-widget_type=\"text-editor.default\">\n\t\t\t\t<div class=\"elementor-widget-container\">\n\t\t\t\t\t\t\t\t\t<p>Hemos adoptado una estrategia de producci\u00f3n sin residuos para garantizar que la utilizaci\u00f3n de tejidos sea \u00f3ptima y los residuos de fabricaci\u00f3n se reutilicen.<\/p><p>\ud83d\udd39 C\u00f3mo reducimos los residuos:<br \/>\u2714 Corte digital de patrones: aumenta la eficiencia de los tejidos en un 30 %<br \/>\u2714 Reciclaje de recortes de tejidos: reutilizados para aislamiento, relleno de muebles y accesorios<br \/>\u2714 Iniciativa de embalaje m\u00ednimo: uso de embalajes biodegradables y reciclables<br \/>\u2714 Producci\u00f3n justo a tiempo: reducci\u00f3n de la sobreproducci\u00f3n y el exceso de residuos de inventario<\/p><p>\ud83d\udcca Resultados:<br \/>\u2714 Eficiencia de utilizaci\u00f3n de materiales del 95 % en la producci\u00f3n<br \/>\u2714 Eliminaci\u00f3n del pl\u00e1stico de un solo uso en el embalaje en un 80 %<br \/>\u2714 Reducci\u00f3n de los residuos en los vertederos en un 40 % en los \u00faltimos 3 a\u00f1os<\/p>\t\t\t\t\t\t\t\t<\/div>\n\t\t\t\t<\/div>\n\t\t\t\t<\/div>\n\t\t<div class=\"elementor-element elementor-element-8c47565 e-con-full e-flex e-con e-child\" data-id=\"8c47565\" data-element_type=\"container\" data-e-type=\"container\">\n\t\t\t\t<div class=\"elementor-element elementor-element-b66e000 elementor-widget elementor-widget-image\" data-id=\"b66e000\" data-element_type=\"widget\" data-e-type=\"widget\" data-widget_type=\"image.default\">\n\t\t\t\t<div class=\"elementor-widget-container\">\n\t\t\t\t\t\t\t\t\t\t\t\t\t\t\t<img loading=\"lazy\" decoding=\"async\" width=\"1000\" height=\"650\" src=\"https:\/\/s-shaper.com\/wp-content\/uploads\/2025\/05\/2148754133.jpg\" class=\"attachment-large size-large wp-image-6390\" alt=\"\" srcset=\"https:\/\/s-shaper.com\/wp-content\/uploads\/2025\/05\/2148754133.jpg 1000w, https:\/\/s-shaper.com\/wp-content\/uploads\/2025\/05\/2148754133-300x195.jpg 300w, https:\/\/s-shaper.com\/wp-content\/uploads\/2025\/05\/2148754133-768x499.jpg 768w, https:\/\/s-shaper.com\/wp-content\/uploads\/2025\/05\/2148754133-18x12.jpg 18w, https:\/\/s-shaper.com\/wp-content\/uploads\/2025\/05\/2148754133-600x390.jpg 600w\" sizes=\"(max-width: 1000px) 100vw, 1000px\" title=\"\">\t\t\t\t\t\t\t\t\t\t\t\t\t\t\t<\/div>\n\t\t\t\t<\/div>\n\t\t\t\t<\/div>\n\t\t\t\t\t<\/div>\n\t\t\t\t<\/div>\n\t\t<div class=\"elementor-element elementor-element-df55658 e-flex e-con-boxed e-con e-parent\" data-id=\"df55658\" data-element_type=\"container\" data-e-type=\"container\">\n\t\t\t\t\t<div class=\"e-con-inner\">\n\t\t<div class=\"elementor-element elementor-element-9951d1d e-con-full e-flex e-con e-child\" data-id=\"9951d1d\" data-element_type=\"container\" data-e-type=\"container\">\n\t\t\t\t<div class=\"elementor-element elementor-element-0159568 elementor-widget elementor-widget-image\" data-id=\"0159568\" data-element_type=\"widget\" data-e-type=\"widget\" data-widget_type=\"image.default\">\n\t\t\t\t<div class=\"elementor-widget-container\">\n\t\t\t\t\t\t\t\t\t\t\t\t\t\t\t<img loading=\"lazy\" decoding=\"async\" width=\"1000\" height=\"650\" src=\"https:\/\/s-shaper.com\/wp-content\/uploads\/2025\/05\/people-meeting-community-center.jpg\" class=\"attachment-large size-large wp-image-6392\" alt=\"\" srcset=\"https:\/\/s-shaper.com\/wp-content\/uploads\/2025\/05\/people-meeting-community-center.jpg 1000w, https:\/\/s-shaper.com\/wp-content\/uploads\/2025\/05\/people-meeting-community-center-300x195.jpg 300w, https:\/\/s-shaper.com\/wp-content\/uploads\/2025\/05\/people-meeting-community-center-768x499.jpg 768w, https:\/\/s-shaper.com\/wp-content\/uploads\/2025\/05\/people-meeting-community-center-18x12.jpg 18w, https:\/\/s-shaper.com\/wp-content\/uploads\/2025\/05\/people-meeting-community-center-600x390.jpg 600w\" sizes=\"(max-width: 1000px) 100vw, 1000px\" title=\"\">\t\t\t\t\t\t\t\t\t\t\t\t\t\t\t<\/div>\n\t\t\t\t<\/div>\n\t\t\t\t<\/div>\n\t\t<div class=\"elementor-element elementor-element-0249053 e-con-full e-flex e-con e-child\" data-id=\"0249053\" data-element_type=\"container\" data-e-type=\"container\">\n\t\t\t\t<div class=\"elementor-element elementor-element-d58631a elementor-widget elementor-widget-heading\" data-id=\"d58631a\" data-element_type=\"widget\" data-e-type=\"widget\" data-widget_type=\"heading.default\">\n\t\t\t\t<div class=\"elementor-widget-container\">\n\t\t\t\t\t<h2 class=\"elementor-heading-title elementor-size-default\">Trabajo justo, abastecimiento \u00e9tico y responsabilidad social<\/h2>\t\t\t\t<\/div>\n\t\t\t\t<\/div>\n\t\t\t\t<div class=\"elementor-element elementor-element-fdce665 elementor-widget elementor-widget-text-editor\" data-id=\"fdce665\" data-element_type=\"widget\" data-e-type=\"widget\" data-widget_type=\"text-editor.default\">\n\t\t\t\t<div class=\"elementor-widget-container\">\n\t\t\t\t\t\t\t\t\t<p>La sostenibilidad no se trata solo de materiales, sino tambi\u00e9n de las personas. Estamos comprometidos con las pr\u00e1cticas laborales \u00e9ticas, los salarios justos y las condiciones de trabajo seguras en toda nuestra cadena de suministro.<\/p><p>\ud83d\udd39 Nuestras normas de fabricaci\u00f3n \u00e9tica incluyen:<br \/>\u2714 Salarios justos y condiciones de trabajo seguras: cumplimiento de las normas laborales de la OIT<br \/>\u2714 No al trabajo infantil ni al trabajo forzado: estricto cumplimiento de las pol\u00edticas mundiales de derechos humanos<br \/>\u2714 F\u00e1bricas auditadas por terceros: verificadas por las certificaciones Sedex y BSCI<br \/>\u2714 Transparencia de la cadena de suministro: trazabilidad completa de los materiales y pr\u00e1cticas de abastecimiento \u00e9tico<\/p><p>\ud83d\udcca Impacto:<br \/>\u2714 El 100 % de nuestra plantilla recibe salarios y prestaciones justas<br \/>\u2714 Certificado por BSCI (Business Social Compliance Initiative)<br \/>\u2714 Con la confianza de m\u00e1s de 100 marcas internacionales para la producci\u00f3n \u00e9tica<\/p>\t\t\t\t\t\t\t\t<\/div>\n\t\t\t\t<\/div>\n\t\t\t\t<\/div>\n\t\t\t\t\t<\/div>\n\t\t\t\t<\/div>\n\t\t<div class=\"elementor-element elementor-element-fad7156 e-flex e-con-boxed e-con e-parent\" data-id=\"fad7156\" data-element_type=\"container\" data-e-type=\"container\">\n\t\t\t\t\t<div class=\"e-con-inner\">\n\t\t<div class=\"elementor-element elementor-element-5f76522 e-con-full e-flex e-con e-child\" data-id=\"5f76522\" data-element_type=\"container\" data-e-type=\"container\">\n\t\t\t\t<div class=\"elementor-element elementor-element-f18c88a elementor-widget elementor-widget-heading\" data-id=\"f18c88a\" data-element_type=\"widget\" data-e-type=\"widget\" data-widget_type=\"heading.default\">\n\t\t\t\t<div class=\"elementor-widget-container\">\n\t\t\t\t\t<h2 class=\"elementor-heading-title elementor-size-default\">Cumplimiento de las normas \u00e9ticas y de sostenibilidad<\/h2>\t\t\t\t<\/div>\n\t\t\t\t<\/div>\n\t\t\t\t<div class=\"elementor-element elementor-element-87be7e5 elementor-widget elementor-widget-text-editor\" data-id=\"87be7e5\" data-element_type=\"widget\" data-e-type=\"widget\" data-widget_type=\"text-editor.default\">\n\t\t\t\t<div class=\"elementor-widget-container\">\n\t\t\t\t\t\t\t\t\t<p>En S-SHAPER, nos adherimos a las certificaciones m\u00e1s altas de la industria para garantizar que nuestros productos cumplan con las normas mundiales de sostenibilidad y fabricaci\u00f3n \u00e9tica.<\/p><p>\ud83c\udf31 Nuestras certificaciones incluyen:<br \/>\u2705 OEKO-TEX\u00ae Standard 100: textiles seguros y no t\u00f3xicos<br \/>\u2705 Global Recycled Standard (GRS): materiales reciclados certificados<br \/>\u2705 ISO 14001: certificaci\u00f3n de gesti\u00f3n medioambiental<br \/>\u2705 BSCI y Sedex: cumplimiento laboral \u00e9tico y comercio justo<br \/>\u2705 GOTS (Global Organic Textile Standard): algod\u00f3n org\u00e1nico certificado<\/p><p>\ud83d\udcca Por qu\u00e9 esto es importante:<br \/>\u2714 Aumenta la confianza y la credibilidad de la marca<br \/>\u2714 Garantiza el cumplimiento normativo para los mercados mundiales<br \/>\u2714 Satisface la creciente demanda de moda \u00e9tica por parte de los consumidores<\/p>\t\t\t\t\t\t\t\t<\/div>\n\t\t\t\t<\/div>\n\t\t\t\t<\/div>\n\t\t<div class=\"elementor-element elementor-element-67ecdc2 e-con-full e-flex e-con e-child\" data-id=\"67ecdc2\" data-element_type=\"container\" data-e-type=\"container\">\n\t\t\t\t<div class=\"elementor-element elementor-element-0d227bd elementor-widget elementor-widget-image\" data-id=\"0d227bd\" data-element_type=\"widget\" data-e-type=\"widget\" data-widget_type=\"image.default\">\n\t\t\t\t<div class=\"elementor-widget-container\">\n\t\t\t\t\t\t\t\t\t\t\t\t\t\t\t<img loading=\"lazy\" decoding=\"async\" width=\"1000\" height=\"650\" src=\"https:\/\/s-shaper.com\/wp-content\/uploads\/2025\/05\/hand-presenting-earth-sustainable-environment-remix.jpg\" class=\"attachment-large size-large wp-image-6393\" alt=\"\" srcset=\"https:\/\/s-shaper.com\/wp-content\/uploads\/2025\/05\/hand-presenting-earth-sustainable-environment-remix.jpg 1000w, https:\/\/s-shaper.com\/wp-content\/uploads\/2025\/05\/hand-presenting-earth-sustainable-environment-remix-300x195.jpg 300w, https:\/\/s-shaper.com\/wp-content\/uploads\/2025\/05\/hand-presenting-earth-sustainable-environment-remix-768x499.jpg 768w, https:\/\/s-shaper.com\/wp-content\/uploads\/2025\/05\/hand-presenting-earth-sustainable-environment-remix-18x12.jpg 18w, https:\/\/s-shaper.com\/wp-content\/uploads\/2025\/05\/hand-presenting-earth-sustainable-environment-remix-600x390.jpg 600w\" sizes=\"(max-width: 1000px) 100vw, 1000px\" title=\"\">\t\t\t\t\t\t\t\t\t\t\t\t\t\t\t<\/div>\n\t\t\t\t<\/div>\n\t\t\t\t<\/div>\n\t\t\t\t\t<\/div>\n\t\t\t\t<\/div>\n\t\t\t\t<\/div>","protected":false},"excerpt":{"rendered":"<p>Sustainability &#038; Ethical Manufacturing Pioneering the Future of Shapewear with Cutting-Edge Technology At\u00a0S-SHAPER, we believe that\u00a0innovation drives success. Our dedicated\u00a0R&amp;D team and advanced manufacturing processes\u00a0allow us to develop\u00a0high-performance shapewear solutions\u00a0that combine\u00a0comfort, function, and aesthetic appeal. \u00a0Our Commitment to Sustainability Includes:\u2705\u00a0Eco-Friendly Fabrics &amp; Materials\u00a0\u2013 From\u00a0recycled fibers to biodegradable textiles\u2705\u00a0Water &amp; Energy Conservation\u00a0\u2013 Cutting water usage by\u00a070%\u00a0in [&hellip;]<\/p>\n","protected":false},"author":1,"featured_media":0,"parent":0,"menu_order":0,"comment_status":"closed","ping_status":"closed","template":"","meta":{"_acf_changed":false,"footnotes":""},"class_list":["post-6385","page","type-page","status-publish","hentry"],"blocksy_meta":[],"acf":[],"_links":{"self":[{"href":"https:\/\/s-shaper.com\/es\/wp-json\/wp\/v2\/pages\/6385","targetHints":{"allow":["GET"]}}],"collection":[{"href":"https:\/\/s-shaper.com\/es\/wp-json\/wp\/v2\/pages"}],"about":[{"href":"https:\/\/s-shaper.com\/es\/wp-json\/wp\/v2\/types\/page"}],"author":[{"embeddable":true,"href":"https:\/\/s-shaper.com\/es\/wp-json\/wp\/v2\/users\/1"}],"replies":[{"embeddable":true,"href":"https:\/\/s-shaper.com\/es\/wp-json\/wp\/v2\/comments?post=6385"}],"version-history":[{"count":4,"href":"https:\/\/s-shaper.com\/es\/wp-json\/wp\/v2\/pages\/6385\/revisions"}],"predecessor-version":[{"id":6396,"href":"https:\/\/s-shaper.com\/es\/wp-json\/wp\/v2\/pages\/6385\/revisions\/6396"}],"wp:attachment":[{"href":"https:\/\/s-shaper.com\/es\/wp-json\/wp\/v2\/media?parent=6385"}],"curies":[{"name":"wp","href":"https:\/\/api.w.org\/{rel}","templated":true}]}}