{"id":4897,"date":"2024-03-26T09:19:13","date_gmt":"2024-03-26T09:19:13","guid":{"rendered":"https:\/\/s-shaper.com\/product\/s-shaper-every-day-shaping-t-shirt\/"},"modified":"2024-10-16T08:31:35","modified_gmt":"2024-10-16T08:31:35","slug":"s-shaper-every-day-shaping-t-shirt","status":"publish","type":"product","link":"https:\/\/s-shaper.com\/de\/product\/s-shaper-every-day-shaping-t-shirt\/","title":{"rendered":"S-SHAPER Jeden Tag ein formendes T-Shirt"},"content":{"rendered":"<p><img decoding=\"async\" src=\"https:\/\/s-shaper.com\/wp-content\/uploads\/2024\/03\/SE05.jpg\" width=\"750\" height=\"auto\" alt=\"\" title=\"\"><\/p>","protected":false},"excerpt":{"rendered":"<p>Balancing Stil und Formgebung, formt dieses T-Shirt elegant Ihre Figur und bietet einen polierten Look sowie eine bequeme Passform f\u00fcr t\u00e4gliche Aktivit\u00e4ten.<\/p>","protected":false},"featured_media":3957,"comment_status":"closed","ping_status":"closed","template":"","meta":{"_acf_changed":false},"product_brand":[],"product_cat":[30,54],"product_tag":[57],"class_list":{"0":"post-4897","1":"product","2":"type-product","3":"status-publish","4":"has-post-thumbnail","6":"product_cat-bra-tops","7":"product_cat-c-shape","8":"product_tag-tops","10":"first","11":"instock","12":"shipping-taxable","13":"purchasable","14":"product-type-simple"},"acf":[],"_links":{"self":[{"href":"https:\/\/s-shaper.com\/de\/wp-json\/wp\/v2\/product\/4897","targetHints":{"allow":["GET"]}}],"collection":[{"href":"https:\/\/s-shaper.com\/de\/wp-json\/wp\/v2\/product"}],"about":[{"href":"https:\/\/s-shaper.com\/de\/wp-json\/wp\/v2\/types\/product"}],"replies":[{"embeddable":true,"href":"https:\/\/s-shaper.com\/de\/wp-json\/wp\/v2\/comments?post=4897"}],"version-history":[{"count":5,"href":"https:\/\/s-shaper.com\/de\/wp-json\/wp\/v2\/product\/4897\/revisions"}],"predecessor-version":[{"id":5229,"href":"https:\/\/s-shaper.com\/de\/wp-json\/wp\/v2\/product\/4897\/revisions\/5229"}],"wp:featuredmedia":[{"embeddable":true,"href":"https:\/\/s-shaper.com\/de\/wp-json\/wp\/v2\/media\/3957"}],"wp:attachment":[{"href":"https:\/\/s-shaper.com\/de\/wp-json\/wp\/v2\/media?parent=4897"}],"wp:term":[{"taxonomy":"product_brand","embeddable":true,"href":"https:\/\/s-shaper.com\/de\/wp-json\/wp\/v2\/product_brand?post=4897"},{"taxonomy":"product_cat","embeddable":true,"href":"https:\/\/s-shaper.com\/de\/wp-json\/wp\/v2\/product_cat?post=4897"},{"taxonomy":"product_tag","embeddable":true,"href":"https:\/\/s-shaper.com\/de\/wp-json\/wp\/v2\/product_tag?post=4897"}],"curies":[{"name":"wp","href":"https:\/\/api.w.org\/{rel}","templated":true}]}}