{"id":4812,"date":"2024-03-26T08:43:16","date_gmt":"2024-03-26T08:43:16","guid":{"rendered":"https:\/\/s-shaper.com\/product\/s-shaper-mesh-shaping-waist-belts\/"},"modified":"2024-10-16T08:31:36","modified_gmt":"2024-10-16T08:31:36","slug":"s-shaper-mesh-shaping-waist-belts","status":"publish","type":"product","link":"https:\/\/s-shaper.com\/de\/product\/s-shaper-mesh-shaping-waist-belts\/","title":{"rendered":"S-SHAPER Netzformender Taillegurt"},"content":{"rendered":"<p><img decoding=\"async\" src=\"https:\/\/s-shaper.com\/wp-content\/uploads\/2024\/03\/YZS00022.jpg\" width=\"750\" height=\"auto\" alt=\"\" title=\"\"><\/p>","protected":false},"excerpt":{"rendered":"<p>Diese mit Pr\u00e4zision gefertigten Tailleng\u00fcrtel aus Mesh formen elegant Ihren Mittelteil und sorgen f\u00fcr einen glatten, polierten Look.<\/p>","protected":false},"featured_media":4727,"comment_status":"open","ping_status":"closed","template":"","meta":{"_acf_changed":false},"product_brand":[],"product_cat":[25,65],"product_tag":[40],"class_list":{"0":"post-4812","1":"product","2":"type-product","3":"status-publish","4":"has-post-thumbnail","6":"product_cat-t-shape","7":"product_cat-waist","8":"product_tag-girdle","10":"first","11":"instock","12":"shipping-taxable","13":"purchasable","14":"product-type-simple"},"acf":[],"_links":{"self":[{"href":"https:\/\/s-shaper.com\/de\/wp-json\/wp\/v2\/product\/4812","targetHints":{"allow":["GET"]}}],"collection":[{"href":"https:\/\/s-shaper.com\/de\/wp-json\/wp\/v2\/product"}],"about":[{"href":"https:\/\/s-shaper.com\/de\/wp-json\/wp\/v2\/types\/product"}],"replies":[{"embeddable":true,"href":"https:\/\/s-shaper.com\/de\/wp-json\/wp\/v2\/comments?post=4812"}],"version-history":[{"count":8,"href":"https:\/\/s-shaper.com\/de\/wp-json\/wp\/v2\/product\/4812\/revisions"}],"predecessor-version":[{"id":5304,"href":"https:\/\/s-shaper.com\/de\/wp-json\/wp\/v2\/product\/4812\/revisions\/5304"}],"wp:featuredmedia":[{"embeddable":true,"href":"https:\/\/s-shaper.com\/de\/wp-json\/wp\/v2\/media\/4727"}],"wp:attachment":[{"href":"https:\/\/s-shaper.com\/de\/wp-json\/wp\/v2\/media?parent=4812"}],"wp:term":[{"taxonomy":"product_brand","embeddable":true,"href":"https:\/\/s-shaper.com\/de\/wp-json\/wp\/v2\/product_brand?post=4812"},{"taxonomy":"product_cat","embeddable":true,"href":"https:\/\/s-shaper.com\/de\/wp-json\/wp\/v2\/product_cat?post=4812"},{"taxonomy":"product_tag","embeddable":true,"href":"https:\/\/s-shaper.com\/de\/wp-json\/wp\/v2\/product_tag?post=4812"}],"curies":[{"name":"wp","href":"https:\/\/api.w.org\/{rel}","templated":true}]}}