{"id":4808,"date":"2024-03-26T08:43:15","date_gmt":"2024-03-26T08:43:15","guid":{"rendered":"https:\/\/s-shaper.com\/product\/s-shaper-tourmaline-bamboo-leggings\/"},"modified":"2024-03-27T01:14:00","modified_gmt":"2024-03-27T01:14:00","slug":"s-shaper-tourmaline-bamboo-leggings","status":"publish","type":"product","link":"https:\/\/s-shaper.com\/de\/product\/s-shaper-tourmaline-bamboo-leggings\/","title":{"rendered":"S-SHAPER Leggings aus Bambus mit Turmalin"},"content":{"rendered":"<p><img decoding=\"async\" src=\"https:\/\/s-shaper.com\/wp-content\/uploads\/2024\/03\/B0438.jpg\" width=\"750\" height=\"auto\" alt=\"\" title=\"\"><\/p>","protected":false},"excerpt":{"rendered":"<p>Diese Leggings aus Turmalin-Bambus wurden f\u00fcr hervorragende Leistungen entwickelt. Sie formen und modellieren Ihre Beine auf elegante Weise und f\u00f6rdern das Wohlbefinden mit nat\u00fcrlichen Materialien f\u00fcr einen gl\u00e4nzenden Look.<\/p>","protected":false},"featured_media":4703,"comment_status":"open","ping_status":"closed","template":"","meta":{"_acf_changed":false},"product_brand":[],"product_cat":[55,25],"product_tag":[62],"class_list":{"0":"post-4808","1":"product","2":"type-product","3":"status-publish","4":"has-post-thumbnail","6":"product_cat-butt","7":"product_cat-t-shape","8":"product_tag-pants","10":"first","11":"instock","12":"shipping-taxable","13":"purchasable","14":"product-type-simple"},"acf":[],"_links":{"self":[{"href":"https:\/\/s-shaper.com\/de\/wp-json\/wp\/v2\/product\/4808","targetHints":{"allow":["GET"]}}],"collection":[{"href":"https:\/\/s-shaper.com\/de\/wp-json\/wp\/v2\/product"}],"about":[{"href":"https:\/\/s-shaper.com\/de\/wp-json\/wp\/v2\/types\/product"}],"replies":[{"embeddable":true,"href":"https:\/\/s-shaper.com\/de\/wp-json\/wp\/v2\/comments?post=4808"}],"version-history":[{"count":6,"href":"https:\/\/s-shaper.com\/de\/wp-json\/wp\/v2\/product\/4808\/revisions"}],"predecessor-version":[{"id":5300,"href":"https:\/\/s-shaper.com\/de\/wp-json\/wp\/v2\/product\/4808\/revisions\/5300"}],"wp:featuredmedia":[{"embeddable":true,"href":"https:\/\/s-shaper.com\/de\/wp-json\/wp\/v2\/media\/4703"}],"wp:attachment":[{"href":"https:\/\/s-shaper.com\/de\/wp-json\/wp\/v2\/media?parent=4808"}],"wp:term":[{"taxonomy":"product_brand","embeddable":true,"href":"https:\/\/s-shaper.com\/de\/wp-json\/wp\/v2\/product_brand?post=4808"},{"taxonomy":"product_cat","embeddable":true,"href":"https:\/\/s-shaper.com\/de\/wp-json\/wp\/v2\/product_cat?post=4808"},{"taxonomy":"product_tag","embeddable":true,"href":"https:\/\/s-shaper.com\/de\/wp-json\/wp\/v2\/product_tag?post=4808"}],"curies":[{"name":"wp","href":"https:\/\/api.w.org\/{rel}","templated":true}]}}