{"id":4806,"date":"2024-03-26T08:43:15","date_gmt":"2024-03-26T08:43:15","guid":{"rendered":"https:\/\/s-shaper.com\/product\/s-shaper-tourmaline-bamboo-tank-top\/"},"modified":"2024-03-27T01:14:00","modified_gmt":"2024-03-27T01:14:00","slug":"s-shaper-tourmaline-bamboo-tank-top","status":"publish","type":"product","link":"https:\/\/s-shaper.com\/de\/product\/s-shaper-tourmaline-bamboo-tank-top\/","title":{"rendered":"S-SHAPER Turmalin-Bambus-Tank-Top"},"content":{"rendered":"<p><img decoding=\"async\" src=\"https:\/\/s-shaper.com\/wp-content\/uploads\/2024\/03\/B0434.jpg\" width=\"750\" height=\"auto\" alt=\"\" title=\"\"><\/p>","protected":false},"excerpt":{"rendered":"<p>Dieses mit Pr\u00e4zision gefertigte Tanktop aus Turmalin-Bambus formt und modelliert elegant Ihren Oberk\u00f6rper und f\u00f6rdert das Wohlbefinden mit nat\u00fcrlichen Materialien.<\/p>","protected":false},"featured_media":4688,"comment_status":"open","ping_status":"closed","template":"","meta":{"_acf_changed":false},"product_brand":[],"product_cat":[30,25],"product_tag":[57],"class_list":{"0":"post-4806","1":"product","2":"type-product","3":"status-publish","4":"has-post-thumbnail","6":"product_cat-bra-tops","7":"product_cat-t-shape","8":"product_tag-tops","10":"first","11":"instock","12":"shipping-taxable","13":"purchasable","14":"product-type-simple"},"acf":[],"_links":{"self":[{"href":"https:\/\/s-shaper.com\/de\/wp-json\/wp\/v2\/product\/4806","targetHints":{"allow":["GET"]}}],"collection":[{"href":"https:\/\/s-shaper.com\/de\/wp-json\/wp\/v2\/product"}],"about":[{"href":"https:\/\/s-shaper.com\/de\/wp-json\/wp\/v2\/types\/product"}],"replies":[{"embeddable":true,"href":"https:\/\/s-shaper.com\/de\/wp-json\/wp\/v2\/comments?post=4806"}],"version-history":[{"count":7,"href":"https:\/\/s-shaper.com\/de\/wp-json\/wp\/v2\/product\/4806\/revisions"}],"predecessor-version":[{"id":5298,"href":"https:\/\/s-shaper.com\/de\/wp-json\/wp\/v2\/product\/4806\/revisions\/5298"}],"wp:featuredmedia":[{"embeddable":true,"href":"https:\/\/s-shaper.com\/de\/wp-json\/wp\/v2\/media\/4688"}],"wp:attachment":[{"href":"https:\/\/s-shaper.com\/de\/wp-json\/wp\/v2\/media?parent=4806"}],"wp:term":[{"taxonomy":"product_brand","embeddable":true,"href":"https:\/\/s-shaper.com\/de\/wp-json\/wp\/v2\/product_brand?post=4806"},{"taxonomy":"product_cat","embeddable":true,"href":"https:\/\/s-shaper.com\/de\/wp-json\/wp\/v2\/product_cat?post=4806"},{"taxonomy":"product_tag","embeddable":true,"href":"https:\/\/s-shaper.com\/de\/wp-json\/wp\/v2\/product_tag?post=4806"}],"curies":[{"name":"wp","href":"https:\/\/api.w.org\/{rel}","templated":true}]}}