{"id":4804,"date":"2024-03-26T08:43:14","date_gmt":"2024-03-26T08:43:14","guid":{"rendered":"https:\/\/s-shaper.com\/product\/s-shaper-far-infrared-briefs\/"},"modified":"2024-03-27T01:14:00","modified_gmt":"2024-03-27T01:14:00","slug":"s-shaper-far-infrared-briefs","status":"publish","type":"product","link":"https:\/\/s-shaper.com\/de\/product\/s-shaper-far-infrared-briefs\/","title":{"rendered":"S-SHAPER Shorts mit Ferninfrarot"},"content":{"rendered":"<p><img decoding=\"async\" src=\"https:\/\/s-shaper.com\/wp-content\/uploads\/2024\/03\/B0415.jpg\" width=\"750\" height=\"auto\" alt=\"\" title=\"\"><\/p>","protected":false},"excerpt":{"rendered":"<p>Dieser Ferninfrarotslip wurde mit Blick auf moderne \u00c4sthetik entwickelt und bietet elegante Konturierung und Formung. Er sorgt f\u00fcr einen glatten, polierten Look und f\u00f6rdert gleichzeitig das Wohlbefinden.<\/p>","protected":false},"featured_media":4669,"comment_status":"open","ping_status":"closed","template":"","meta":{"_acf_changed":false},"product_brand":[],"product_cat":[55,25],"product_tag":[56],"class_list":{"0":"post-4804","1":"product","2":"type-product","3":"status-publish","4":"has-post-thumbnail","6":"product_cat-butt","7":"product_cat-t-shape","8":"product_tag-panties","10":"first","11":"instock","12":"shipping-taxable","13":"purchasable","14":"product-type-simple"},"acf":[],"_links":{"self":[{"href":"https:\/\/s-shaper.com\/de\/wp-json\/wp\/v2\/product\/4804","targetHints":{"allow":["GET"]}}],"collection":[{"href":"https:\/\/s-shaper.com\/de\/wp-json\/wp\/v2\/product"}],"about":[{"href":"https:\/\/s-shaper.com\/de\/wp-json\/wp\/v2\/types\/product"}],"replies":[{"embeddable":true,"href":"https:\/\/s-shaper.com\/de\/wp-json\/wp\/v2\/comments?post=4804"}],"version-history":[{"count":6,"href":"https:\/\/s-shaper.com\/de\/wp-json\/wp\/v2\/product\/4804\/revisions"}],"predecessor-version":[{"id":5296,"href":"https:\/\/s-shaper.com\/de\/wp-json\/wp\/v2\/product\/4804\/revisions\/5296"}],"wp:featuredmedia":[{"embeddable":true,"href":"https:\/\/s-shaper.com\/de\/wp-json\/wp\/v2\/media\/4669"}],"wp:attachment":[{"href":"https:\/\/s-shaper.com\/de\/wp-json\/wp\/v2\/media?parent=4804"}],"wp:term":[{"taxonomy":"product_brand","embeddable":true,"href":"https:\/\/s-shaper.com\/de\/wp-json\/wp\/v2\/product_brand?post=4804"},{"taxonomy":"product_cat","embeddable":true,"href":"https:\/\/s-shaper.com\/de\/wp-json\/wp\/v2\/product_cat?post=4804"},{"taxonomy":"product_tag","embeddable":true,"href":"https:\/\/s-shaper.com\/de\/wp-json\/wp\/v2\/product_tag?post=4804"}],"curies":[{"name":"wp","href":"https:\/\/api.w.org\/{rel}","templated":true}]}}