{"id":4800,"date":"2024-03-26T08:43:13","date_gmt":"2024-03-26T08:43:13","guid":{"rendered":"https:\/\/s-shaper.com\/product\/s-shaper-high-compression-mid-thigh-bodysuit\/"},"modified":"2024-03-27T01:13:58","modified_gmt":"2024-03-27T01:13:58","slug":"s-shaper-high-compression-mid-thigh-bodysuit","status":"publish","type":"product","link":"https:\/\/s-shaper.com\/de\/product\/s-shaper-high-compression-mid-thigh-bodysuit\/","title":{"rendered":"S-SHAPER Body aus Spitze im Korsett-Stil mit hoher Kompression bis zum Oberschenkel"},"content":{"rendered":"<p><img decoding=\"async\" src=\"https:\/\/s-shaper.com\/wp-content\/uploads\/2024\/03\/O03002.jpg\" width=\"750\" height=\"auto\" alt=\"\" title=\"\"><\/p>","protected":false},"excerpt":{"rendered":"<p>Dieser mit Pr\u00e4zision gefertigte Body mit hoher Kompression bietet eine elegante Formung bis zur Mitte des Oberschenkels und sorgt f\u00fcr eine glatte, gl\u00e4nzende Silhouette.<\/p>","protected":false},"featured_media":4634,"comment_status":"open","ping_status":"closed","template":"","meta":{"_acf_changed":false},"product_brand":[],"product_cat":[27,38],"product_tag":[40],"class_list":{"0":"post-4800","1":"product","2":"type-product","3":"status-publish","4":"has-post-thumbnail","6":"product_cat-hp-shape","7":"product_cat-thighs","8":"product_tag-girdle","10":"first","11":"instock","12":"shipping-taxable","13":"purchasable","14":"product-type-simple"},"acf":[],"_links":{"self":[{"href":"https:\/\/s-shaper.com\/de\/wp-json\/wp\/v2\/product\/4800","targetHints":{"allow":["GET"]}}],"collection":[{"href":"https:\/\/s-shaper.com\/de\/wp-json\/wp\/v2\/product"}],"about":[{"href":"https:\/\/s-shaper.com\/de\/wp-json\/wp\/v2\/types\/product"}],"replies":[{"embeddable":true,"href":"https:\/\/s-shaper.com\/de\/wp-json\/wp\/v2\/comments?post=4800"}],"version-history":[{"count":6,"href":"https:\/\/s-shaper.com\/de\/wp-json\/wp\/v2\/product\/4800\/revisions"}],"predecessor-version":[{"id":5292,"href":"https:\/\/s-shaper.com\/de\/wp-json\/wp\/v2\/product\/4800\/revisions\/5292"}],"wp:featuredmedia":[{"embeddable":true,"href":"https:\/\/s-shaper.com\/de\/wp-json\/wp\/v2\/media\/4634"}],"wp:attachment":[{"href":"https:\/\/s-shaper.com\/de\/wp-json\/wp\/v2\/media?parent=4800"}],"wp:term":[{"taxonomy":"product_brand","embeddable":true,"href":"https:\/\/s-shaper.com\/de\/wp-json\/wp\/v2\/product_brand?post=4800"},{"taxonomy":"product_cat","embeddable":true,"href":"https:\/\/s-shaper.com\/de\/wp-json\/wp\/v2\/product_cat?post=4800"},{"taxonomy":"product_tag","embeddable":true,"href":"https:\/\/s-shaper.com\/de\/wp-json\/wp\/v2\/product_tag?post=4800"}],"curies":[{"name":"wp","href":"https:\/\/api.w.org\/{rel}","templated":true}]}}