{"id":4797,"date":"2024-03-26T08:43:12","date_gmt":"2024-03-26T08:43:12","guid":{"rendered":"https:\/\/s-shaper.com\/product\/s-shaper-fajas-colombianas-adjustable-camisole-high-compression-jumpsuit\/"},"modified":"2025-05-20T01:11:40","modified_gmt":"2025-05-20T01:11:40","slug":"s-shaper-fajas-colombianas-adjustable-camisole-high-compression-jumpsuit","status":"publish","type":"product","link":"https:\/\/s-shaper.com\/de\/product\/s-shaper-fajas-colombianas-adjustable-camisole-high-compression-jumpsuit\/","title":{"rendered":"S-SHAPER Fajas Colombianas Einstellbares Camisole Hochkompressions Overall"},"content":{"rendered":"<p><img decoding=\"async\" src=\"https:\/\/s-shaper.com\/wp-content\/uploads\/2024\/03\/LPS00098.jpg\" width=\"750\" height=\"auto\" alt=\"\" title=\"\"><\/p>","protected":false},"excerpt":{"rendered":"<p>Dieser mit Pr\u00e4zision gefertigte Jumpsuit mit hoher Kompression verf\u00fcgt \u00fcber ein verstellbares Camisole-Design und bietet eine elegante Ganzk\u00f6rperformung und einen glatten, polierten Look.<\/p>","protected":false},"featured_media":4618,"comment_status":"open","ping_status":"closed","template":"","meta":{"_acf_changed":false},"product_brand":[],"product_cat":[27,61],"product_tag":[36],"class_list":{"0":"post-4797","1":"product","2":"type-product","3":"status-publish","4":"has-post-thumbnail","6":"product_cat-hp-shape","7":"product_cat-tummy","8":"product_tag-bodysuits","10":"first","11":"instock","12":"featured","13":"shipping-taxable","14":"purchasable","15":"product-type-simple"},"acf":[],"_links":{"self":[{"href":"https:\/\/s-shaper.com\/de\/wp-json\/wp\/v2\/product\/4797","targetHints":{"allow":["GET"]}}],"collection":[{"href":"https:\/\/s-shaper.com\/de\/wp-json\/wp\/v2\/product"}],"about":[{"href":"https:\/\/s-shaper.com\/de\/wp-json\/wp\/v2\/types\/product"}],"replies":[{"embeddable":true,"href":"https:\/\/s-shaper.com\/de\/wp-json\/wp\/v2\/comments?post=4797"}],"version-history":[{"count":6,"href":"https:\/\/s-shaper.com\/de\/wp-json\/wp\/v2\/product\/4797\/revisions"}],"predecessor-version":[{"id":5289,"href":"https:\/\/s-shaper.com\/de\/wp-json\/wp\/v2\/product\/4797\/revisions\/5289"}],"wp:featuredmedia":[{"embeddable":true,"href":"https:\/\/s-shaper.com\/de\/wp-json\/wp\/v2\/media\/4618"}],"wp:attachment":[{"href":"https:\/\/s-shaper.com\/de\/wp-json\/wp\/v2\/media?parent=4797"}],"wp:term":[{"taxonomy":"product_brand","embeddable":true,"href":"https:\/\/s-shaper.com\/de\/wp-json\/wp\/v2\/product_brand?post=4797"},{"taxonomy":"product_cat","embeddable":true,"href":"https:\/\/s-shaper.com\/de\/wp-json\/wp\/v2\/product_cat?post=4797"},{"taxonomy":"product_tag","embeddable":true,"href":"https:\/\/s-shaper.com\/de\/wp-json\/wp\/v2\/product_tag?post=4797"}],"curies":[{"name":"wp","href":"https:\/\/api.w.org\/{rel}","templated":true}]}}