{"id":4795,"date":"2024-03-26T08:43:12","date_gmt":"2024-03-26T08:43:12","guid":{"rendered":"https:\/\/s-shaper.com\/product\/s-shaper-seamless-high-waist-leggings\/"},"modified":"2024-03-27T01:13:57","modified_gmt":"2024-03-27T01:13:57","slug":"s-shaper-seamless-high-waist-leggings","status":"publish","type":"product","link":"https:\/\/s-shaper.com\/de\/product\/s-shaper-seamless-high-waist-leggings\/","title":{"rendered":"S-SHAPER Nahtlose Leggings mit hoher Taille"},"content":{"rendered":"<p><img decoding=\"async\" src=\"https:\/\/s-shaper.com\/wp-content\/uploads\/2024\/03\/S0231.jpg\" width=\"750\" height=\"auto\" alt=\"\" title=\"\"><\/p>","protected":false},"excerpt":{"rendered":"<p>Diese nahtlosen Leggings mit hoher Taille wurden mit Blick auf die Funktionalit\u00e4t entworfen und bieten eine elegante Formgebung, die von der H\u00fcfte bis zu den Kn\u00f6cheln eine glatte, gl\u00e4nzende Silhouette schafft.<\/p>","protected":false},"featured_media":4595,"comment_status":"open","ping_status":"closed","template":"","meta":{"_acf_changed":false},"product_brand":[],"product_cat":[55,54],"product_tag":[62],"class_list":{"0":"post-4795","1":"product","2":"type-product","3":"status-publish","4":"has-post-thumbnail","6":"product_cat-butt","7":"product_cat-c-shape","8":"product_tag-pants","10":"first","11":"instock","12":"shipping-taxable","13":"purchasable","14":"product-type-simple"},"acf":[],"_links":{"self":[{"href":"https:\/\/s-shaper.com\/de\/wp-json\/wp\/v2\/product\/4795","targetHints":{"allow":["GET"]}}],"collection":[{"href":"https:\/\/s-shaper.com\/de\/wp-json\/wp\/v2\/product"}],"about":[{"href":"https:\/\/s-shaper.com\/de\/wp-json\/wp\/v2\/types\/product"}],"replies":[{"embeddable":true,"href":"https:\/\/s-shaper.com\/de\/wp-json\/wp\/v2\/comments?post=4795"}],"version-history":[{"count":6,"href":"https:\/\/s-shaper.com\/de\/wp-json\/wp\/v2\/product\/4795\/revisions"}],"predecessor-version":[{"id":5287,"href":"https:\/\/s-shaper.com\/de\/wp-json\/wp\/v2\/product\/4795\/revisions\/5287"}],"wp:featuredmedia":[{"embeddable":true,"href":"https:\/\/s-shaper.com\/de\/wp-json\/wp\/v2\/media\/4595"}],"wp:attachment":[{"href":"https:\/\/s-shaper.com\/de\/wp-json\/wp\/v2\/media?parent=4795"}],"wp:term":[{"taxonomy":"product_brand","embeddable":true,"href":"https:\/\/s-shaper.com\/de\/wp-json\/wp\/v2\/product_brand?post=4795"},{"taxonomy":"product_cat","embeddable":true,"href":"https:\/\/s-shaper.com\/de\/wp-json\/wp\/v2\/product_cat?post=4795"},{"taxonomy":"product_tag","embeddable":true,"href":"https:\/\/s-shaper.com\/de\/wp-json\/wp\/v2\/product_tag?post=4795"}],"curies":[{"name":"wp","href":"https:\/\/api.w.org\/{rel}","templated":true}]}}