{"id":4783,"date":"2024-03-26T08:43:05","date_gmt":"2024-03-26T08:43:05","guid":{"rendered":"https:\/\/s-shaper.com\/product\/s-shaper-postpartum-slimming-leggings\/"},"modified":"2024-03-27T01:13:52","modified_gmt":"2024-03-27T01:13:52","slug":"s-shaper-postpartum-slimming-leggings","status":"publish","type":"product","link":"https:\/\/s-shaper.com\/de\/product\/s-shaper-postpartum-slimming-leggings\/","title":{"rendered":"S-SHAPER Leggings zum Abnehmen nach der Geburt"},"content":{"rendered":"<p><img decoding=\"async\" src=\"https:\/\/s-shaper.com\/wp-content\/uploads\/2024\/03\/KDS10001A.jpg\" width=\"750\" height=\"auto\" alt=\"\" title=\"\"><\/p>","protected":false},"excerpt":{"rendered":"<p>Diese funktionellen Leggings f\u00fcr die Zeit nach der Geburt bieten eine sanfte Kompression und eine elegante Konturierung, die w\u00e4hrend der Genesung f\u00fcr optimalen Halt und einen glatten, gl\u00e4nzenden Look sorgt.<\/p>","protected":false},"featured_media":4481,"comment_status":"open","ping_status":"closed","template":"","meta":{"_acf_changed":false},"product_brand":[],"product_cat":[54,61],"product_tag":[40],"class_list":{"0":"post-4783","1":"product","2":"type-product","3":"status-publish","4":"has-post-thumbnail","6":"product_cat-c-shape","7":"product_cat-tummy","8":"product_tag-girdle","10":"first","11":"instock","12":"shipping-taxable","13":"purchasable","14":"product-type-simple"},"acf":[],"_links":{"self":[{"href":"https:\/\/s-shaper.com\/de\/wp-json\/wp\/v2\/product\/4783","targetHints":{"allow":["GET"]}}],"collection":[{"href":"https:\/\/s-shaper.com\/de\/wp-json\/wp\/v2\/product"}],"about":[{"href":"https:\/\/s-shaper.com\/de\/wp-json\/wp\/v2\/types\/product"}],"replies":[{"embeddable":true,"href":"https:\/\/s-shaper.com\/de\/wp-json\/wp\/v2\/comments?post=4783"}],"version-history":[{"count":6,"href":"https:\/\/s-shaper.com\/de\/wp-json\/wp\/v2\/product\/4783\/revisions"}],"predecessor-version":[{"id":5275,"href":"https:\/\/s-shaper.com\/de\/wp-json\/wp\/v2\/product\/4783\/revisions\/5275"}],"wp:featuredmedia":[{"embeddable":true,"href":"https:\/\/s-shaper.com\/de\/wp-json\/wp\/v2\/media\/4481"}],"wp:attachment":[{"href":"https:\/\/s-shaper.com\/de\/wp-json\/wp\/v2\/media?parent=4783"}],"wp:term":[{"taxonomy":"product_brand","embeddable":true,"href":"https:\/\/s-shaper.com\/de\/wp-json\/wp\/v2\/product_brand?post=4783"},{"taxonomy":"product_cat","embeddable":true,"href":"https:\/\/s-shaper.com\/de\/wp-json\/wp\/v2\/product_cat?post=4783"},{"taxonomy":"product_tag","embeddable":true,"href":"https:\/\/s-shaper.com\/de\/wp-json\/wp\/v2\/product_tag?post=4783"}],"curies":[{"name":"wp","href":"https:\/\/api.w.org\/{rel}","templated":true}]}}