{"id":4778,"date":"2024-03-26T08:43:03","date_gmt":"2024-03-26T08:43:03","guid":{"rendered":"https:\/\/s-shaper.com\/product\/s-shaper-long-sleeve-caffeine-infused-bodysuit\/"},"modified":"2024-03-27T01:13:50","modified_gmt":"2024-03-27T01:13:50","slug":"s-shaper-long-sleeve-caffeine-infused-bodysuit","status":"publish","type":"product","link":"https:\/\/s-shaper.com\/de\/product\/s-shaper-long-sleeve-caffeine-infused-bodysuit\/","title":{"rendered":"S-SHAPER Body Langarm mit Koffein"},"content":{"rendered":"<p><img decoding=\"async\" src=\"https:\/\/s-shaper.com\/wp-content\/uploads\/2024\/03\/B0441.jpg\" width=\"750\" height=\"auto\" alt=\"\" title=\"\"><\/p>","protected":false},"excerpt":{"rendered":"<p>Dieser koffeinhaltige, lang\u00e4rmelige Body wurde speziell f\u00fcr Spitzenleistungen entwickelt und bietet eine elegante Konturierung und einen glatten, polierten Look, w\u00e4hrend er gleichzeitig w\u00e4rmt.<\/p>","protected":false},"featured_media":4426,"comment_status":"open","ping_status":"closed","template":"","meta":{"_acf_changed":false},"product_brand":[],"product_cat":[54,58],"product_tag":[36],"class_list":{"0":"post-4778","1":"product","2":"type-product","3":"status-publish","4":"has-post-thumbnail","6":"product_cat-c-shape","7":"product_cat-full-body","8":"product_tag-bodysuits","10":"first","11":"instock","12":"shipping-taxable","13":"purchasable","14":"product-type-simple"},"acf":[],"_links":{"self":[{"href":"https:\/\/s-shaper.com\/de\/wp-json\/wp\/v2\/product\/4778","targetHints":{"allow":["GET"]}}],"collection":[{"href":"https:\/\/s-shaper.com\/de\/wp-json\/wp\/v2\/product"}],"about":[{"href":"https:\/\/s-shaper.com\/de\/wp-json\/wp\/v2\/types\/product"}],"replies":[{"embeddable":true,"href":"https:\/\/s-shaper.com\/de\/wp-json\/wp\/v2\/comments?post=4778"}],"version-history":[{"count":6,"href":"https:\/\/s-shaper.com\/de\/wp-json\/wp\/v2\/product\/4778\/revisions"}],"predecessor-version":[{"id":5270,"href":"https:\/\/s-shaper.com\/de\/wp-json\/wp\/v2\/product\/4778\/revisions\/5270"}],"wp:featuredmedia":[{"embeddable":true,"href":"https:\/\/s-shaper.com\/de\/wp-json\/wp\/v2\/media\/4426"}],"wp:attachment":[{"href":"https:\/\/s-shaper.com\/de\/wp-json\/wp\/v2\/media?parent=4778"}],"wp:term":[{"taxonomy":"product_brand","embeddable":true,"href":"https:\/\/s-shaper.com\/de\/wp-json\/wp\/v2\/product_brand?post=4778"},{"taxonomy":"product_cat","embeddable":true,"href":"https:\/\/s-shaper.com\/de\/wp-json\/wp\/v2\/product_cat?post=4778"},{"taxonomy":"product_tag","embeddable":true,"href":"https:\/\/s-shaper.com\/de\/wp-json\/wp\/v2\/product_tag?post=4778"}],"curies":[{"name":"wp","href":"https:\/\/api.w.org\/{rel}","templated":true}]}}