{"id":4769,"date":"2024-03-26T08:43:00","date_gmt":"2024-03-26T08:43:00","guid":{"rendered":"https:\/\/s-shaper.com\/product\/s-shaper-sauna-sweat-vest\/"},"modified":"2024-03-27T01:13:48","modified_gmt":"2024-03-27T01:13:48","slug":"s-shaper-sauna-sweat-vest","status":"publish","type":"product","link":"https:\/\/s-shaper.com\/de\/product\/s-shaper-sauna-sweat-vest\/","title":{"rendered":"S-SHAPER Sauna-Schwei\u00dfweste"},"content":{"rendered":"<p><img decoding=\"async\" src=\"https:\/\/s-shaper.com\/wp-content\/uploads\/2024\/03\/U0521.jpg\" width=\"750\" height=\"auto\" alt=\"\" title=\"\"><\/p>","protected":false},"excerpt":{"rendered":"<p>Diese Weste wurde speziell f\u00fcr den Saunabesuch entwickelt und f\u00f6rdert das Schwitzen und die Entgiftung, w\u00e4hrend sie Ihren Oberk\u00f6rper elegant umformt und f\u00fcr ein glattes, gl\u00e4nzendes Aussehen sorgt.<\/p>","protected":false},"featured_media":4329,"comment_status":"open","ping_status":"closed","template":"","meta":{"_acf_changed":false},"product_brand":[],"product_cat":[30,54],"product_tag":[57],"class_list":{"0":"post-4769","1":"product","2":"type-product","3":"status-publish","4":"has-post-thumbnail","6":"product_cat-bra-tops","7":"product_cat-c-shape","8":"product_tag-tops","10":"first","11":"instock","12":"shipping-taxable","13":"purchasable","14":"product-type-simple"},"acf":[],"_links":{"self":[{"href":"https:\/\/s-shaper.com\/de\/wp-json\/wp\/v2\/product\/4769","targetHints":{"allow":["GET"]}}],"collection":[{"href":"https:\/\/s-shaper.com\/de\/wp-json\/wp\/v2\/product"}],"about":[{"href":"https:\/\/s-shaper.com\/de\/wp-json\/wp\/v2\/types\/product"}],"replies":[{"embeddable":true,"href":"https:\/\/s-shaper.com\/de\/wp-json\/wp\/v2\/comments?post=4769"}],"version-history":[{"count":6,"href":"https:\/\/s-shaper.com\/de\/wp-json\/wp\/v2\/product\/4769\/revisions"}],"predecessor-version":[{"id":5261,"href":"https:\/\/s-shaper.com\/de\/wp-json\/wp\/v2\/product\/4769\/revisions\/5261"}],"wp:featuredmedia":[{"embeddable":true,"href":"https:\/\/s-shaper.com\/de\/wp-json\/wp\/v2\/media\/4329"}],"wp:attachment":[{"href":"https:\/\/s-shaper.com\/de\/wp-json\/wp\/v2\/media?parent=4769"}],"wp:term":[{"taxonomy":"product_brand","embeddable":true,"href":"https:\/\/s-shaper.com\/de\/wp-json\/wp\/v2\/product_brand?post=4769"},{"taxonomy":"product_cat","embeddable":true,"href":"https:\/\/s-shaper.com\/de\/wp-json\/wp\/v2\/product_cat?post=4769"},{"taxonomy":"product_tag","embeddable":true,"href":"https:\/\/s-shaper.com\/de\/wp-json\/wp\/v2\/product_tag?post=4769"}],"curies":[{"name":"wp","href":"https:\/\/api.w.org\/{rel}","templated":true}]}}