{"id":4756,"date":"2024-03-26T08:42:52","date_gmt":"2024-03-26T08:42:52","guid":{"rendered":"https:\/\/s-shaper.com\/product\/s-shaper-built-in-shapewear-long-sleeve-lounge-dress\/"},"modified":"2024-10-16T08:31:36","modified_gmt":"2024-10-16T08:31:36","slug":"s-shaper-built-in-shapewear-long-sleeve-lounge-dress","status":"publish","type":"product","link":"https:\/\/s-shaper.com\/de\/product\/s-shaper-built-in-shapewear-long-sleeve-lounge-dress\/","title":{"rendered":"S-SHAPER Eingebauter Shapewear Langarmblouse Lounge-Kleid"},"content":{"rendered":"<p><img decoding=\"async\" src=\"https:\/\/s-shaper.com\/wp-content\/uploads\/2024\/03\/SD503.jpg\" width=\"750\" height=\"auto\" alt=\"\" title=\"\"><\/p>","protected":false},"excerpt":{"rendered":"<p>Dieses lang\u00e4rmelige Lounge-Kleid mit integrierter Shapewear bietet W\u00e4rme und eine elegante Formgebung und sorgt f\u00fcr eine glatte, geschliffene Silhouette f\u00fcr ultimativen Komfort.<\/p>","protected":false},"featured_media":4194,"comment_status":"open","ping_status":"closed","template":"","meta":{"_acf_changed":false},"product_brand":[],"product_cat":[54,58],"product_tag":[59],"class_list":{"0":"post-4756","1":"product","2":"type-product","3":"status-publish","4":"has-post-thumbnail","6":"product_cat-c-shape","7":"product_cat-full-body","8":"product_tag-dresses","10":"first","11":"instock","12":"shipping-taxable","13":"purchasable","14":"product-type-simple"},"acf":[],"_links":{"self":[{"href":"https:\/\/s-shaper.com\/de\/wp-json\/wp\/v2\/product\/4756","targetHints":{"allow":["GET"]}}],"collection":[{"href":"https:\/\/s-shaper.com\/de\/wp-json\/wp\/v2\/product"}],"about":[{"href":"https:\/\/s-shaper.com\/de\/wp-json\/wp\/v2\/types\/product"}],"replies":[{"embeddable":true,"href":"https:\/\/s-shaper.com\/de\/wp-json\/wp\/v2\/comments?post=4756"}],"version-history":[{"count":6,"href":"https:\/\/s-shaper.com\/de\/wp-json\/wp\/v2\/product\/4756\/revisions"}],"predecessor-version":[{"id":5248,"href":"https:\/\/s-shaper.com\/de\/wp-json\/wp\/v2\/product\/4756\/revisions\/5248"}],"wp:featuredmedia":[{"embeddable":true,"href":"https:\/\/s-shaper.com\/de\/wp-json\/wp\/v2\/media\/4194"}],"wp:attachment":[{"href":"https:\/\/s-shaper.com\/de\/wp-json\/wp\/v2\/media?parent=4756"}],"wp:term":[{"taxonomy":"product_brand","embeddable":true,"href":"https:\/\/s-shaper.com\/de\/wp-json\/wp\/v2\/product_brand?post=4756"},{"taxonomy":"product_cat","embeddable":true,"href":"https:\/\/s-shaper.com\/de\/wp-json\/wp\/v2\/product_cat?post=4756"},{"taxonomy":"product_tag","embeddable":true,"href":"https:\/\/s-shaper.com\/de\/wp-json\/wp\/v2\/product_tag?post=4756"}],"curies":[{"name":"wp","href":"https:\/\/api.w.org\/{rel}","templated":true}]}}