{"id":4755,"date":"2024-03-26T08:42:52","date_gmt":"2024-03-26T08:42:52","guid":{"rendered":"https:\/\/s-shaper.com\/product\/s-shaper-built-in-shapewear-full-lounge-dresses\/"},"modified":"2024-03-27T01:13:42","modified_gmt":"2024-03-27T01:13:42","slug":"s-shaper-built-in-shapewear-full-lounge-dresses","status":"publish","type":"product","link":"https:\/\/s-shaper.com\/de\/product\/s-shaper-built-in-shapewear-full-lounge-dresses\/","title":{"rendered":"S-SHAPER Eingebaute Formbeschwerende Lange Loungekleider"},"content":{"rendered":"<p><img decoding=\"async\" src=\"https:\/\/s-shaper.com\/wp-content\/uploads\/2024\/03\/SD501.jpg\" width=\"750\" height=\"auto\" alt=\"\" title=\"\"><\/p>","protected":false},"excerpt":{"rendered":"<p>Diese Lounge-Kleider in voller L\u00e4nge wurden mit Blick auf eine moderne \u00c4sthetik entworfen und bieten integrierte Shapewear, die Ihre Silhouette elegant formt und f\u00fcr eine glatte, polierte \u00c4sthetik sorgt, w\u00e4hrend sie gleichzeitig Entspannung erm\u00f6glicht.<\/p>","protected":false},"featured_media":4188,"comment_status":"open","ping_status":"closed","template":"","meta":{"_acf_changed":false},"product_brand":[],"product_cat":[54,58],"product_tag":[59],"class_list":{"0":"post-4755","1":"product","2":"type-product","3":"status-publish","4":"has-post-thumbnail","6":"product_cat-c-shape","7":"product_cat-full-body","8":"product_tag-dresses","10":"first","11":"instock","12":"shipping-taxable","13":"purchasable","14":"product-type-simple"},"acf":[],"_links":{"self":[{"href":"https:\/\/s-shaper.com\/de\/wp-json\/wp\/v2\/product\/4755","targetHints":{"allow":["GET"]}}],"collection":[{"href":"https:\/\/s-shaper.com\/de\/wp-json\/wp\/v2\/product"}],"about":[{"href":"https:\/\/s-shaper.com\/de\/wp-json\/wp\/v2\/types\/product"}],"replies":[{"embeddable":true,"href":"https:\/\/s-shaper.com\/de\/wp-json\/wp\/v2\/comments?post=4755"}],"version-history":[{"count":6,"href":"https:\/\/s-shaper.com\/de\/wp-json\/wp\/v2\/product\/4755\/revisions"}],"predecessor-version":[{"id":5247,"href":"https:\/\/s-shaper.com\/de\/wp-json\/wp\/v2\/product\/4755\/revisions\/5247"}],"wp:featuredmedia":[{"embeddable":true,"href":"https:\/\/s-shaper.com\/de\/wp-json\/wp\/v2\/media\/4188"}],"wp:attachment":[{"href":"https:\/\/s-shaper.com\/de\/wp-json\/wp\/v2\/media?parent=4755"}],"wp:term":[{"taxonomy":"product_brand","embeddable":true,"href":"https:\/\/s-shaper.com\/de\/wp-json\/wp\/v2\/product_brand?post=4755"},{"taxonomy":"product_cat","embeddable":true,"href":"https:\/\/s-shaper.com\/de\/wp-json\/wp\/v2\/product_cat?post=4755"},{"taxonomy":"product_tag","embeddable":true,"href":"https:\/\/s-shaper.com\/de\/wp-json\/wp\/v2\/product_tag?post=4755"}],"curies":[{"name":"wp","href":"https:\/\/api.w.org\/{rel}","templated":true}]}}