{"id":4748,"date":"2024-03-26T08:42:49","date_gmt":"2024-03-26T08:42:49","guid":{"rendered":"https:\/\/s-shaper.com\/product\/s-shaper-seamless-sculpt-open-bust-bodysuit\/"},"modified":"2024-03-27T01:13:39","modified_gmt":"2024-03-27T01:13:39","slug":"s-shaper-seamless-sculpt-open-bust-bodysuit","status":"publish","type":"product","link":"https:\/\/s-shaper.com\/de\/product\/s-shaper-seamless-sculpt-open-bust-bodysuit\/","title":{"rendered":"S-SHAPER Nahtlose Silhouette formender Bodysuit mit offenem Brustbereich"},"content":{"rendered":"<p><img decoding=\"async\" src=\"https:\/\/s-shaper.com\/wp-content\/uploads\/2024\/03\/SS507.jpg\" width=\"750\" height=\"auto\" alt=\"\" title=\"\"><\/p>","protected":false},"excerpt":{"rendered":"<p>Dieser nahtlose, pr\u00e4zise gefertigte Body mit offener B\u00fcste erm\u00f6glicht ein vielseitiges Styling und formt elegant die Konturen Ihres Mittel- und Unterk\u00f6rpers f\u00fcr einen glatten, gl\u00e4nzenden Look.<\/p>","protected":false},"featured_media":4097,"comment_status":"open","ping_status":"closed","template":"","meta":{"_acf_changed":false},"product_brand":[],"product_cat":[54,58],"product_tag":[36],"class_list":{"0":"post-4748","1":"product","2":"type-product","3":"status-publish","4":"has-post-thumbnail","6":"product_cat-c-shape","7":"product_cat-full-body","8":"product_tag-bodysuits","10":"first","11":"instock","12":"shipping-taxable","13":"purchasable","14":"product-type-simple"},"acf":[],"_links":{"self":[{"href":"https:\/\/s-shaper.com\/de\/wp-json\/wp\/v2\/product\/4748","targetHints":{"allow":["GET"]}}],"collection":[{"href":"https:\/\/s-shaper.com\/de\/wp-json\/wp\/v2\/product"}],"about":[{"href":"https:\/\/s-shaper.com\/de\/wp-json\/wp\/v2\/types\/product"}],"replies":[{"embeddable":true,"href":"https:\/\/s-shaper.com\/de\/wp-json\/wp\/v2\/comments?post=4748"}],"version-history":[{"count":6,"href":"https:\/\/s-shaper.com\/de\/wp-json\/wp\/v2\/product\/4748\/revisions"}],"predecessor-version":[{"id":5240,"href":"https:\/\/s-shaper.com\/de\/wp-json\/wp\/v2\/product\/4748\/revisions\/5240"}],"wp:featuredmedia":[{"embeddable":true,"href":"https:\/\/s-shaper.com\/de\/wp-json\/wp\/v2\/media\/4097"}],"wp:attachment":[{"href":"https:\/\/s-shaper.com\/de\/wp-json\/wp\/v2\/media?parent=4748"}],"wp:term":[{"taxonomy":"product_brand","embeddable":true,"href":"https:\/\/s-shaper.com\/de\/wp-json\/wp\/v2\/product_brand?post=4748"},{"taxonomy":"product_cat","embeddable":true,"href":"https:\/\/s-shaper.com\/de\/wp-json\/wp\/v2\/product_cat?post=4748"},{"taxonomy":"product_tag","embeddable":true,"href":"https:\/\/s-shaper.com\/de\/wp-json\/wp\/v2\/product_tag?post=4748"}],"curies":[{"name":"wp","href":"https:\/\/api.w.org\/{rel}","templated":true}]}}