{"id":4746,"date":"2024-03-26T08:42:49","date_gmt":"2024-03-26T08:42:49","guid":{"rendered":"https:\/\/s-shaper.com\/product\/s-shaper-seamless-sculpt-strapless-brief-bodysuit\/"},"modified":"2024-03-27T01:13:39","modified_gmt":"2024-03-27T01:13:39","slug":"s-shaper-seamless-sculpt-strapless-brief-bodysuit","status":"publish","type":"product","link":"https:\/\/s-shaper.com\/de\/product\/s-shaper-seamless-sculpt-strapless-brief-bodysuit\/","title":{"rendered":"S-SHAPER Nahtloser Sculpt Strapless Brief Bodysuit"},"content":{"rendered":"<p><img decoding=\"async\" src=\"https:\/\/s-shaper.com\/wp-content\/uploads\/2024\/03\/SS002.jpg\" width=\"750\" height=\"auto\" alt=\"\" title=\"\"><\/p>","protected":false},"excerpt":{"rendered":"<p>Dieser tr\u00e4gerlose, nahtlose Body mit kurzer Bedeckung wurde mit Blick auf eine moderne \u00c4sthetik entworfen und bietet eine elegante Konturierung ohne die Notwendigkeit von Tr\u00e4gern, was zu einem glatten, polierten Look f\u00fchrt.<\/p>","protected":false},"featured_media":4074,"comment_status":"open","ping_status":"closed","template":"","meta":{"_acf_changed":false},"product_brand":[],"product_cat":[54,58],"product_tag":[36],"class_list":{"0":"post-4746","1":"product","2":"type-product","3":"status-publish","4":"has-post-thumbnail","6":"product_cat-c-shape","7":"product_cat-full-body","8":"product_tag-bodysuits","10":"first","11":"instock","12":"shipping-taxable","13":"purchasable","14":"product-type-simple"},"acf":[],"_links":{"self":[{"href":"https:\/\/s-shaper.com\/de\/wp-json\/wp\/v2\/product\/4746","targetHints":{"allow":["GET"]}}],"collection":[{"href":"https:\/\/s-shaper.com\/de\/wp-json\/wp\/v2\/product"}],"about":[{"href":"https:\/\/s-shaper.com\/de\/wp-json\/wp\/v2\/types\/product"}],"replies":[{"embeddable":true,"href":"https:\/\/s-shaper.com\/de\/wp-json\/wp\/v2\/comments?post=4746"}],"version-history":[{"count":6,"href":"https:\/\/s-shaper.com\/de\/wp-json\/wp\/v2\/product\/4746\/revisions"}],"predecessor-version":[{"id":5238,"href":"https:\/\/s-shaper.com\/de\/wp-json\/wp\/v2\/product\/4746\/revisions\/5238"}],"wp:featuredmedia":[{"embeddable":true,"href":"https:\/\/s-shaper.com\/de\/wp-json\/wp\/v2\/media\/4074"}],"wp:attachment":[{"href":"https:\/\/s-shaper.com\/de\/wp-json\/wp\/v2\/media?parent=4746"}],"wp:term":[{"taxonomy":"product_brand","embeddable":true,"href":"https:\/\/s-shaper.com\/de\/wp-json\/wp\/v2\/product_brand?post=4746"},{"taxonomy":"product_cat","embeddable":true,"href":"https:\/\/s-shaper.com\/de\/wp-json\/wp\/v2\/product_cat?post=4746"},{"taxonomy":"product_tag","embeddable":true,"href":"https:\/\/s-shaper.com\/de\/wp-json\/wp\/v2\/product_tag?post=4746"}],"curies":[{"name":"wp","href":"https:\/\/api.w.org\/{rel}","templated":true}]}}